{"id":15911,"date":"2026-03-12T09:34:22","date_gmt":"2026-03-12T07:34:22","guid":{"rendered":"https:\/\/duckdeco.lt\/?post_type=product&#038;p=15911"},"modified":"2026-03-12T09:34:23","modified_gmt":"2026-03-12T07:34:23","slug":"sieninis-veidrodis","status":"publish","type":"product","link":"https:\/\/duckdeco.lt\/en\/product\/sieninis-veidrodis\/","title":{"rendered":"Sieninis veidrodis"},"content":{"rendered":"<ul>\n<li class=\"lRu31\" dir=\"ltr\"><span class=\"HwtZe\" lang=\"lt\"><span class=\"HwtZe\" lang=\"lt\"><span class=\"HwtZe\" lang=\"lt\"><span class=\"jCAhz ChMk0b\"><span class=\"ryNqvb\">Prek\u0117s \u017eenklo \u201eClayre &amp; Eef\u201c sieninis veidrodis &#8211; nesenstanti klasika, kuri kartu persipina su modernizmu. D\u0117l savo stiliaus ir prakti\u0161ko dizaino puikiai der\u0117s tiek koridoriuje, svetain\u0117je ar vonios kambaryje.\u00a0<\/span><\/span><\/span><\/span><\/span><\/li>\n<li class=\"lRu31\" dir=\"ltr\"><span class=\"HwtZe\" lang=\"lt\"><span class=\"HwtZe\" lang=\"lt\"><span class=\"HwtZe\" lang=\"lt\"><span class=\"jCAhz ChMk0b\"><span class=\"ryNqvb\">Detal\u0117s: med\u017eiaga &#8211;\u00a0<\/span><\/span><\/span><\/span><\/span> plastikas \/ stiklas.<\/li>\n<li class=\"lRu31\" dir=\"ltr\">Spalva &#8211; juoda.<br \/>\n<table width=\"405\">\n<tbody>\n<tr>\n<td width=\"91\">I\u0161matavimai: Skersmuo 19 cm.<\/td>\n<\/tr>\n<\/tbody>\n<\/table>\n<p>&nbsp;<\/li>\n<\/ul>\n<nav class=\"VlPnLc\" aria-labelledby=\"ucc-47\"><\/nav>","protected":false},"excerpt":{"rendered":"<p>Prek\u0117s \u017eenklo \u201eClayre &amp; Eef\u201c sieninis veidrodis &#8211; nesenstanti klasika, kuri kartu persipina su modernizmu. D\u0117l savo stiliaus ir prakti\u0161ko dizaino puikiai der\u0117s tiek koridoriuje, svetain\u0117je ar vonios kambaryje.\u00a0 Detal\u0117s: med\u017eiaga &#8211;\u00a0 plastikas \/ stiklas. Spalva &#8211; juoda. I\u0161matavimai: Skersmuo 19 cm. &nbsp;<\/p>","protected":false},"featured_media":15912,"template":"","meta":{"_monsterinsights_skip_tracking":false,"_monsterinsights_sitenote_active":false,"_monsterinsights_sitenote_note":"","_monsterinsights_sitenote_category":0},"product_brand":[],"product_cat":[95,118],"product_tag":[543],"class_list":{"0":"post-15911","1":"product","2":"type-product","3":"status-publish","4":"has-post-thumbnail","6":"product_cat-interjerui","7":"product_cat-veidrodziai","8":"product_tag-sieninis-veidrodis","10":"first","11":"instock","12":"taxable","13":"shipping-taxable","14":"purchasable","15":"product-type-simple"},"_links":{"self":[{"href":"https:\/\/duckdeco.lt\/en\/wp-json\/wp\/v2\/product\/15911","targetHints":{"allow":["GET"]}}],"collection":[{"href":"https:\/\/duckdeco.lt\/en\/wp-json\/wp\/v2\/product"}],"about":[{"href":"https:\/\/duckdeco.lt\/en\/wp-json\/wp\/v2\/types\/product"}],"version-history":[{"count":1,"href":"https:\/\/duckdeco.lt\/en\/wp-json\/wp\/v2\/product\/15911\/revisions"}],"predecessor-version":[{"id":15914,"href":"https:\/\/duckdeco.lt\/en\/wp-json\/wp\/v2\/product\/15911\/revisions\/15914"}],"wp:featuredmedia":[{"embeddable":true,"href":"https:\/\/duckdeco.lt\/en\/wp-json\/wp\/v2\/media\/15912"}],"wp:attachment":[{"href":"https:\/\/duckdeco.lt\/en\/wp-json\/wp\/v2\/media?parent=15911"}],"wp:term":[{"taxonomy":"product_brand","embeddable":true,"href":"https:\/\/duckdeco.lt\/en\/wp-json\/wp\/v2\/product_brand?post=15911"},{"taxonomy":"product_cat","embeddable":true,"href":"https:\/\/duckdeco.lt\/en\/wp-json\/wp\/v2\/product_cat?post=15911"},{"taxonomy":"product_tag","embeddable":true,"href":"https:\/\/duckdeco.lt\/en\/wp-json\/wp\/v2\/product_tag?post=15911"}],"curies":[{"name":"wp","href":"https:\/\/api.w.org\/{rel}","templated":true}]}}