{"id":15919,"date":"2026-03-12T10:41:00","date_gmt":"2026-03-12T08:41:00","guid":{"rendered":"https:\/\/duckdeco.lt\/?post_type=product&#038;p=15919"},"modified":"2026-04-07T08:41:17","modified_gmt":"2026-04-07T05:41:17","slug":"papuosalu-laikiklis","status":"publish","type":"product","link":"https:\/\/duckdeco.lt\/en\/product\/papuosalu-laikiklis\/","title":{"rendered":"Papuo\u0161al\u0173 laikiklis"},"content":{"rendered":"<ul>\n<li><span class=\"HwtZe\" lang=\"lt\"><span class=\"HwtZe\" lang=\"lt\"><span class=\"jCAhz ChMk0b\"><span class=\"ryNqvb\">Prek\u0117s \u017eenklo \u201eClayre &amp; Eef\u201c manekeno formos papuo\u0161al\u0173 laikiklis, dekoratyvus ir prakti\u0161kas vonios kambario ar miegamojo papildymas. <\/span><\/span><\/span><\/span><\/li>\n<li><span class=\"HwtZe\" lang=\"lt\"><span class=\"HwtZe\" lang=\"lt\"><span class=\"jCAhz ChMk0b\"><span class=\"ryNqvb\">Detal\u0117s: med\u017eiaga &#8211; mediena \/ metalas. <\/span><\/span><\/span><\/span><\/li>\n<li><span class=\"HwtZe\" lang=\"lt\"><span class=\"HwtZe\" lang=\"lt\"><span class=\"jCAhz ChMk0b\"><span class=\"ryNqvb\">Spalva &#8211; \u0161viesi violetin\u0117.\u00a0<\/span><\/span><\/span><\/span><br \/>\n<table width=\"405\">\n<tbody>\n<tr>\n<td width=\"91\">I\u0161matavimai: Ilgis 12 cm\/ Plotis 12 cm \/ Auk\u0161tis 39 cm<\/td>\n<\/tr>\n<\/tbody>\n<\/table>\n<p>&nbsp;<\/li>\n<\/ul>","protected":false},"excerpt":{"rendered":"<p>Prek\u0117s \u017eenklo \u201eClayre &amp; Eef\u201c manekeno formos papuo\u0161al\u0173 laikiklis, dekoratyvus ir prakti\u0161kas vonios kambario ar miegamojo papildymas. Detal\u0117s: med\u017eiaga &#8211; mediena \/ metalas. Spalva &#8211; \u0161viesi violetin\u0117.\u00a0 I\u0161matavimai: Ilgis 12 cm\/ Plotis 12 cm \/ Auk\u0161tis 39 cm &nbsp;<\/p>","protected":false},"featured_media":15920,"template":"","meta":{"_monsterinsights_skip_tracking":false,"_monsterinsights_sitenote_active":false,"_monsterinsights_sitenote_note":"","_monsterinsights_sitenote_category":0},"product_brand":[],"product_cat":[95],"product_tag":[544],"class_list":{"0":"post-15919","1":"product","2":"type-product","3":"status-publish","4":"has-post-thumbnail","6":"product_cat-interjerui","7":"product_tag-papuosalu-laikiklis","9":"first","10":"instock","11":"taxable","12":"shipping-taxable","13":"purchasable","14":"product-type-simple"},"_links":{"self":[{"href":"https:\/\/duckdeco.lt\/en\/wp-json\/wp\/v2\/product\/15919","targetHints":{"allow":["GET"]}}],"collection":[{"href":"https:\/\/duckdeco.lt\/en\/wp-json\/wp\/v2\/product"}],"about":[{"href":"https:\/\/duckdeco.lt\/en\/wp-json\/wp\/v2\/types\/product"}],"version-history":[{"count":1,"href":"https:\/\/duckdeco.lt\/en\/wp-json\/wp\/v2\/product\/15919\/revisions"}],"predecessor-version":[{"id":15922,"href":"https:\/\/duckdeco.lt\/en\/wp-json\/wp\/v2\/product\/15919\/revisions\/15922"}],"wp:featuredmedia":[{"embeddable":true,"href":"https:\/\/duckdeco.lt\/en\/wp-json\/wp\/v2\/media\/15920"}],"wp:attachment":[{"href":"https:\/\/duckdeco.lt\/en\/wp-json\/wp\/v2\/media?parent=15919"}],"wp:term":[{"taxonomy":"product_brand","embeddable":true,"href":"https:\/\/duckdeco.lt\/en\/wp-json\/wp\/v2\/product_brand?post=15919"},{"taxonomy":"product_cat","embeddable":true,"href":"https:\/\/duckdeco.lt\/en\/wp-json\/wp\/v2\/product_cat?post=15919"},{"taxonomy":"product_tag","embeddable":true,"href":"https:\/\/duckdeco.lt\/en\/wp-json\/wp\/v2\/product_tag?post=15919"}],"curies":[{"name":"wp","href":"https:\/\/api.w.org\/{rel}","templated":true}]}}