{"id":15929,"date":"2026-03-12T11:33:01","date_gmt":"2026-03-12T09:33:01","guid":{"rendered":"https:\/\/duckdeco.lt\/?post_type=product&#038;p=15929"},"modified":"2026-03-12T11:33:01","modified_gmt":"2026-03-12T09:33:01","slug":"zvakide-namelis-3","status":"publish","type":"product","link":"https:\/\/duckdeco.lt\/en\/product\/zvakide-namelis-3\/","title":{"rendered":"\u017dvakid\u0117 &#8211; namelis"},"content":{"rendered":"<div class=\"QFw9Te BLojaf\">\n<ul>\n<li><span class=\"HwtZe\" lang=\"lt\"><span class=\"jCAhz ChMk0b\"><span class=\"ryNqvb\">Suteikite savo interjerui \u017eavesio ir \u0161ilumos su gra\u017eia namelio formos \u017evakide.\u00a0<\/span><\/span><span class=\"jCAhz ChMk0b\"><span class=\"ryNqvb\">\u0160is unikalus nam\u0173 dekoro elementas &#8211; tobulas nuotaikos k\u016br\u0117jas j\u016bs\u0173 namams.<\/span><\/span>\u00a0<span class=\"jCAhz ChMk0b\"><span class=\"ryNqvb\">\u012ed\u0117kite \u017evak\u0119 \u012f laikikl\u012f ir leiskite \u0161iltai \u0161viesai sklisti pro \u017eavingus ma\u017eus langelius, sukurdami \u0161ilt\u0105 ir jauk\u0173 efekt\u0105.<\/span><\/span><span class=\"jCAhz ChMk0b\"><span class=\"ryNqvb\">\u00a0<\/span><\/span><span class=\"jCAhz ChMk0b\"><span class=\"ryNqvb\">Derindami arbatin\u0119 \u017evakid\u0119 su kitais elementais, sukursite \u017eaisming\u0105 vaizd\u0105 savo interjere. <\/span><\/span><\/span><\/li>\n<li><span class=\"HwtZe\" lang=\"lt\"><span class=\"jCAhz ChMk0b\"><span class=\"ryNqvb\">Detal\u0117s: keramika. <\/span><\/span><\/span><\/li>\n<li><span class=\"HwtZe\" lang=\"lt\"><span class=\"jCAhz ChMk0b\"><span class=\"ryNqvb\">Spalva \u2013 \u0161viesi m\u0117lyna \/ ruda.\u00a0<\/span><\/span><\/span><\/li>\n<\/ul>\n<table width=\"457\">\n<tbody>\n<tr>\n<td width=\"91\">I\u0161matavimai: Ilgis 13 cm \/ Plotis 9 cm \/ Auk\u0161tis 22 cm<\/td>\n<\/tr>\n<\/tbody>\n<\/table>\n<\/div>","protected":false},"excerpt":{"rendered":"<p>Suteikite savo interjerui \u017eavesio ir \u0161ilumos su gra\u017eia namelio formos \u017evakide.\u00a0\u0160is unikalus nam\u0173 dekoro elementas &#8211; tobulas nuotaikos k\u016br\u0117jas j\u016bs\u0173 namams.\u00a0\u012ed\u0117kite \u017evak\u0119 \u012f laikikl\u012f ir leiskite \u0161iltai \u0161viesai sklisti pro \u017eavingus ma\u017eus langelius, sukurdami \u0161ilt\u0105 ir jauk\u0173 efekt\u0105.\u00a0Derindami arbatin\u0119 \u017evakid\u0119 su kitais elementais, sukursite \u017eaisming\u0105 vaizd\u0105 savo interjere. Detal\u0117s: keramika. Spalva \u2013 \u0161viesi m\u0117lyna \/ &hellip; <br \/><a href=\"https:\/\/duckdeco.lt\/en\/product\/zvakide-namelis-3\/\" class=\"more-link\">Continue reading <span class=\"screen-reader-text\">\u017dvakid\u0117 &#8211; namelis<\/span><\/a><\/p>","protected":false},"featured_media":15930,"template":"","meta":{"_monsterinsights_skip_tracking":false,"_monsterinsights_sitenote_active":false,"_monsterinsights_sitenote_note":"","_monsterinsights_sitenote_category":0},"product_brand":[],"product_cat":[95,107],"product_tag":[545],"class_list":{"0":"post-15929","1":"product","2":"type-product","3":"status-publish","4":"has-post-thumbnail","6":"product_cat-interjerui","7":"product_cat-stilingos-zvakides-zvakes","8":"product_tag-zvakide-namelis","10":"first","11":"instock","12":"taxable","13":"shipping-taxable","14":"purchasable","15":"product-type-simple"},"_links":{"self":[{"href":"https:\/\/duckdeco.lt\/en\/wp-json\/wp\/v2\/product\/15929","targetHints":{"allow":["GET"]}}],"collection":[{"href":"https:\/\/duckdeco.lt\/en\/wp-json\/wp\/v2\/product"}],"about":[{"href":"https:\/\/duckdeco.lt\/en\/wp-json\/wp\/v2\/types\/product"}],"version-history":[{"count":1,"href":"https:\/\/duckdeco.lt\/en\/wp-json\/wp\/v2\/product\/15929\/revisions"}],"predecessor-version":[{"id":15932,"href":"https:\/\/duckdeco.lt\/en\/wp-json\/wp\/v2\/product\/15929\/revisions\/15932"}],"wp:featuredmedia":[{"embeddable":true,"href":"https:\/\/duckdeco.lt\/en\/wp-json\/wp\/v2\/media\/15930"}],"wp:attachment":[{"href":"https:\/\/duckdeco.lt\/en\/wp-json\/wp\/v2\/media?parent=15929"}],"wp:term":[{"taxonomy":"product_brand","embeddable":true,"href":"https:\/\/duckdeco.lt\/en\/wp-json\/wp\/v2\/product_brand?post=15929"},{"taxonomy":"product_cat","embeddable":true,"href":"https:\/\/duckdeco.lt\/en\/wp-json\/wp\/v2\/product_cat?post=15929"},{"taxonomy":"product_tag","embeddable":true,"href":"https:\/\/duckdeco.lt\/en\/wp-json\/wp\/v2\/product_tag?post=15929"}],"curies":[{"name":"wp","href":"https:\/\/api.w.org\/{rel}","templated":true}]}}