{"id":15933,"date":"2026-03-12T12:06:20","date_gmt":"2026-03-12T10:06:20","guid":{"rendered":"https:\/\/duckdeco.lt\/?post_type=product&#038;p=15933"},"modified":"2026-04-24T14:43:14","modified_gmt":"2026-04-24T11:43:14","slug":"vaza-harmony","status":"publish","type":"product","link":"https:\/\/duckdeco.lt\/en\/product\/vaza-harmony\/","title":{"rendered":"Vaza Harmony"},"content":{"rendered":"<ul>\n<li class=\"lRu31\" dir=\"ltr\"><span class=\"HwtZe\" lang=\"lt\"><span class=\"HwtZe\" lang=\"lt\"><span class=\"jCAhz ChMk0b\"><span class=\"ryNqvb\">Prek\u0117s \u017eenklo \u201eClayre &amp; Eef\u201c vaza derina nesenstan\u010di\u0105 elegancij\u0105 su \u017eavingu kaimi\u0161ku stiliumi.<\/span><\/span> <span class=\"jCAhz ChMk0b\"><span class=\"ryNqvb\">\u0160velnus sm\u0117lio spalvos atspalvis ir subtil\u016bs, rankomis tapyti nat\u016brali\u0173 spalv\u0173 g\u0117li\u0173 motyvai \u012f J\u016bs\u0173 namus \u012fne\u0161 gamtos ir romantikos prisilietim\u0105.<\/span><\/span> <\/span><\/span><\/li>\n<li class=\"lRu31\" dir=\"ltr\"><span class=\"HwtZe\" lang=\"lt\"><span class=\"HwtZe\" lang=\"lt\"><span class=\"jCAhz ChMk0b\"><span class=\"ryNqvb\">Harmoninga spalv\u0173 gama puikiai dera prie skirting\u0173 stili\u0173, nesvarbu, ar ji stov\u0117s ant valgomojo stalo, palang\u0117s, ar kaip pagrindinis svetain\u0117s elementas, \u0161i vaza taps ak\u012f traukian\u010diu akcentu J\u016bs\u0173 erdv\u0117je.\u00a0<\/span><\/span><\/span><\/span><\/li>\n<li class=\"lRu31\" dir=\"ltr\"><span class=\"HwtZe\" lang=\"lt\"><span class=\"HwtZe\" lang=\"lt\"><span class=\"jCAhz ChMk0b\"><span class=\"ryNqvb\">Detal\u0117s: med\u017eiaga &#8211; keramika. <\/span><\/span><\/span><\/span><\/li>\n<li class=\"lRu31\" dir=\"ltr\"><span class=\"HwtZe\" lang=\"lt\"><span class=\"HwtZe\" lang=\"lt\"><span class=\"jCAhz ChMk0b\"><span class=\"ryNqvb\">Spalva &#8211; kremin\u0117\/ \u012fvairiaspalvis.\u00a0<\/span><\/span><\/span><\/span><\/li>\n<\/ul>\n<div class=\"lRu31\" dir=\"ltr\">\n<table width=\"457\">\n<tbody>\n<tr>\n<td width=\"91\">I\u0161matavimai: Skersmuo 17 cm \/ Auk\u0161tis 30 cm.<\/td>\n<\/tr>\n<\/tbody>\n<\/table>\n<\/div>","protected":false},"excerpt":{"rendered":"<p>Prek\u0117s \u017eenklo \u201eClayre &amp; Eef\u201c vaza derina nesenstan\u010di\u0105 elegancij\u0105 su \u017eavingu kaimi\u0161ku stiliumi. \u0160velnus sm\u0117lio spalvos atspalvis ir subtil\u016bs, rankomis tapyti nat\u016brali\u0173 spalv\u0173 g\u0117li\u0173 motyvai \u012f J\u016bs\u0173 namus \u012fne\u0161 gamtos ir romantikos prisilietim\u0105. Harmoninga spalv\u0173 gama puikiai dera prie skirting\u0173 stili\u0173, nesvarbu, ar ji stov\u0117s ant valgomojo stalo, palang\u0117s, ar kaip pagrindinis svetain\u0117s elementas, \u0161i &hellip; <br \/><a href=\"https:\/\/duckdeco.lt\/en\/product\/vaza-harmony\/\" class=\"more-link\">Continue reading <span class=\"screen-reader-text\">Vaza Harmony<\/span><\/a><\/p>","protected":false},"featured_media":15934,"template":"","meta":{"_monsterinsights_skip_tracking":false,"_monsterinsights_sitenote_active":false,"_monsterinsights_sitenote_note":"","_monsterinsights_sitenote_category":0},"product_brand":[],"product_cat":[103,101],"product_tag":[],"class_list":{"0":"post-15933","1":"product","2":"type-product","3":"status-publish","4":"has-post-thumbnail","6":"product_cat-dovanu-idejos","7":"product_cat-vazos","9":"first","10":"outofstock","11":"taxable","12":"shipping-taxable","13":"purchasable","14":"product-type-simple"},"_links":{"self":[{"href":"https:\/\/duckdeco.lt\/en\/wp-json\/wp\/v2\/product\/15933","targetHints":{"allow":["GET"]}}],"collection":[{"href":"https:\/\/duckdeco.lt\/en\/wp-json\/wp\/v2\/product"}],"about":[{"href":"https:\/\/duckdeco.lt\/en\/wp-json\/wp\/v2\/types\/product"}],"version-history":[{"count":1,"href":"https:\/\/duckdeco.lt\/en\/wp-json\/wp\/v2\/product\/15933\/revisions"}],"predecessor-version":[{"id":15937,"href":"https:\/\/duckdeco.lt\/en\/wp-json\/wp\/v2\/product\/15933\/revisions\/15937"}],"wp:featuredmedia":[{"embeddable":true,"href":"https:\/\/duckdeco.lt\/en\/wp-json\/wp\/v2\/media\/15934"}],"wp:attachment":[{"href":"https:\/\/duckdeco.lt\/en\/wp-json\/wp\/v2\/media?parent=15933"}],"wp:term":[{"taxonomy":"product_brand","embeddable":true,"href":"https:\/\/duckdeco.lt\/en\/wp-json\/wp\/v2\/product_brand?post=15933"},{"taxonomy":"product_cat","embeddable":true,"href":"https:\/\/duckdeco.lt\/en\/wp-json\/wp\/v2\/product_cat?post=15933"},{"taxonomy":"product_tag","embeddable":true,"href":"https:\/\/duckdeco.lt\/en\/wp-json\/wp\/v2\/product_tag?post=15933"}],"curies":[{"name":"wp","href":"https:\/\/api.w.org\/{rel}","templated":true}]}}