{"id":15945,"date":"2026-03-12T14:07:47","date_gmt":"2026-03-12T12:07:47","guid":{"rendered":"https:\/\/duckdeco.lt\/?post_type=product&#038;p=15945"},"modified":"2026-03-12T14:07:47","modified_gmt":"2026-03-12T12:07:47","slug":"zvakide-namelis-5","status":"publish","type":"product","link":"https:\/\/duckdeco.lt\/en\/product\/zvakide-namelis-5\/","title":{"rendered":"\u017dvakid\u0117 &#8211; namelis"},"content":{"rendered":"<p>&nbsp;<\/p>\n<ul>\n<li><span class=\"HwtZe\" lang=\"lt\"><span class=\"jCAhz ChMk0b\"><span class=\"ryNqvb\">Suteikite savo interjerui \u017eavesio ir \u0161ilumos su \u0161ia spalvinga namelio formos \u017evakide. \u0160i arbatin\u0117 \u017evakid\u0117 \u2013 tobulas nuotaikos k\u016br\u0117jas, kurio reikia j\u016bs\u0173 namams. <\/span><\/span><\/span><span class=\"HwtZe\" lang=\"lt\"><span class=\"jCAhz ChMk0b\"><span class=\"ryNqvb\">\u012ed\u0117kite \u017evak\u0119 \u012f laikikl\u012f ir leiskite \u0161iltai \u0161viesai sklisti pro \u017eavingus ma\u017eus langelius, sukurdami \u0161ilt\u0105 ir jauk\u0173 efekt\u0105.<\/span><\/span><span class=\"jCAhz ChMk0b\"><span class=\"ryNqvb\"> \u0160ias arbatines \u017evakides smagu derinti su kitomis \u017evakid\u0117mis, kad sukurtum\u0117te smagi\u0105 kompozicij\u0105.<\/span><\/span><\/span><\/li>\n<li><span class=\"HwtZe\" lang=\"lt\"><span class=\"jCAhz ChMk0b\"><span class=\"ryNqvb\">Detal\u0117s: keramika. <\/span><\/span><\/span><\/li>\n<li><span class=\"HwtZe\" lang=\"lt\"><span class=\"jCAhz ChMk0b\"><span class=\"ryNqvb\">Spalva \u2013 pilka.<\/span><\/span><\/span><\/li>\n<\/ul>\n<table width=\"457\">\n<tbody>\n<tr>\n<td width=\"91\">I\u0161matavimai: Ilgis 15 cm \/ Plotis 10 cm \/ Auk\u0161tis 17 cm.<\/td>\n<\/tr>\n<\/tbody>\n<\/table>\n<p>&nbsp;<\/p>","protected":false},"excerpt":{"rendered":"<p>&nbsp; Suteikite savo interjerui \u017eavesio ir \u0161ilumos su \u0161ia spalvinga namelio formos \u017evakide. \u0160i arbatin\u0117 \u017evakid\u0117 \u2013 tobulas nuotaikos k\u016br\u0117jas, kurio reikia j\u016bs\u0173 namams. \u012ed\u0117kite \u017evak\u0119 \u012f laikikl\u012f ir leiskite \u0161iltai \u0161viesai sklisti pro \u017eavingus ma\u017eus langelius, sukurdami \u0161ilt\u0105 ir jauk\u0173 efekt\u0105. \u0160ias arbatines \u017evakides smagu derinti su kitomis \u017evakid\u0117mis, kad sukurtum\u0117te smagi\u0105 kompozicij\u0105. Detal\u0117s: &hellip; <br \/><a href=\"https:\/\/duckdeco.lt\/en\/product\/zvakide-namelis-5\/\" class=\"more-link\">Continue reading <span class=\"screen-reader-text\">\u017dvakid\u0117 &#8211; namelis<\/span><\/a><\/p>","protected":false},"featured_media":15946,"template":"","meta":{"_monsterinsights_skip_tracking":false,"_monsterinsights_sitenote_active":false,"_monsterinsights_sitenote_note":"","_monsterinsights_sitenote_category":0},"product_brand":[],"product_cat":[103,107],"product_tag":[545],"class_list":{"0":"post-15945","1":"product","2":"type-product","3":"status-publish","4":"has-post-thumbnail","6":"product_cat-dovanu-idejos","7":"product_cat-stilingos-zvakides-zvakes","8":"product_tag-zvakide-namelis","10":"first","11":"instock","12":"taxable","13":"shipping-taxable","14":"purchasable","15":"product-type-simple"},"_links":{"self":[{"href":"https:\/\/duckdeco.lt\/en\/wp-json\/wp\/v2\/product\/15945","targetHints":{"allow":["GET"]}}],"collection":[{"href":"https:\/\/duckdeco.lt\/en\/wp-json\/wp\/v2\/product"}],"about":[{"href":"https:\/\/duckdeco.lt\/en\/wp-json\/wp\/v2\/types\/product"}],"version-history":[{"count":1,"href":"https:\/\/duckdeco.lt\/en\/wp-json\/wp\/v2\/product\/15945\/revisions"}],"predecessor-version":[{"id":15948,"href":"https:\/\/duckdeco.lt\/en\/wp-json\/wp\/v2\/product\/15945\/revisions\/15948"}],"wp:featuredmedia":[{"embeddable":true,"href":"https:\/\/duckdeco.lt\/en\/wp-json\/wp\/v2\/media\/15946"}],"wp:attachment":[{"href":"https:\/\/duckdeco.lt\/en\/wp-json\/wp\/v2\/media?parent=15945"}],"wp:term":[{"taxonomy":"product_brand","embeddable":true,"href":"https:\/\/duckdeco.lt\/en\/wp-json\/wp\/v2\/product_brand?post=15945"},{"taxonomy":"product_cat","embeddable":true,"href":"https:\/\/duckdeco.lt\/en\/wp-json\/wp\/v2\/product_cat?post=15945"},{"taxonomy":"product_tag","embeddable":true,"href":"https:\/\/duckdeco.lt\/en\/wp-json\/wp\/v2\/product_tag?post=15945"}],"curies":[{"name":"wp","href":"https:\/\/api.w.org\/{rel}","templated":true}]}}