{"id":15959,"date":"2026-03-13T09:29:08","date_gmt":"2026-03-13T07:29:08","guid":{"rendered":"https:\/\/duckdeco.lt\/?post_type=product&#038;p=15959"},"modified":"2026-03-13T09:29:08","modified_gmt":"2026-03-13T07:29:08","slug":"duru-atmusejas-avyte-2","status":"publish","type":"product","link":"https:\/\/duckdeco.lt\/en\/product\/duru-atmusejas-avyte-2\/","title":{"rendered":"Dur\u0173 atmu\u0161\u0117jas avyt\u0117"},"content":{"rendered":"<ul>\n<li>Apgyvendinkite savo namuose avyt\u0119, kuri ne tik kad nereikalaus prie\u017ei\u016bros, bet dar ir atliks savo funkcij\u0105 \u2013 saugos j\u016bs\u0173 sienas nuo atsitrenkian\u010di\u0173 dur\u0173.<\/li>\n<li>K\u016brybi\u0161kesnis variantas standartiniams prie sien\u0173 ar grind\u0173 tvirtinamiems dur\u0173 stabd\u017eiams. Ir nereikia nieko gr\u0119\u017eti.<\/li>\n<li>\u017daismingas ir naudingas.Tai originalus dur\u0173 laikiklis, kuris kartu taps ir puikiu nam\u0173 aksesuaru.<\/li>\n<li>Detal\u0117s: med\u017eiaga \u2013 poliesteris<\/li>\n<li>Spalva \u2013 balta.<\/li>\n<li>Svoris 1,03 kg.<\/li>\n<\/ul>\n<table width=\"405\">\n<tbody>\n<tr>\n<td width=\"91\">I\u0161matavimai: Ilgis 24 cm \/ Plotis 24 cm \/ Auk\u0161tis 21 cm.<\/td>\n<\/tr>\n<\/tbody>\n<\/table>","protected":false},"excerpt":{"rendered":"<p>Apgyvendinkite savo namuose avyt\u0119, kuri ne tik kad nereikalaus prie\u017ei\u016bros, bet dar ir atliks savo funkcij\u0105 \u2013 saugos j\u016bs\u0173 sienas nuo atsitrenkian\u010di\u0173 dur\u0173. K\u016brybi\u0161kesnis variantas standartiniams prie sien\u0173 ar grind\u0173 tvirtinamiems dur\u0173 stabd\u017eiams. Ir nereikia nieko gr\u0119\u017eti. \u017daismingas ir naudingas.Tai originalus dur\u0173 laikiklis, kuris kartu taps ir puikiu nam\u0173 aksesuaru. Detal\u0117s: med\u017eiaga \u2013 poliesteris Spalva &hellip; <br \/><a href=\"https:\/\/duckdeco.lt\/en\/product\/duru-atmusejas-avyte-2\/\" class=\"more-link\">Continue reading <span class=\"screen-reader-text\">Dur\u0173 atmu\u0161\u0117jas avyt\u0117<\/span><\/a><\/p>","protected":false},"featured_media":15960,"template":"","meta":{"_monsterinsights_skip_tracking":false,"_monsterinsights_sitenote_active":false,"_monsterinsights_sitenote_note":"","_monsterinsights_sitenote_category":0},"product_brand":[],"product_cat":[138,104],"product_tag":[304],"class_list":{"0":"post-15959","1":"product","2":"type-product","3":"status-publish","4":"has-post-thumbnail","6":"product_cat-duru-atmusejai","7":"product_cat-vaikams","8":"product_tag-duru-atmusejas","10":"first","11":"instock","12":"taxable","13":"shipping-taxable","14":"purchasable","15":"product-type-simple"},"_links":{"self":[{"href":"https:\/\/duckdeco.lt\/en\/wp-json\/wp\/v2\/product\/15959","targetHints":{"allow":["GET"]}}],"collection":[{"href":"https:\/\/duckdeco.lt\/en\/wp-json\/wp\/v2\/product"}],"about":[{"href":"https:\/\/duckdeco.lt\/en\/wp-json\/wp\/v2\/types\/product"}],"version-history":[{"count":1,"href":"https:\/\/duckdeco.lt\/en\/wp-json\/wp\/v2\/product\/15959\/revisions"}],"predecessor-version":[{"id":15962,"href":"https:\/\/duckdeco.lt\/en\/wp-json\/wp\/v2\/product\/15959\/revisions\/15962"}],"wp:featuredmedia":[{"embeddable":true,"href":"https:\/\/duckdeco.lt\/en\/wp-json\/wp\/v2\/media\/15960"}],"wp:attachment":[{"href":"https:\/\/duckdeco.lt\/en\/wp-json\/wp\/v2\/media?parent=15959"}],"wp:term":[{"taxonomy":"product_brand","embeddable":true,"href":"https:\/\/duckdeco.lt\/en\/wp-json\/wp\/v2\/product_brand?post=15959"},{"taxonomy":"product_cat","embeddable":true,"href":"https:\/\/duckdeco.lt\/en\/wp-json\/wp\/v2\/product_cat?post=15959"},{"taxonomy":"product_tag","embeddable":true,"href":"https:\/\/duckdeco.lt\/en\/wp-json\/wp\/v2\/product_tag?post=15959"}],"curies":[{"name":"wp","href":"https:\/\/api.w.org\/{rel}","templated":true}]}}