{"id":15967,"date":"2026-03-13T10:11:50","date_gmt":"2026-03-13T08:11:50","guid":{"rendered":"https:\/\/duckdeco.lt\/?post_type=product&#038;p=15967"},"modified":"2026-03-13T10:35:41","modified_gmt":"2026-03-13T08:35:41","slug":"zvakide-black-orange-s","status":"publish","type":"product","link":"https:\/\/duckdeco.lt\/en\/product\/zvakide-black-orange-s\/","title":{"rendered":"\u017dvakid\u0117 Black\/ orange S"},"content":{"rendered":"<ul>\n<li>Dvispalv\u0117 kri\u0161tolinio stiklo \u017evakid\u0117. Juoda \/ oran\u017ein\u0117.<\/li>\n<li>\n<table width=\"220\">\n<tbody>\n<tr>\n<td width=\"220\">Length Width Height<\/td>\n<\/tr>\n<tr>\n<td width=\"220\">5x5x6 cm<\/td>\n<\/tr>\n<\/tbody>\n<\/table>\n<\/li>\n<\/ul>","protected":false},"excerpt":{"rendered":"<p>Dvispalv\u0117 kri\u0161tolinio stiklo \u017evakid\u0117. Juoda \/ oran\u017ein\u0117. Ilgis \/ plotis \/ auk\u0161tis 5x5x6 cm<\/p>","protected":false},"featured_media":15964,"template":"","meta":{"_monsterinsights_skip_tracking":false,"_monsterinsights_sitenote_active":false,"_monsterinsights_sitenote_note":"","_monsterinsights_sitenote_category":0},"product_brand":[],"product_cat":[95,107],"product_tag":[547],"class_list":{"0":"post-15967","1":"product","2":"type-product","3":"status-publish","4":"has-post-thumbnail","6":"product_cat-interjerui","7":"product_cat-stilingos-zvakides-zvakes","8":"product_tag-kristoline-zvakide","10":"first","11":"instock","12":"taxable","13":"shipping-taxable","14":"purchasable","15":"product-type-simple"},"_links":{"self":[{"href":"https:\/\/duckdeco.lt\/en\/wp-json\/wp\/v2\/product\/15967","targetHints":{"allow":["GET"]}}],"collection":[{"href":"https:\/\/duckdeco.lt\/en\/wp-json\/wp\/v2\/product"}],"about":[{"href":"https:\/\/duckdeco.lt\/en\/wp-json\/wp\/v2\/types\/product"}],"version-history":[{"count":1,"href":"https:\/\/duckdeco.lt\/en\/wp-json\/wp\/v2\/product\/15967\/revisions"}],"predecessor-version":[{"id":15968,"href":"https:\/\/duckdeco.lt\/en\/wp-json\/wp\/v2\/product\/15967\/revisions\/15968"}],"wp:featuredmedia":[{"embeddable":true,"href":"https:\/\/duckdeco.lt\/en\/wp-json\/wp\/v2\/media\/15964"}],"wp:attachment":[{"href":"https:\/\/duckdeco.lt\/en\/wp-json\/wp\/v2\/media?parent=15967"}],"wp:term":[{"taxonomy":"product_brand","embeddable":true,"href":"https:\/\/duckdeco.lt\/en\/wp-json\/wp\/v2\/product_brand?post=15967"},{"taxonomy":"product_cat","embeddable":true,"href":"https:\/\/duckdeco.lt\/en\/wp-json\/wp\/v2\/product_cat?post=15967"},{"taxonomy":"product_tag","embeddable":true,"href":"https:\/\/duckdeco.lt\/en\/wp-json\/wp\/v2\/product_tag?post=15967"}],"curies":[{"name":"wp","href":"https:\/\/api.w.org\/{rel}","templated":true}]}}