{"id":16013,"date":"2026-03-17T10:11:33","date_gmt":"2026-03-17T08:11:33","guid":{"rendered":"https:\/\/duckdeco.lt\/?post_type=product&#038;p=16013"},"modified":"2026-03-17T10:11:34","modified_gmt":"2026-03-17T08:11:34","slug":"zvakide-multi-color","status":"publish","type":"product","link":"https:\/\/duckdeco.lt\/en\/product\/zvakide-multi-color\/","title":{"rendered":"\u017dvakid\u0117 Multi color"},"content":{"rendered":"<ul>\n<li>Kri\u0161tolinio stiklo \u017evakid\u0117. \u012evairiaspalv\u0117.<\/li>\n<li>\n<table width=\"220\">\n<tbody>\n<tr>\n<td width=\"220\">Length Width Height<\/td>\n<\/tr>\n<tr>\n<td width=\"220\">9x9x12 cm<\/td>\n<\/tr>\n<\/tbody>\n<\/table>\n<\/li>\n<\/ul>","protected":false},"excerpt":{"rendered":"<p>Kri\u0161tolinio stiklo \u017evakid\u0117. \u012evairiaspalv\u0117. Ilgis \/ plotis \/ auk\u0161tis 9x9x12 cm<\/p>","protected":false},"featured_media":16014,"template":"","meta":{"_monsterinsights_skip_tracking":false,"_monsterinsights_sitenote_active":false,"_monsterinsights_sitenote_note":"","_monsterinsights_sitenote_category":0},"product_brand":[],"product_cat":[106,107],"product_tag":[547],"class_list":{"0":"post-16013","1":"product","2":"type-product","3":"status-publish","4":"has-post-thumbnail","6":"product_cat-dekoras-sventems","7":"product_cat-stilingos-zvakides-zvakes","8":"product_tag-kristoline-zvakide","10":"first","11":"instock","12":"taxable","13":"shipping-taxable","14":"purchasable","15":"product-type-simple"},"_links":{"self":[{"href":"https:\/\/duckdeco.lt\/en\/wp-json\/wp\/v2\/product\/16013","targetHints":{"allow":["GET"]}}],"collection":[{"href":"https:\/\/duckdeco.lt\/en\/wp-json\/wp\/v2\/product"}],"about":[{"href":"https:\/\/duckdeco.lt\/en\/wp-json\/wp\/v2\/types\/product"}],"version-history":[{"count":1,"href":"https:\/\/duckdeco.lt\/en\/wp-json\/wp\/v2\/product\/16013\/revisions"}],"predecessor-version":[{"id":16015,"href":"https:\/\/duckdeco.lt\/en\/wp-json\/wp\/v2\/product\/16013\/revisions\/16015"}],"wp:featuredmedia":[{"embeddable":true,"href":"https:\/\/duckdeco.lt\/en\/wp-json\/wp\/v2\/media\/16014"}],"wp:attachment":[{"href":"https:\/\/duckdeco.lt\/en\/wp-json\/wp\/v2\/media?parent=16013"}],"wp:term":[{"taxonomy":"product_brand","embeddable":true,"href":"https:\/\/duckdeco.lt\/en\/wp-json\/wp\/v2\/product_brand?post=16013"},{"taxonomy":"product_cat","embeddable":true,"href":"https:\/\/duckdeco.lt\/en\/wp-json\/wp\/v2\/product_cat?post=16013"},{"taxonomy":"product_tag","embeddable":true,"href":"https:\/\/duckdeco.lt\/en\/wp-json\/wp\/v2\/product_tag?post=16013"}],"curies":[{"name":"wp","href":"https:\/\/api.w.org\/{rel}","templated":true}]}}