{"id":16019,"date":"2026-03-17T10:44:46","date_gmt":"2026-03-17T08:44:46","guid":{"rendered":"https:\/\/duckdeco.lt\/?post_type=product&#038;p=16019"},"modified":"2026-03-17T10:44:46","modified_gmt":"2026-03-17T08:44:46","slug":"vaza-otare-ii","status":"publish","type":"product","link":"https:\/\/duckdeco.lt\/en\/product\/vaza-otare-ii\/","title":{"rendered":"Vaza Otare II"},"content":{"rendered":"<div dir=\"ltr\">\n<ul>\n<li><span class=\"HwtZe\" lang=\"lt\"><span class=\"jCAhz ChMk0b\"><span class=\"ryNqvb\">Prek\u0117s \u017eenklo \u201eLight &amp; Living\u201c kolekcijos<\/span><\/span><span class=\"jCAhz ChMk0b\"><span class=\"ryNqvb\"> vaza pasi\u017eymi eleganti\u0161ka forma, i\u0161skirtine tekst\u016bra, tai dekoro elementas, kuris kiekvienai gyvenamajai erdvei suteiks prabangi\u0105 ir \u0161iuolaiki\u0161k\u0105 i\u0161vaizd\u0105.<\/span><\/span><\/span><\/li>\n<li><span class=\"HwtZe\" lang=\"lt\"><span class=\"jCAhz ChMk0b\"><span class=\"ryNqvb\">Detal\u0117s: keramika. <\/span><\/span><\/span><\/li>\n<li><span class=\"HwtZe\" lang=\"lt\"><span class=\"jCAhz ChMk0b\"><span class=\"ryNqvb\">Spalva \u2013 kremin\u0117.\u00a0<\/span><\/span><\/span><br \/>\n<table width=\"405\">\n<tbody>\n<tr>\n<td width=\"91\">I\u0161matavimai: Skersmuo 20 cm\/ Auk\u0161tis 40 cm.<\/td>\n<\/tr>\n<\/tbody>\n<\/table>\n<p>&nbsp;<\/li>\n<\/ul>\n<\/div>\n<div dir=\"ltr\"><\/div>\n<div dir=\"ltr\"><\/div>","protected":false},"excerpt":{"rendered":"<p>Prek\u0117s \u017eenklo \u201eLight &amp; Living\u201c kolekcijos vaza pasi\u017eymi eleganti\u0161ka forma, i\u0161skirtine tekst\u016bra, tai dekoro elementas, kuris kiekvienai gyvenamajai erdvei suteiks prabangi\u0105 ir \u0161iuolaiki\u0161k\u0105 i\u0161vaizd\u0105. Detal\u0117s: keramika. Spalva \u2013 kremin\u0117.\u00a0 I\u0161matavimai: Skersmuo 20 cm\/ Auk\u0161tis 40 cm. &nbsp;<\/p>","protected":false},"featured_media":16020,"template":"","meta":{"_monsterinsights_skip_tracking":false,"_monsterinsights_sitenote_active":false,"_monsterinsights_sitenote_note":"","_monsterinsights_sitenote_category":0},"product_brand":[],"product_cat":[95,101],"product_tag":[468],"class_list":{"0":"post-16019","1":"product","2":"type-product","3":"status-publish","4":"has-post-thumbnail","6":"product_cat-interjerui","7":"product_cat-vazos","8":"product_tag-keramikine-vaza","10":"first","11":"instock","12":"taxable","13":"shipping-taxable","14":"purchasable","15":"product-type-simple"},"_links":{"self":[{"href":"https:\/\/duckdeco.lt\/en\/wp-json\/wp\/v2\/product\/16019","targetHints":{"allow":["GET"]}}],"collection":[{"href":"https:\/\/duckdeco.lt\/en\/wp-json\/wp\/v2\/product"}],"about":[{"href":"https:\/\/duckdeco.lt\/en\/wp-json\/wp\/v2\/types\/product"}],"version-history":[{"count":1,"href":"https:\/\/duckdeco.lt\/en\/wp-json\/wp\/v2\/product\/16019\/revisions"}],"predecessor-version":[{"id":16021,"href":"https:\/\/duckdeco.lt\/en\/wp-json\/wp\/v2\/product\/16019\/revisions\/16021"}],"wp:featuredmedia":[{"embeddable":true,"href":"https:\/\/duckdeco.lt\/en\/wp-json\/wp\/v2\/media\/16020"}],"wp:attachment":[{"href":"https:\/\/duckdeco.lt\/en\/wp-json\/wp\/v2\/media?parent=16019"}],"wp:term":[{"taxonomy":"product_brand","embeddable":true,"href":"https:\/\/duckdeco.lt\/en\/wp-json\/wp\/v2\/product_brand?post=16019"},{"taxonomy":"product_cat","embeddable":true,"href":"https:\/\/duckdeco.lt\/en\/wp-json\/wp\/v2\/product_cat?post=16019"},{"taxonomy":"product_tag","embeddable":true,"href":"https:\/\/duckdeco.lt\/en\/wp-json\/wp\/v2\/product_tag?post=16019"}],"curies":[{"name":"wp","href":"https:\/\/api.w.org\/{rel}","templated":true}]}}