{"id":16022,"date":"2026-03-17T11:25:09","date_gmt":"2026-03-17T09:25:09","guid":{"rendered":"https:\/\/duckdeco.lt\/?post_type=product&#038;p=16022"},"modified":"2026-03-17T11:26:16","modified_gmt":"2026-03-17T09:26:16","slug":"vaza-zenora","status":"publish","type":"product","link":"https:\/\/duckdeco.lt\/en\/product\/vaza-zenora\/","title":{"rendered":"Vaza Zenora"},"content":{"rendered":"<ul>\n<li>Auk\u0161tos kokyb\u0117s keramikos, subtilaus dizaino vaza i\u0161 <span class=\"HwtZe\" lang=\"lt\"><span class=\"jCAhz ChMk0b\"><span class=\"ryNqvb\">\u201eLight &amp; Living\u201c kolekcijos, suteiks elegancijos ir nat\u016bralumo poj\u016bt\u012f kiekvienai erdvei.\u00a0<\/span><\/span><\/span><\/li>\n<li><span class=\"HwtZe\" lang=\"lt\"><span class=\"HwtZe\" lang=\"lt\"><span class=\"jCAhz ChMk0b\"><span class=\"ryNqvb\">Detal\u0117s: med\u017eiaga &#8211; keramika. <\/span><\/span><\/span><\/span><\/li>\n<li><span class=\"HwtZe\" lang=\"lt\"><span class=\"HwtZe\" lang=\"lt\"><span class=\"jCAhz ChMk0b\"><span class=\"ryNqvb\">Spalva &#8211; balta. <\/span><\/span><\/span><\/span><br \/>\n<table width=\"405\">\n<tbody>\n<tr>\n<td width=\"91\">I\u0161matavimai: Skersmuo 23.5 cm\/ Auk\u0161tis 30.5 cm.<\/td>\n<\/tr>\n<\/tbody>\n<\/table>\n<p>&nbsp;<\/li>\n<\/ul>","protected":false},"excerpt":{"rendered":"<p>Auk\u0161tos kokyb\u0117s keramikos, subtilaus dizaino vaza i\u0161 \u201eLight &amp; Living\u201c kolekcijos, suteiks elegancijos ir nat\u016bralumo poj\u016bt\u012f kiekvienai erdvei.\u00a0 Detal\u0117s: med\u017eiaga &#8211; keramika. Spalva &#8211; balta. I\u0161matavimai: Skersmuo 23.5 cm\/ Auk\u0161tis 30.5 cm. &nbsp;<\/p>","protected":false},"featured_media":16025,"template":"","meta":{"_monsterinsights_skip_tracking":false,"_monsterinsights_sitenote_active":false,"_monsterinsights_sitenote_note":"","_monsterinsights_sitenote_category":0},"product_brand":[],"product_cat":[101],"product_tag":[268],"class_list":{"0":"post-16022","1":"product","2":"type-product","3":"status-publish","4":"has-post-thumbnail","6":"product_cat-vazos","7":"product_tag-aukstos-kokybes-keramika","9":"first","10":"instock","11":"taxable","12":"shipping-taxable","13":"purchasable","14":"product-type-simple"},"_links":{"self":[{"href":"https:\/\/duckdeco.lt\/en\/wp-json\/wp\/v2\/product\/16022","targetHints":{"allow":["GET"]}}],"collection":[{"href":"https:\/\/duckdeco.lt\/en\/wp-json\/wp\/v2\/product"}],"about":[{"href":"https:\/\/duckdeco.lt\/en\/wp-json\/wp\/v2\/types\/product"}],"version-history":[{"count":1,"href":"https:\/\/duckdeco.lt\/en\/wp-json\/wp\/v2\/product\/16022\/revisions"}],"predecessor-version":[{"id":16024,"href":"https:\/\/duckdeco.lt\/en\/wp-json\/wp\/v2\/product\/16022\/revisions\/16024"}],"wp:featuredmedia":[{"embeddable":true,"href":"https:\/\/duckdeco.lt\/en\/wp-json\/wp\/v2\/media\/16025"}],"wp:attachment":[{"href":"https:\/\/duckdeco.lt\/en\/wp-json\/wp\/v2\/media?parent=16022"}],"wp:term":[{"taxonomy":"product_brand","embeddable":true,"href":"https:\/\/duckdeco.lt\/en\/wp-json\/wp\/v2\/product_brand?post=16022"},{"taxonomy":"product_cat","embeddable":true,"href":"https:\/\/duckdeco.lt\/en\/wp-json\/wp\/v2\/product_cat?post=16022"},{"taxonomy":"product_tag","embeddable":true,"href":"https:\/\/duckdeco.lt\/en\/wp-json\/wp\/v2\/product_tag?post=16022"}],"curies":[{"name":"wp","href":"https:\/\/api.w.org\/{rel}","templated":true}]}}