{"id":16026,"date":"2026-03-18T08:50:49","date_gmt":"2026-03-18T06:50:49","guid":{"rendered":"https:\/\/duckdeco.lt\/?post_type=product&#038;p=16026"},"modified":"2026-03-18T08:52:44","modified_gmt":"2026-03-18T06:52:44","slug":"zvakide-colin","status":"publish","type":"product","link":"https:\/\/duckdeco.lt\/en\/product\/zvakide-colin\/","title":{"rendered":"\u017dvakid\u0117 Colin"},"content":{"rendered":"<ul>\n<li><span class=\"HwtZe\" lang=\"lt\"><span class=\"jCAhz ChMk0b\"><span class=\"ryNqvb\">Suteikite savo interjerui charakterio ir \u0161ilumos su \u201eLifestyle Colin\u201c \u017evakide.<\/span><\/span>\u00a0Tai rank\u0173 darbo gaminys, s<span class=\"jCAhz ChMk0b\"><span class=\"ryNqvb\">ubtil\u016bs netobulumai ir unikali apdaila, t<\/span><\/span><span class=\"jCAhz ChMk0b\"><span class=\"ryNqvb\">virtas dizainas su nat\u016braliomis tekst\u016bromis puikiai tinka tiek moderniam, tiek kaimi\u0161kam interjerui. <\/span><\/span><\/span><\/li>\n<li><span class=\"HwtZe\" lang=\"lt\">Detal\u0117s: med\u017eiaga &#8211; keramika. <\/span><\/li>\n<li><span class=\"HwtZe\" lang=\"lt\">Spalva &#8211; balta.\u00a0<\/span><\/li>\n<\/ul>\n<table width=\"405\">\n<tbody>\n<tr>\n<td width=\"91\">I\u0161matavimai: Ilgis 19 cm \/ Plotis 18 cm \/ Auk\u0161tis 13 cm.<\/td>\n<\/tr>\n<\/tbody>\n<\/table>\n<p>&nbsp;<\/p>","protected":false},"excerpt":{"rendered":"<p>Suteikite savo interjerui charakterio ir \u0161ilumos su \u201eLifestyle Colin\u201c \u017evakide.\u00a0Tai rank\u0173 darbo gaminys, subtil\u016bs netobulumai ir unikali apdaila, tvirtas dizainas su nat\u016braliomis tekst\u016bromis puikiai tinka tiek moderniam, tiek kaimi\u0161kam interjerui. Detal\u0117s: med\u017eiaga &#8211; keramika. Spalva &#8211; balta.\u00a0 I\u0161matavimai: Ilgis 19 cm \/ Plotis 18 cm \/ Auk\u0161tis 13 cm. &nbsp;<\/p>","protected":false},"featured_media":16030,"template":"","meta":{"_monsterinsights_skip_tracking":false,"_monsterinsights_sitenote_active":false,"_monsterinsights_sitenote_note":"","_monsterinsights_sitenote_category":0},"product_brand":[],"product_cat":[95,107],"product_tag":[222],"class_list":{"0":"post-16026","1":"product","2":"type-product","3":"status-publish","4":"has-post-thumbnail","6":"product_cat-interjerui","7":"product_cat-stilingos-zvakides-zvakes","8":"product_tag-keramikine-zvakide","10":"first","11":"instock","12":"taxable","13":"shipping-taxable","14":"purchasable","15":"product-type-simple"},"_links":{"self":[{"href":"https:\/\/duckdeco.lt\/en\/wp-json\/wp\/v2\/product\/16026","targetHints":{"allow":["GET"]}}],"collection":[{"href":"https:\/\/duckdeco.lt\/en\/wp-json\/wp\/v2\/product"}],"about":[{"href":"https:\/\/duckdeco.lt\/en\/wp-json\/wp\/v2\/types\/product"}],"version-history":[{"count":1,"href":"https:\/\/duckdeco.lt\/en\/wp-json\/wp\/v2\/product\/16026\/revisions"}],"predecessor-version":[{"id":16029,"href":"https:\/\/duckdeco.lt\/en\/wp-json\/wp\/v2\/product\/16026\/revisions\/16029"}],"wp:featuredmedia":[{"embeddable":true,"href":"https:\/\/duckdeco.lt\/en\/wp-json\/wp\/v2\/media\/16030"}],"wp:attachment":[{"href":"https:\/\/duckdeco.lt\/en\/wp-json\/wp\/v2\/media?parent=16026"}],"wp:term":[{"taxonomy":"product_brand","embeddable":true,"href":"https:\/\/duckdeco.lt\/en\/wp-json\/wp\/v2\/product_brand?post=16026"},{"taxonomy":"product_cat","embeddable":true,"href":"https:\/\/duckdeco.lt\/en\/wp-json\/wp\/v2\/product_cat?post=16026"},{"taxonomy":"product_tag","embeddable":true,"href":"https:\/\/duckdeco.lt\/en\/wp-json\/wp\/v2\/product_tag?post=16026"}],"curies":[{"name":"wp","href":"https:\/\/api.w.org\/{rel}","templated":true}]}}