{"id":16035,"date":"2026-03-19T09:45:07","date_gmt":"2026-03-19T07:45:07","guid":{"rendered":"https:\/\/duckdeco.lt\/?post_type=product&#038;p=16035"},"modified":"2026-03-19T09:45:07","modified_gmt":"2026-03-19T07:45:07","slug":"zvakide","status":"publish","type":"product","link":"https:\/\/duckdeco.lt\/en\/product\/zvakide\/","title":{"rendered":"\u017dvakid\u0117"},"content":{"rendered":"<p>&nbsp;<\/p>\n<ul>\n<li><span class=\"HwtZe\" lang=\"lt\"><span class=\"HwtZe\" lang=\"lt\"><span class=\"jCAhz ChMk0b\"><span class=\"ryNqvb\">D\u0117l eleganti\u0161ko, minimalistinio dizaino \u0161i \u017evakid\u0117 puikiai dera prie \u012fvairi\u0173 interjero stili\u0173 \u2013 nuo \u200b\u200bmodernaus iki klasikinio. Puikiai tinka ypatingoms progoms, \u0161ventin\u0117ms vakarien\u0117ms ar tiesiog kaip kasdienin\u0117 dekoracija. <\/span><\/span><\/span><\/span><\/li>\n<li><span class=\"HwtZe\" lang=\"lt\"><span class=\"HwtZe\" lang=\"lt\"><span class=\"jCAhz ChMk0b\"><span class=\"ryNqvb\">Detal\u0117s: med\u017eiaga &#8211; plastikas. <\/span><\/span><\/span><\/span><\/li>\n<li><span class=\"HwtZe\" lang=\"lt\"><span class=\"HwtZe\" lang=\"lt\"><span class=\"jCAhz ChMk0b\"><span class=\"ryNqvb\">Spalva &#8211; m\u0117lyna \/ balta.\u00a0<\/span><\/span><\/span><\/span><br \/>\n<table width=\"405\">\n<tbody>\n<tr>\n<td width=\"91\">I\u0161matavimai: Skersmuo 10 cm \/ Auk\u0161tis 27 cm.<\/td>\n<\/tr>\n<\/tbody>\n<\/table>\n<p>&nbsp;<\/li>\n<\/ul>","protected":false},"excerpt":{"rendered":"<p>&nbsp; D\u0117l eleganti\u0161ko, minimalistinio dizaino \u0161i \u017evakid\u0117 puikiai dera prie \u012fvairi\u0173 interjero stili\u0173 \u2013 nuo \u200b\u200bmodernaus iki klasikinio. Puikiai tinka ypatingoms progoms, \u0161ventin\u0117ms vakarien\u0117ms ar tiesiog kaip kasdienin\u0117 dekoracija. Detal\u0117s: med\u017eiaga &#8211; plastikas. Spalva &#8211; m\u0117lyna \/ balta.\u00a0 I\u0161matavimai: Skersmuo 10 cm \/ Auk\u0161tis 27 cm. &nbsp;<\/p>","protected":false},"featured_media":16036,"template":"","meta":{"_monsterinsights_skip_tracking":false,"_monsterinsights_sitenote_active":false,"_monsterinsights_sitenote_note":"","_monsterinsights_sitenote_category":0},"product_brand":[],"product_cat":[106,107],"product_tag":[],"class_list":{"0":"post-16035","1":"product","2":"type-product","3":"status-publish","4":"has-post-thumbnail","6":"product_cat-dekoras-sventems","7":"product_cat-stilingos-zvakides-zvakes","9":"first","10":"instock","11":"taxable","12":"shipping-taxable","13":"purchasable","14":"product-type-simple"},"_links":{"self":[{"href":"https:\/\/duckdeco.lt\/en\/wp-json\/wp\/v2\/product\/16035","targetHints":{"allow":["GET"]}}],"collection":[{"href":"https:\/\/duckdeco.lt\/en\/wp-json\/wp\/v2\/product"}],"about":[{"href":"https:\/\/duckdeco.lt\/en\/wp-json\/wp\/v2\/types\/product"}],"version-history":[{"count":1,"href":"https:\/\/duckdeco.lt\/en\/wp-json\/wp\/v2\/product\/16035\/revisions"}],"predecessor-version":[{"id":16038,"href":"https:\/\/duckdeco.lt\/en\/wp-json\/wp\/v2\/product\/16035\/revisions\/16038"}],"wp:featuredmedia":[{"embeddable":true,"href":"https:\/\/duckdeco.lt\/en\/wp-json\/wp\/v2\/media\/16036"}],"wp:attachment":[{"href":"https:\/\/duckdeco.lt\/en\/wp-json\/wp\/v2\/media?parent=16035"}],"wp:term":[{"taxonomy":"product_brand","embeddable":true,"href":"https:\/\/duckdeco.lt\/en\/wp-json\/wp\/v2\/product_brand?post=16035"},{"taxonomy":"product_cat","embeddable":true,"href":"https:\/\/duckdeco.lt\/en\/wp-json\/wp\/v2\/product_cat?post=16035"},{"taxonomy":"product_tag","embeddable":true,"href":"https:\/\/duckdeco.lt\/en\/wp-json\/wp\/v2\/product_tag?post=16035"}],"curies":[{"name":"wp","href":"https:\/\/api.w.org\/{rel}","templated":true}]}}