{"id":16039,"date":"2026-03-19T11:00:35","date_gmt":"2026-03-19T09:00:35","guid":{"rendered":"https:\/\/duckdeco.lt\/?post_type=product&#038;p=16039"},"modified":"2026-03-19T11:00:35","modified_gmt":"2026-03-19T09:00:35","slug":"vaza-loseto","status":"publish","type":"product","link":"https:\/\/duckdeco.lt\/en\/product\/vaza-loseto\/","title":{"rendered":"Vaza Loseto"},"content":{"rendered":"<ul>\n<li><span class=\"HwtZe\" lang=\"lt\"><span class=\"jCAhz ChMk0b\"><span class=\"ryNqvb\">Su \u201eLoseto\u201c keramine vaza suteikite savo namams \u0161ilumos ir nat\u016bralaus gro\u017eio.<\/span><\/span><\/span><\/li>\n<li><span class=\"HwtZe\" lang=\"lt\"><span class=\"jCAhz ChMk0b\"><span class=\"ryNqvb\">Unikalus tekst\u016bruotas dizainas: Vazos pavir\u0161iuje yra reljef\u0173 ir rud\u0173 atspalvi\u0173, kurie gaudo \u0161vies\u0105, sukurdami \u017eav\u0173 kontrast\u0105 tarp neapdorotos tekst\u016bros ir \u0161velni\u0173 jos linki\u0173.<\/span><\/span> <\/span><\/li>\n<li><span class=\"HwtZe\" lang=\"lt\"><span class=\"jCAhz ChMk0b\"><span class=\"ryNqvb\">Subalansuotas dydis: pasi\u017eymi kompakti\u0161ku ir harmoningu siluetu, puikiai tinkan\u010diu apvalioms puok\u0161t\u0117ms ar trumpakot\u0117ms g\u0117l\u0117ms.<\/span><\/span> <\/span><\/li>\n<li><span class=\"HwtZe\" lang=\"lt\"><span class=\"jCAhz ChMk0b\"><span class=\"ryNqvb\">Nat\u016bralus ir nesenstantis atspalvis: \u017demi\u0161ka ruda spalva puikiai dera tiek moderniame, tiek kaimi\u0161ko stiliaus interjere.<\/span><\/span> <\/span><\/li>\n<li><span class=\"HwtZe\" lang=\"lt\"><span class=\"HwtZe\" lang=\"lt\"><span class=\"jCAhz ChMk0b\"><span class=\"ryNqvb\">Dekoratyvinis universalumas: Idealiai tinka \u0161vie\u017eioms g\u0117l\u0117ms, taip pat nuostabiai atrodo su d\u017eiovintomis g\u0117li\u0173 \u0161akel\u0117mis arba tiesiog eksponuojama kaip dekoratyvinis objektas. <\/span><\/span><\/span><\/span><\/li>\n<li><span class=\"HwtZe\" lang=\"lt\"><span class=\"HwtZe\" lang=\"lt\"><span class=\"jCAhz ChMk0b\"><span class=\"ryNqvb\">Detal\u0117s: med\u017eiaga &#8211; keramika. <\/span><\/span><\/span><\/span><\/li>\n<li><span class=\"HwtZe\" lang=\"lt\"><span class=\"HwtZe\" lang=\"lt\"><span class=\"jCAhz ChMk0b\"><span class=\"ryNqvb\">Spalva &#8211; ruda.\u00a0<\/span><\/span><\/span><\/span><br \/>\n<table width=\"405\">\n<tbody>\n<tr>\n<td width=\"91\">I\u0161matavimai: Skersmuo 21 cm \/ Auk\u0161tis 20 cm.<\/td>\n<\/tr>\n<\/tbody>\n<\/table>\n<p>&nbsp;<\/li>\n<\/ul>\n<p>&nbsp;<\/p>","protected":false},"excerpt":{"rendered":"<p>Su \u201eLoseto\u201c keramine vaza suteikite savo namams \u0161ilumos ir nat\u016bralaus gro\u017eio. Unikalus tekst\u016bruotas dizainas: Vazos pavir\u0161iuje yra reljef\u0173 ir rud\u0173 atspalvi\u0173, kurie gaudo \u0161vies\u0105, sukurdami \u017eav\u0173 kontrast\u0105 tarp neapdorotos tekst\u016bros ir \u0161velni\u0173 jos linki\u0173. Subalansuotas dydis: pasi\u017eymi kompakti\u0161ku ir harmoningu siluetu, puikiai tinkan\u010diu apvalioms puok\u0161t\u0117ms ar trumpakot\u0117ms g\u0117l\u0117ms. Nat\u016bralus ir nesenstantis atspalvis: \u017demi\u0161ka ruda spalva &hellip; <br \/><a href=\"https:\/\/duckdeco.lt\/en\/product\/vaza-loseto\/\" class=\"more-link\">Continue reading <span class=\"screen-reader-text\">Vaza Loseto<\/span><\/a><\/p>","protected":false},"featured_media":16040,"template":"","meta":{"_monsterinsights_skip_tracking":false,"_monsterinsights_sitenote_active":false,"_monsterinsights_sitenote_note":"","_monsterinsights_sitenote_category":0},"product_brand":[],"product_cat":[103,101],"product_tag":[468],"class_list":{"0":"post-16039","1":"product","2":"type-product","3":"status-publish","4":"has-post-thumbnail","6":"product_cat-dovanu-idejos","7":"product_cat-vazos","8":"product_tag-keramikine-vaza","10":"first","11":"instock","12":"taxable","13":"shipping-taxable","14":"purchasable","15":"product-type-simple"},"_links":{"self":[{"href":"https:\/\/duckdeco.lt\/en\/wp-json\/wp\/v2\/product\/16039","targetHints":{"allow":["GET"]}}],"collection":[{"href":"https:\/\/duckdeco.lt\/en\/wp-json\/wp\/v2\/product"}],"about":[{"href":"https:\/\/duckdeco.lt\/en\/wp-json\/wp\/v2\/types\/product"}],"version-history":[{"count":1,"href":"https:\/\/duckdeco.lt\/en\/wp-json\/wp\/v2\/product\/16039\/revisions"}],"predecessor-version":[{"id":16042,"href":"https:\/\/duckdeco.lt\/en\/wp-json\/wp\/v2\/product\/16039\/revisions\/16042"}],"wp:featuredmedia":[{"embeddable":true,"href":"https:\/\/duckdeco.lt\/en\/wp-json\/wp\/v2\/media\/16040"}],"wp:attachment":[{"href":"https:\/\/duckdeco.lt\/en\/wp-json\/wp\/v2\/media?parent=16039"}],"wp:term":[{"taxonomy":"product_brand","embeddable":true,"href":"https:\/\/duckdeco.lt\/en\/wp-json\/wp\/v2\/product_brand?post=16039"},{"taxonomy":"product_cat","embeddable":true,"href":"https:\/\/duckdeco.lt\/en\/wp-json\/wp\/v2\/product_cat?post=16039"},{"taxonomy":"product_tag","embeddable":true,"href":"https:\/\/duckdeco.lt\/en\/wp-json\/wp\/v2\/product_tag?post=16039"}],"curies":[{"name":"wp","href":"https:\/\/api.w.org\/{rel}","templated":true}]}}