{"id":16049,"date":"2026-03-19T11:46:42","date_gmt":"2026-03-19T09:46:42","guid":{"rendered":"https:\/\/duckdeco.lt\/?post_type=product&#038;p=16049"},"modified":"2026-03-19T11:46:42","modified_gmt":"2026-03-19T09:46:42","slug":"zvake-taxi-automobilis","status":"publish","type":"product","link":"https:\/\/duckdeco.lt\/en\/product\/zvake-taxi-automobilis\/","title":{"rendered":"\u017dvak\u0117 &#8211; taxi automobilis"},"content":{"rendered":"<div class=\"QFw9Te BLojaf\">\n<div class=\"D5aOJc vJwDU\">\n<div class=\"QFw9Te BLojaf\">\n<div class=\"D5aOJc vJwDU\"><\/div>\n<div class=\"hlJJmd\">\n<ul>\n<li class=\"D5aOJc Hapztf\"><span class=\"HwtZe\" lang=\"lt\"><span class=\"HwtZe\" lang=\"lt\"><span class=\"jCAhz ChMk0b\"><span class=\"ryNqvb\">Ry\u0161ki spalva ir smagios detal\u0117s sukuria unikal\u0173 ir humoristin\u012f vaizd\u0105.<\/span><\/span> <span class=\"jCAhz ChMk0b\"><span class=\"ryNqvb\">Nesvarbu, ar \u017evak\u0119 deginate, ar naudojate kaip dekoracij\u0105, ji yra originalus ak\u012f traukiantis elementas, akimirksniu suteikiantis charakterio ir \u017eaismingumo J\u016bs\u0173 interjerui.\u00a0<\/span><\/span><\/span><\/span><\/li>\n<\/ul>\n<div class=\"D5aOJc Hapztf\">\n<ul>\n<li>Detal\u0117s: med\u017eiaga \u2013 va\u0161kas.<\/li>\n<li>Spalva &#8211; geltona.<\/li>\n<\/ul>\n<table width=\"405\">\n<tbody>\n<tr>\n<td width=\"91\">I\u0161matavimai: Ilgis 16 cm \/ Plotis 6,8 cm \/ Auk\u0161tis 7,2 cm.<\/td>\n<\/tr>\n<\/tbody>\n<\/table>\n<p>&nbsp;<\/p>\n<\/div>\n<\/div>\n<\/div>\n<\/div>\n<\/div>","protected":false},"excerpt":{"rendered":"<p>Ry\u0161ki spalva ir smagios detal\u0117s sukuria unikal\u0173 ir humoristin\u012f vaizd\u0105. Nesvarbu, ar \u017evak\u0119 deginate, ar naudojate kaip dekoracij\u0105, ji yra originalus ak\u012f traukiantis elementas, akimirksniu suteikiantis charakterio ir \u017eaismingumo J\u016bs\u0173 interjerui.\u00a0 Detal\u0117s: med\u017eiaga \u2013 va\u0161kas. Spalva &#8211; geltona. I\u0161matavimai: Ilgis 16 cm \/ Plotis 6,8 cm \/ Auk\u0161tis 7,2 cm. &nbsp;<\/p>","protected":false},"featured_media":16050,"template":"","meta":{"_monsterinsights_skip_tracking":false,"_monsterinsights_sitenote_active":false,"_monsterinsights_sitenote_note":"","_monsterinsights_sitenote_category":0},"product_brand":[],"product_cat":[144],"product_tag":[],"class_list":{"0":"post-16049","1":"product","2":"type-product","3":"status-publish","4":"has-post-thumbnail","6":"product_cat-zvakes","8":"first","9":"instock","10":"taxable","11":"shipping-taxable","12":"purchasable","13":"product-type-simple"},"_links":{"self":[{"href":"https:\/\/duckdeco.lt\/en\/wp-json\/wp\/v2\/product\/16049","targetHints":{"allow":["GET"]}}],"collection":[{"href":"https:\/\/duckdeco.lt\/en\/wp-json\/wp\/v2\/product"}],"about":[{"href":"https:\/\/duckdeco.lt\/en\/wp-json\/wp\/v2\/types\/product"}],"version-history":[{"count":1,"href":"https:\/\/duckdeco.lt\/en\/wp-json\/wp\/v2\/product\/16049\/revisions"}],"predecessor-version":[{"id":16052,"href":"https:\/\/duckdeco.lt\/en\/wp-json\/wp\/v2\/product\/16049\/revisions\/16052"}],"wp:featuredmedia":[{"embeddable":true,"href":"https:\/\/duckdeco.lt\/en\/wp-json\/wp\/v2\/media\/16050"}],"wp:attachment":[{"href":"https:\/\/duckdeco.lt\/en\/wp-json\/wp\/v2\/media?parent=16049"}],"wp:term":[{"taxonomy":"product_brand","embeddable":true,"href":"https:\/\/duckdeco.lt\/en\/wp-json\/wp\/v2\/product_brand?post=16049"},{"taxonomy":"product_cat","embeddable":true,"href":"https:\/\/duckdeco.lt\/en\/wp-json\/wp\/v2\/product_cat?post=16049"},{"taxonomy":"product_tag","embeddable":true,"href":"https:\/\/duckdeco.lt\/en\/wp-json\/wp\/v2\/product_tag?post=16049"}],"curies":[{"name":"wp","href":"https:\/\/api.w.org\/{rel}","templated":true}]}}