{"id":10252,"date":"2024-02-13T17:21:20","date_gmt":"2024-02-13T17:21:20","guid":{"rendered":"https:\/\/duckdeco.com\/?post_type=product&#038;p=10252"},"modified":"2025-01-27T09:55:22","modified_gmt":"2025-01-27T07:55:22","slug":"vaza-kiekie","status":"publish","type":"product","link":"https:\/\/duckdeco.lt\/lt\/product\/vaza-kiekie\/","title":{"rendered":"Vaza &#8222;Kiekie&#8221;"},"content":{"rendered":"<ul>\n<li>Luimes&amp;Luimes prek\u0117s \u017eenklo vaza Kiekie tai modernus dizainas, subtilios linijos, minimalistinis dekoras , visuma kuri papuo\u0161 kiekvien\u0105 interjer\u0105.<\/li>\n<li>Nesvarbu ar pamerksite g\u0117li\u0173, saus\u0173 \u0161akeli\u0173 ar tiesiog pad\u0117site matomiausioje vietoje kaip dekoro element\u0105, ji pagyvins J\u016bs\u0173 erdv\u0119.<\/li>\n<li>Detal\u0117s: med\u017eiaga &#8211; keramika.<\/li>\n<li>Spalva &#8211; raudona.<\/li>\n<\/ul>\n<table style=\"height: 122px;\" width=\"154\">\n<tbody>\n<tr>\n<td width=\"105\">Skersmuo\\ Auk\u0161tis<\/td>\n<\/tr>\n<tr>\n<td width=\"105\">14,5 cm \/ 22 cm<\/td>\n<\/tr>\n<\/tbody>\n<\/table>\n","protected":false},"excerpt":{"rendered":"<p>Luimes&amp;Luimes prek\u0117s \u017eenklo vaza Kiekie tai modernus dizainas, subtilios linijos, minimalistinis dekoras , visuma kuri papuo\u0161 kiekvien\u0105 interjer\u0105. Nesvarbu ar pamerksite g\u0117li\u0173, saus\u0173 \u0161akeli\u0173 ar tiesiog pad\u0117site matomiausioje vietoje kaip dekoro element\u0105, ji pagyvins J\u016bs\u0173 erdv\u0119. Detal\u0117s: med\u017eiaga &#8211; keramika. Spalva &#8211; raudona. Skersmuo\\ Auk\u0161tis 14,5 cm \/ 22 cm<\/p>\n","protected":false},"featured_media":11371,"template":"","meta":{"_monsterinsights_skip_tracking":false,"_monsterinsights_sitenote_active":false,"_monsterinsights_sitenote_note":"","_monsterinsights_sitenote_category":0},"product_brand":[],"product_cat":[103,95,101],"product_tag":[],"class_list":{"0":"post-10252","1":"product","2":"type-product","3":"status-publish","4":"has-post-thumbnail","6":"product_cat-dovanu-idejos","7":"product_cat-interjerui","8":"product_cat-vazos","10":"first","11":"instock","12":"taxable","13":"shipping-taxable","14":"purchasable","15":"product-type-simple"},"_links":{"self":[{"href":"https:\/\/duckdeco.lt\/lt\/wp-json\/wp\/v2\/product\/10252","targetHints":{"allow":["GET"]}}],"collection":[{"href":"https:\/\/duckdeco.lt\/lt\/wp-json\/wp\/v2\/product"}],"about":[{"href":"https:\/\/duckdeco.lt\/lt\/wp-json\/wp\/v2\/types\/product"}],"version-history":[{"count":3,"href":"https:\/\/duckdeco.lt\/lt\/wp-json\/wp\/v2\/product\/10252\/revisions"}],"predecessor-version":[{"id":13958,"href":"https:\/\/duckdeco.lt\/lt\/wp-json\/wp\/v2\/product\/10252\/revisions\/13958"}],"wp:featuredmedia":[{"embeddable":true,"href":"https:\/\/duckdeco.lt\/lt\/wp-json\/wp\/v2\/media\/11371"}],"wp:attachment":[{"href":"https:\/\/duckdeco.lt\/lt\/wp-json\/wp\/v2\/media?parent=10252"}],"wp:term":[{"taxonomy":"product_brand","embeddable":true,"href":"https:\/\/duckdeco.lt\/lt\/wp-json\/wp\/v2\/product_brand?post=10252"},{"taxonomy":"product_cat","embeddable":true,"href":"https:\/\/duckdeco.lt\/lt\/wp-json\/wp\/v2\/product_cat?post=10252"},{"taxonomy":"product_tag","embeddable":true,"href":"https:\/\/duckdeco.lt\/lt\/wp-json\/wp\/v2\/product_tag?post=10252"}],"curies":[{"name":"wp","href":"https:\/\/api.w.org\/{rel}","templated":true}]}}