{"id":10256,"date":"2024-02-13T17:32:14","date_gmt":"2024-02-13T17:32:14","guid":{"rendered":"https:\/\/duckdeco.com\/?post_type=product&#038;p=10256"},"modified":"2025-04-04T22:09:23","modified_gmt":"2025-04-04T19:09:23","slug":"statulele-triusis-su-padeklu","status":"publish","type":"product","link":"https:\/\/duckdeco.lt\/lt\/product\/statulele-triusis-su-padeklu\/","title":{"rendered":"Triu\u0161is su pad\u0117klu"},"content":{"rendered":"<ul>\n<li>Svarbios Clayre &amp; Eef triu\u0161io statulos savyb\u0117s:<br \/>\n\u2022 Tikram triu\u0161i\u0173 myl\u0117tojui!<br \/>\n\u2022 Puikiai tiks kaip Velyk\u0173 puo\u0161mena,<br \/>\n\u2022 Tinka bet kokiai gyvenamajai patalpai,<br \/>\n\u2022 Unikalus dizainas.<\/li>\n<li>Pagaminta i\u0161 polirezino &#8211; tvarios ir ilgaam\u017e\u0117s dervos, kuri naudojama sud\u0117ting\u0173 form\u0173, dekoratyvini\u0173 fig\u016br\u0117li\u0173 liejimui.<\/li>\n<li>Tai detal\u0117, kuri tikrai neliks nepasteb\u0117ta ir sukurs i\u0161skirtin\u012f \u012fvaizd\u012f, kur\u012f pamils visi. Apgyvendinkite \u0161i\u0105 triu\u0161io statul\u0117l\u0119 savo namuose, o gal tai taps puikia dovanos id\u0117ja J\u016bs\u0173 artimiesiems.<br \/>\n<table width=\"405\">\n<tbody>\n<tr>\n<td width=\"91\">I\u0161matavimai: Plotis 16 cm \/ Auk\u0161tis 29 cm.<\/td>\n<\/tr>\n<\/tbody>\n<\/table>\n<p>&nbsp;<\/li>\n<\/ul>\n","protected":false},"excerpt":{"rendered":"<p>Svarbios Clayre &amp; Eef triu\u0161io statulos savyb\u0117s: \u2022 Tikram triu\u0161i\u0173 myl\u0117tojui! \u2022 Puikiai tiks kaip Velyk\u0173 puo\u0161mena, \u2022 Tinka bet kokiai gyvenamajai patalpai, \u2022 Unikalus dizainas. Pagaminta i\u0161 polirezino &#8211; tvarios ir ilgaam\u017e\u0117s dervos, kuri naudojama sud\u0117ting\u0173 form\u0173, dekoratyvini\u0173 fig\u016br\u0117li\u0173 liejimui. Tai detal\u0117, kuri tikrai neliks nepasteb\u0117ta ir sukurs i\u0161skirtin\u012f \u012fvaizd\u012f, kur\u012f pamils visi. Apgyvendinkite &hellip; <br \/><a href=\"https:\/\/duckdeco.lt\/lt\/product\/statulele-triusis-su-padeklu\/\" class=\"more-link\">Continue reading <span class=\"screen-reader-text\">Triu\u0161is su pad\u0117klu<\/span><\/a><\/p>\n","protected":false},"featured_media":10258,"template":"","meta":{"_monsterinsights_skip_tracking":false,"_monsterinsights_sitenote_active":false,"_monsterinsights_sitenote_note":"","_monsterinsights_sitenote_category":0},"product_brand":[],"product_cat":[103,95,130],"product_tag":[210,366,149],"class_list":{"0":"post-10256","1":"product","2":"type-product","3":"status-publish","4":"has-post-thumbnail","6":"product_cat-dovanu-idejos","7":"product_cat-interjerui","8":"product_cat-statuleles-deco","9":"product_tag-originali-interjero-detale","10":"product_tag-statulele-triusis","11":"product_tag-sventine-dekoracija","13":"first","14":"outofstock","15":"taxable","16":"shipping-taxable","17":"purchasable","18":"product-type-simple"},"_links":{"self":[{"href":"https:\/\/duckdeco.lt\/lt\/wp-json\/wp\/v2\/product\/10256","targetHints":{"allow":["GET"]}}],"collection":[{"href":"https:\/\/duckdeco.lt\/lt\/wp-json\/wp\/v2\/product"}],"about":[{"href":"https:\/\/duckdeco.lt\/lt\/wp-json\/wp\/v2\/types\/product"}],"version-history":[{"count":4,"href":"https:\/\/duckdeco.lt\/lt\/wp-json\/wp\/v2\/product\/10256\/revisions"}],"predecessor-version":[{"id":13774,"href":"https:\/\/duckdeco.lt\/lt\/wp-json\/wp\/v2\/product\/10256\/revisions\/13774"}],"wp:featuredmedia":[{"embeddable":true,"href":"https:\/\/duckdeco.lt\/lt\/wp-json\/wp\/v2\/media\/10258"}],"wp:attachment":[{"href":"https:\/\/duckdeco.lt\/lt\/wp-json\/wp\/v2\/media?parent=10256"}],"wp:term":[{"taxonomy":"product_brand","embeddable":true,"href":"https:\/\/duckdeco.lt\/lt\/wp-json\/wp\/v2\/product_brand?post=10256"},{"taxonomy":"product_cat","embeddable":true,"href":"https:\/\/duckdeco.lt\/lt\/wp-json\/wp\/v2\/product_cat?post=10256"},{"taxonomy":"product_tag","embeddable":true,"href":"https:\/\/duckdeco.lt\/lt\/wp-json\/wp\/v2\/product_tag?post=10256"}],"curies":[{"name":"wp","href":"https:\/\/api.w.org\/{rel}","templated":true}]}}