{"id":10268,"date":"2024-02-13T17:53:05","date_gmt":"2024-02-13T17:53:05","guid":{"rendered":"https:\/\/duckdeco.com\/?post_type=product&#038;p=10268"},"modified":"2026-02-23T10:22:40","modified_gmt":"2026-02-23T08:22:40","slug":"statulele-zuikis-ii","status":"publish","type":"product","link":"https:\/\/duckdeco.lt\/lt\/product\/statulele-zuikis-ii\/","title":{"rendered":"Statul\u0117l\u0117 Zuikis"},"content":{"rendered":"<ul>\n<li>Svarbios Clayre &amp; Eef triu\u0161io statulos savyb\u0117s:<br \/>\n\u2022 Tikram triu\u0161i\u0173 myl\u0117tojui!<br \/>\n\u2022 Puikiai tiks kaip Velyk\u0173 puo\u0161mena,<br \/>\n\u2022 Tinka bet kokiai gyvenamajai patalpai,<br \/>\n\u2022 Unikalus dizainas.<\/li>\n<li>D\u0117ka savo mielo charakterio ir dideli\u0173 aus\u0173 \u0161i triu\u0161o statul\u0117l\u0117 suteiks J\u016bs\u0173 namams i\u0161skirtin\u012f \u012fvaizd\u012f ir nuotaik\u0105. Tai dekoro elementas, kuris tikrai neliks nepasteb\u0117tas, suteiks gyvyb\u0117s J\u016bs\u0173 namams, o gal taps puikia dovana J\u016bs\u0173 artimiesiems.<\/li>\n<li>Detal\u0117s: Med\u017eiaga &#8211; polirezinas.<br \/>\n<table width=\"405\">\n<tbody>\n<tr>\n<td width=\"91\">I\u0161matavimai:\u00a0 Plotis 15 cm \/ Auk\u0161tis 40 cm.<\/td>\n<\/tr>\n<\/tbody>\n<\/table>\n<table style=\"height: 54px;\" width=\"5\">\n<tbody>\n<tr>\n<td width=\"105\"><\/td>\n<\/tr>\n<tr>\n<td width=\"105\"><\/td>\n<\/tr>\n<\/tbody>\n<\/table>\n<\/li>\n<\/ul>\n","protected":false},"excerpt":{"rendered":"<p>Svarbios Clayre &amp; Eef triu\u0161io statulos savyb\u0117s: \u2022 Tikram triu\u0161i\u0173 myl\u0117tojui! \u2022 Puikiai tiks kaip Velyk\u0173 puo\u0161mena, \u2022 Tinka bet kokiai gyvenamajai patalpai, \u2022 Unikalus dizainas. D\u0117ka savo mielo charakterio ir dideli\u0173 aus\u0173 \u0161i triu\u0161o statul\u0117l\u0117 suteiks J\u016bs\u0173 namams i\u0161skirtin\u012f \u012fvaizd\u012f ir nuotaik\u0105. Tai dekoro elementas, kuris tikrai neliks nepasteb\u0117tas, suteiks gyvyb\u0117s J\u016bs\u0173 namams, o &hellip; <br \/><a href=\"https:\/\/duckdeco.lt\/lt\/product\/statulele-zuikis-ii\/\" class=\"more-link\">Continue reading <span class=\"screen-reader-text\">Statul\u0117l\u0117 Zuikis<\/span><\/a><\/p>\n","protected":false},"featured_media":10275,"template":"","meta":{"_monsterinsights_skip_tracking":false,"_monsterinsights_sitenote_active":false,"_monsterinsights_sitenote_note":"","_monsterinsights_sitenote_category":0},"product_brand":[],"product_cat":[103,95,130],"product_tag":[365,149],"class_list":{"0":"post-10268","1":"product","2":"type-product","3":"status-publish","4":"has-post-thumbnail","6":"product_cat-dovanu-idejos","7":"product_cat-interjerui","8":"product_cat-statuleles-deco","9":"product_tag-statulele-zuikis","10":"product_tag-sventine-dekoracija","12":"first","13":"outofstock","14":"taxable","15":"shipping-taxable","16":"purchasable","17":"product-type-simple"},"_links":{"self":[{"href":"https:\/\/duckdeco.lt\/lt\/wp-json\/wp\/v2\/product\/10268","targetHints":{"allow":["GET"]}}],"collection":[{"href":"https:\/\/duckdeco.lt\/lt\/wp-json\/wp\/v2\/product"}],"about":[{"href":"https:\/\/duckdeco.lt\/lt\/wp-json\/wp\/v2\/types\/product"}],"version-history":[{"count":5,"href":"https:\/\/duckdeco.lt\/lt\/wp-json\/wp\/v2\/product\/10268\/revisions"}],"predecessor-version":[{"id":13962,"href":"https:\/\/duckdeco.lt\/lt\/wp-json\/wp\/v2\/product\/10268\/revisions\/13962"}],"wp:featuredmedia":[{"embeddable":true,"href":"https:\/\/duckdeco.lt\/lt\/wp-json\/wp\/v2\/media\/10275"}],"wp:attachment":[{"href":"https:\/\/duckdeco.lt\/lt\/wp-json\/wp\/v2\/media?parent=10268"}],"wp:term":[{"taxonomy":"product_brand","embeddable":true,"href":"https:\/\/duckdeco.lt\/lt\/wp-json\/wp\/v2\/product_brand?post=10268"},{"taxonomy":"product_cat","embeddable":true,"href":"https:\/\/duckdeco.lt\/lt\/wp-json\/wp\/v2\/product_cat?post=10268"},{"taxonomy":"product_tag","embeddable":true,"href":"https:\/\/duckdeco.lt\/lt\/wp-json\/wp\/v2\/product_tag?post=10268"}],"curies":[{"name":"wp","href":"https:\/\/api.w.org\/{rel}","templated":true}]}}