{"id":10336,"date":"2024-02-14T18:00:03","date_gmt":"2024-02-14T18:00:03","guid":{"rendered":"https:\/\/duckdeco.com\/?post_type=product&#038;p=10336"},"modified":"2026-02-26T15:06:37","modified_gmt":"2026-02-26T13:06:37","slug":"zvakide-povas","status":"publish","type":"product","link":"https:\/\/duckdeco.lt\/lt\/product\/zvakide-povas\/","title":{"rendered":"\u017dvakid\u0117 &#8222;Povas&#8221;"},"content":{"rendered":"<ul>\n<li>\u00a0Eleganti\u0161kas povas, tryk\u0161tantis pasidid\u017eiavimu ir tupintis ant auksin\u0117s \u0161akos, papuo\u0161tos \u0161velniais persik\u0173 \u017eiedais.<\/li>\n<li>Blizgios plunksnos pasi\u017eymi nuostabiu brangakmeni\u0173 atspalvi\u0173 \u012fvairove, pereinan\u010diomis nuo gilios \u017ealsvos kar\u016bnos iki nuostabios smaragdo \u017ealios uodegos.<\/li>\n<li>Itin kruop\u0161\u010diai nuda\u017eytas \u201eMajestic Peacock\u201c \u017evaki\u0173 laikiklis yra \u017eavi interjero detal\u0117.<\/li>\n<li>Detal\u0117s: med\u017eiaga &#8211; polirezinas.<\/li>\n<li>Spalva &#8211; \u012fvairiaspalvis.<\/li>\n<li>\n<table style=\"height: 119px;\" width=\"249\">\n<tbody>\n<tr>\n<td width=\"105\">Skersmuo 9,8 cm<\/td>\n<\/tr>\n<tr>\n<td width=\"105\">Auk\u0161tis 29 cm<\/td>\n<\/tr>\n<\/tbody>\n<\/table>\n<\/li>\n<\/ul>\n","protected":false},"excerpt":{"rendered":"<p>\u00a0Eleganti\u0161kas povas, tryk\u0161tantis pasidid\u017eiavimu ir tupintis ant auksin\u0117s \u0161akos, papuo\u0161tos \u0161velniais persik\u0173 \u017eiedais. Blizgios plunksnos pasi\u017eymi nuostabiu brangakmeni\u0173 atspalvi\u0173 \u012fvairove, pereinan\u010diomis nuo gilios \u017ealsvos kar\u016bnos iki nuostabios smaragdo \u017ealios uodegos. Itin kruop\u0161\u010diai nuda\u017eytas \u201eMajestic Peacock\u201c \u017evaki\u0173 laikiklis yra \u017eavi interjero detal\u0117. Detal\u0117s: med\u017eiaga &#8211; polirezinas. Spalva &#8211; \u012fvairiaspalvis. Skersmuo 9,8 cm Auk\u0161tis 29 cm<\/p>\n","protected":false},"featured_media":10337,"template":"","meta":{"_monsterinsights_skip_tracking":false,"_monsterinsights_sitenote_active":false,"_monsterinsights_sitenote_note":"","_monsterinsights_sitenote_category":0},"product_brand":[],"product_cat":[103,107],"product_tag":[],"class_list":{"0":"post-10336","1":"product","2":"type-product","3":"status-publish","4":"has-post-thumbnail","6":"product_cat-dovanu-idejos","7":"product_cat-stilingos-zvakides-zvakes","9":"first","10":"instock","11":"taxable","12":"shipping-taxable","13":"purchasable","14":"product-type-simple"},"_links":{"self":[{"href":"https:\/\/duckdeco.lt\/lt\/wp-json\/wp\/v2\/product\/10336","targetHints":{"allow":["GET"]}}],"collection":[{"href":"https:\/\/duckdeco.lt\/lt\/wp-json\/wp\/v2\/product"}],"about":[{"href":"https:\/\/duckdeco.lt\/lt\/wp-json\/wp\/v2\/types\/product"}],"version-history":[{"count":5,"href":"https:\/\/duckdeco.lt\/lt\/wp-json\/wp\/v2\/product\/10336\/revisions"}],"predecessor-version":[{"id":15799,"href":"https:\/\/duckdeco.lt\/lt\/wp-json\/wp\/v2\/product\/10336\/revisions\/15799"}],"wp:featuredmedia":[{"embeddable":true,"href":"https:\/\/duckdeco.lt\/lt\/wp-json\/wp\/v2\/media\/10337"}],"wp:attachment":[{"href":"https:\/\/duckdeco.lt\/lt\/wp-json\/wp\/v2\/media?parent=10336"}],"wp:term":[{"taxonomy":"product_brand","embeddable":true,"href":"https:\/\/duckdeco.lt\/lt\/wp-json\/wp\/v2\/product_brand?post=10336"},{"taxonomy":"product_cat","embeddable":true,"href":"https:\/\/duckdeco.lt\/lt\/wp-json\/wp\/v2\/product_cat?post=10336"},{"taxonomy":"product_tag","embeddable":true,"href":"https:\/\/duckdeco.lt\/lt\/wp-json\/wp\/v2\/product_tag?post=10336"}],"curies":[{"name":"wp","href":"https:\/\/api.w.org\/{rel}","templated":true}]}}