{"id":10344,"date":"2024-02-16T16:22:45","date_gmt":"2024-02-16T16:22:45","guid":{"rendered":"https:\/\/duckdeco.com\/?post_type=product&#038;p=10344"},"modified":"2024-12-02T13:11:53","modified_gmt":"2024-12-02T11:11:53","slug":"stalo-irankiu-krepselis","status":"publish","type":"product","link":"https:\/\/duckdeco.lt\/lt\/product\/stalo-irankiu-krepselis\/","title":{"rendered":"Stalo \u012franki\u0173 krep\u0161elis"},"content":{"rendered":"<ul>\n<li>Stalo \u012franki\u0173 krep\u0161elis. Baltas ratanas, 4 skil\u010di\u0173.<\/li>\n<li>\n<table style=\"height: 88px;\" width=\"250\">\n<tbody>\n<tr>\n<td width=\"105\">ilgis \/ plotis \/ auk\u0161tis<\/td>\n<\/tr>\n<tr>\n<td width=\"105\">19x19x27 cm<\/td>\n<\/tr>\n<\/tbody>\n<\/table>\n<\/li>\n<\/ul>\n","protected":false},"excerpt":{"rendered":"<p>Stalo \u012franki\u0173 krep\u0161elis. Baltas ratanas, 4 skil\u010di\u0173. ilgis \/ plotis \/ auk\u0161tis 19x19x27 cm<\/p>\n","protected":false},"featured_media":10345,"template":"","meta":{"_monsterinsights_skip_tracking":false,"_monsterinsights_sitenote_active":false,"_monsterinsights_sitenote_note":"","_monsterinsights_sitenote_category":0},"product_brand":[],"product_cat":[95,109],"product_tag":[],"class_list":{"0":"post-10344","1":"product","2":"type-product","3":"status-publish","4":"has-post-thumbnail","6":"product_cat-interjerui","7":"product_cat-serviravimo-indai","9":"first","10":"instock","11":"taxable","12":"shipping-taxable","13":"purchasable","14":"product-type-simple"},"_links":{"self":[{"href":"https:\/\/duckdeco.lt\/lt\/wp-json\/wp\/v2\/product\/10344","targetHints":{"allow":["GET"]}}],"collection":[{"href":"https:\/\/duckdeco.lt\/lt\/wp-json\/wp\/v2\/product"}],"about":[{"href":"https:\/\/duckdeco.lt\/lt\/wp-json\/wp\/v2\/types\/product"}],"version-history":[{"count":2,"href":"https:\/\/duckdeco.lt\/lt\/wp-json\/wp\/v2\/product\/10344\/revisions"}],"predecessor-version":[{"id":10348,"href":"https:\/\/duckdeco.lt\/lt\/wp-json\/wp\/v2\/product\/10344\/revisions\/10348"}],"wp:featuredmedia":[{"embeddable":true,"href":"https:\/\/duckdeco.lt\/lt\/wp-json\/wp\/v2\/media\/10345"}],"wp:attachment":[{"href":"https:\/\/duckdeco.lt\/lt\/wp-json\/wp\/v2\/media?parent=10344"}],"wp:term":[{"taxonomy":"product_brand","embeddable":true,"href":"https:\/\/duckdeco.lt\/lt\/wp-json\/wp\/v2\/product_brand?post=10344"},{"taxonomy":"product_cat","embeddable":true,"href":"https:\/\/duckdeco.lt\/lt\/wp-json\/wp\/v2\/product_cat?post=10344"},{"taxonomy":"product_tag","embeddable":true,"href":"https:\/\/duckdeco.lt\/lt\/wp-json\/wp\/v2\/product_tag?post=10344"}],"curies":[{"name":"wp","href":"https:\/\/api.w.org\/{rel}","templated":true}]}}