{"id":10375,"date":"2024-02-20T18:10:26","date_gmt":"2024-02-20T18:10:26","guid":{"rendered":"https:\/\/duckdeco.com\/?post_type=product&#038;p=10375"},"modified":"2025-02-03T13:31:45","modified_gmt":"2025-02-03T11:31:45","slug":"statulele-elnias","status":"publish","type":"product","link":"https:\/\/duckdeco.lt\/lt\/product\/statulele-elnias\/","title":{"rendered":"Statul\u0117l\u0117 &#8222;Elnias&#8221;"},"content":{"rendered":"<ul>\n<li>Dekoratyvin\u0117 elnio statul\u0117l\u0117, tiems kurie m\u0117gsta prabang\u0105, i\u0161kirtinum\u0105, neabejotinai \u0161i interjero detal\u0117 taps akcentu, kuris tikrai trauks d\u0117mes\u012f.<\/li>\n<li>Papuo\u0161kite savo knyg\u0173 lentyn\u0105, darbo stal\u0105, viet\u0105 kurioje praleid\u017eiate daugiausiai laiko, o gal nustebinkite artimuosius?<\/li>\n<li>Detal\u0117s: med\u017eiaga &#8211; polirezinas.<\/li>\n<li>Spalva &#8211; sendinto aukso.<br \/>\n<table style=\"height: 81px;\" width=\"457\">\n<tbody>\n<tr>\n<td width=\"91\">I\u0161matavimai: Gylis 10. 5 cm \/ Plotis 14.5 cm \/ Auk\u0161tis 32 cm.<\/td>\n<\/tr>\n<\/tbody>\n<\/table>\n<p>&nbsp;<\/li>\n<\/ul>\n","protected":false},"excerpt":{"rendered":"<p>Dekoratyvin\u0117 elnio statul\u0117l\u0117, tiems kurie m\u0117gsta prabang\u0105, i\u0161kirtinum\u0105, neabejotinai \u0161i interjero detal\u0117 taps akcentu, kuris tikrai trauks d\u0117mes\u012f. Papuo\u0161kite savo knyg\u0173 lentyn\u0105, darbo stal\u0105, viet\u0105 kurioje praleid\u017eiate daugiausiai laiko, o gal nustebinkite artimuosius? Detal\u0117s: med\u017eiaga &#8211; polirezinas. Spalva &#8211; sendinto aukso. I\u0161matavimai: Gylis 10. 5 cm \/ Plotis 14.5 cm \/ Auk\u0161tis 32 cm. &nbsp;<\/p>\n","protected":false},"featured_media":11855,"template":"","meta":{"_monsterinsights_skip_tracking":false,"_monsterinsights_sitenote_active":false,"_monsterinsights_sitenote_note":"","_monsterinsights_sitenote_category":0},"product_brand":[],"product_cat":[103,95,130],"product_tag":[271,363],"class_list":{"0":"post-10375","1":"product","2":"type-product","3":"status-publish","4":"has-post-thumbnail","6":"product_cat-dovanu-idejos","7":"product_cat-interjerui","8":"product_cat-statuleles-deco","9":"product_tag-interjero-dekoras","10":"product_tag-statulele-elnias","12":"first","13":"instock","14":"taxable","15":"shipping-taxable","16":"purchasable","17":"product-type-simple"},"_links":{"self":[{"href":"https:\/\/duckdeco.lt\/lt\/wp-json\/wp\/v2\/product\/10375","targetHints":{"allow":["GET"]}}],"collection":[{"href":"https:\/\/duckdeco.lt\/lt\/wp-json\/wp\/v2\/product"}],"about":[{"href":"https:\/\/duckdeco.lt\/lt\/wp-json\/wp\/v2\/types\/product"}],"version-history":[{"count":5,"href":"https:\/\/duckdeco.lt\/lt\/wp-json\/wp\/v2\/product\/10375\/revisions"}],"predecessor-version":[{"id":14358,"href":"https:\/\/duckdeco.lt\/lt\/wp-json\/wp\/v2\/product\/10375\/revisions\/14358"}],"wp:featuredmedia":[{"embeddable":true,"href":"https:\/\/duckdeco.lt\/lt\/wp-json\/wp\/v2\/media\/11855"}],"wp:attachment":[{"href":"https:\/\/duckdeco.lt\/lt\/wp-json\/wp\/v2\/media?parent=10375"}],"wp:term":[{"taxonomy":"product_brand","embeddable":true,"href":"https:\/\/duckdeco.lt\/lt\/wp-json\/wp\/v2\/product_brand?post=10375"},{"taxonomy":"product_cat","embeddable":true,"href":"https:\/\/duckdeco.lt\/lt\/wp-json\/wp\/v2\/product_cat?post=10375"},{"taxonomy":"product_tag","embeddable":true,"href":"https:\/\/duckdeco.lt\/lt\/wp-json\/wp\/v2\/product_tag?post=10375"}],"curies":[{"name":"wp","href":"https:\/\/api.w.org\/{rel}","templated":true}]}}