{"id":10390,"date":"2024-02-20T18:28:10","date_gmt":"2024-02-20T18:28:10","guid":{"rendered":"https:\/\/duckdeco.com\/?post_type=product&#038;p=10390"},"modified":"2024-12-03T09:17:50","modified_gmt":"2024-12-03T07:17:50","slug":"vaza-keiki-kera","status":"publish","type":"product","link":"https:\/\/duckdeco.lt\/lt\/product\/vaza-keiki-kera\/","title":{"rendered":"Vaza &#8222;Keiki Kera&#8221;"},"content":{"rendered":"<ul>\n<li>Kiekvienas interjeras nusipelno \u0161ios gra\u017eios vazos i\u0161 Light&amp;Living kolekcijos.<\/li>\n<li>Ypatingas koral\u0173 pagrindu sukurtas dizainas, unikali i\u0161vaizda, tai meno k\u016brinys vertas d\u0117mesio.<\/li>\n<li>Skirta dirbtin\u0117s kompozicijos, sausoms \u0161akel\u0117ms, neatspari vandeniui.<\/li>\n<li>Detal\u0117s: med\u017eiaga &#8211; keramika.<\/li>\n<li>Spalva &#8211; kremin\u0117 \/ ruda.<\/li>\n<li>\n<table style=\"height: 39px;\" width=\"475\">\n<tbody>\n<tr>\n<td width=\"105\">I\u0161matavimai: Gylis 26,5 cm \/ Plotis 25 cm \/ Auk\u0161tis 31,5 cm<\/td>\n<\/tr>\n<\/tbody>\n<\/table>\n<\/li>\n<\/ul>\n","protected":false},"excerpt":{"rendered":"<p>Kiekvienas interjeras nusipelno \u0161ios gra\u017eios vazos i\u0161 Light&amp;Living kolekcijos. Ypatingas koral\u0173 pagrindu sukurtas dizainas, unikali i\u0161vaizda, tai meno k\u016brinys vertas d\u0117mesio. Skirta dirbtin\u0117s kompozicijos, sausoms \u0161akel\u0117ms, neatspari vandeniui. Detal\u0117s: med\u017eiaga &#8211; keramika. Spalva &#8211; kremin\u0117 \/ ruda. I\u0161matavimai: Gylis 26,5 cm \/ Plotis 25 cm \/ Auk\u0161tis 31,5 cm<\/p>\n","protected":false},"featured_media":10391,"template":"","meta":{"_monsterinsights_skip_tracking":false,"_monsterinsights_sitenote_active":false,"_monsterinsights_sitenote_note":"","_monsterinsights_sitenote_category":0},"product_brand":[],"product_cat":[103,95,101],"product_tag":[],"class_list":{"0":"post-10390","1":"product","2":"type-product","3":"status-publish","4":"has-post-thumbnail","6":"product_cat-dovanu-idejos","7":"product_cat-interjerui","8":"product_cat-vazos","10":"first","11":"instock","12":"taxable","13":"shipping-taxable","14":"purchasable","15":"product-type-simple"},"_links":{"self":[{"href":"https:\/\/duckdeco.lt\/lt\/wp-json\/wp\/v2\/product\/10390","targetHints":{"allow":["GET"]}}],"collection":[{"href":"https:\/\/duckdeco.lt\/lt\/wp-json\/wp\/v2\/product"}],"about":[{"href":"https:\/\/duckdeco.lt\/lt\/wp-json\/wp\/v2\/types\/product"}],"version-history":[{"count":4,"href":"https:\/\/duckdeco.lt\/lt\/wp-json\/wp\/v2\/product\/10390\/revisions"}],"predecessor-version":[{"id":14361,"href":"https:\/\/duckdeco.lt\/lt\/wp-json\/wp\/v2\/product\/10390\/revisions\/14361"}],"wp:featuredmedia":[{"embeddable":true,"href":"https:\/\/duckdeco.lt\/lt\/wp-json\/wp\/v2\/media\/10391"}],"wp:attachment":[{"href":"https:\/\/duckdeco.lt\/lt\/wp-json\/wp\/v2\/media?parent=10390"}],"wp:term":[{"taxonomy":"product_brand","embeddable":true,"href":"https:\/\/duckdeco.lt\/lt\/wp-json\/wp\/v2\/product_brand?post=10390"},{"taxonomy":"product_cat","embeddable":true,"href":"https:\/\/duckdeco.lt\/lt\/wp-json\/wp\/v2\/product_cat?post=10390"},{"taxonomy":"product_tag","embeddable":true,"href":"https:\/\/duckdeco.lt\/lt\/wp-json\/wp\/v2\/product_tag?post=10390"}],"curies":[{"name":"wp","href":"https:\/\/api.w.org\/{rel}","templated":true}]}}