{"id":10402,"date":"2024-02-20T18:41:20","date_gmt":"2024-02-20T18:41:20","guid":{"rendered":"https:\/\/duckdeco.com\/?post_type=product&#038;p=10402"},"modified":"2024-12-02T12:52:08","modified_gmt":"2024-12-02T10:52:08","slug":"zvakide-tukanas","status":"publish","type":"product","link":"https:\/\/duckdeco.lt\/lt\/product\/zvakide-tukanas\/","title":{"rendered":"\u017dvakid\u0117 &#8222;Tukanas&#8221;"},"content":{"rendered":"<ul>\n<li><span class=\"HwtZe\" lang=\"lt\"><span class=\"jCAhz ChMk0b\"><span class=\"ryNqvb\">\u0160is nuostabus \u017evaki\u0173 laikiklis su didingu tukanu, spalvingas ir linksmas.<\/span><\/span> <span class=\"jCAhz\"><span class=\"ryNqvb\">Gra\u017eu, \u012fsp\u016bdinga ir madinga!<\/span><\/span><\/span><\/li>\n<li><span class=\"HwtZe\" lang=\"lt\"><span class=\"jCAhz ChMk0b\"><span class=\"ryNqvb\">U\u017ed\u0117kite vien\u0105 i\u0161 m\u016bs\u0173 kolonini\u0173 \u017evaki\u0173 ant \u017evakid\u0117s ir viskas, J\u016bs turite original\u0173 dekoro element\u0105 savo interjere. <\/span><\/span><\/span><\/li>\n<li><span class=\"HwtZe\" lang=\"lt\"><span class=\"jCAhz ChMk0b\"><span class=\"ryNqvb\">Detal\u0117s: med\u017eiaga &#8211; polirezinas. <\/span><\/span><\/span><\/li>\n<li><span class=\"HwtZe\" lang=\"lt\"><span class=\"jCAhz ChMk0b\"><span class=\"ryNqvb\">Spalva &#8211; \u012fvairiaspalvis. <\/span><\/span><\/span><\/li>\n<li>\n<table style=\"height: 114px;\" width=\"266\">\n<tbody>\n<tr>\n<td width=\"105\">I\u0161matavimai: plotis \/ auk\u0161tis<\/td>\n<\/tr>\n<tr>\n<td width=\"105\">10 cm \/ 29 cm<\/td>\n<\/tr>\n<\/tbody>\n<\/table>\n<\/li>\n<\/ul>\n","protected":false},"excerpt":{"rendered":"<p>\u0160is nuostabus \u017evaki\u0173 laikiklis su didingu tukanu, spalvingas ir linksmas. Gra\u017eu, \u012fsp\u016bdinga ir madinga! U\u017ed\u0117kite vien\u0105 i\u0161 m\u016bs\u0173 kolonini\u0173 \u017evaki\u0173 ant \u017evakid\u0117s ir viskas, J\u016bs turite original\u0173 dekoro element\u0105 savo interjere. Detal\u0117s: med\u017eiaga &#8211; polirezinas. Spalva &#8211; \u012fvairiaspalvis. I\u0161matavimai: plotis \/ auk\u0161tis 10 cm \/ 29 cm<\/p>\n","protected":false},"featured_media":10403,"template":"","meta":{"_monsterinsights_skip_tracking":false,"_monsterinsights_sitenote_active":false,"_monsterinsights_sitenote_note":"","_monsterinsights_sitenote_category":0},"product_brand":[],"product_cat":[103,95,107],"product_tag":[],"class_list":{"0":"post-10402","1":"product","2":"type-product","3":"status-publish","4":"has-post-thumbnail","6":"product_cat-dovanu-idejos","7":"product_cat-interjerui","8":"product_cat-stilingos-zvakides-zvakes","10":"first","11":"instock","12":"taxable","13":"shipping-taxable","14":"purchasable","15":"product-type-simple"},"_links":{"self":[{"href":"https:\/\/duckdeco.lt\/lt\/wp-json\/wp\/v2\/product\/10402","targetHints":{"allow":["GET"]}}],"collection":[{"href":"https:\/\/duckdeco.lt\/lt\/wp-json\/wp\/v2\/product"}],"about":[{"href":"https:\/\/duckdeco.lt\/lt\/wp-json\/wp\/v2\/types\/product"}],"version-history":[{"count":4,"href":"https:\/\/duckdeco.lt\/lt\/wp-json\/wp\/v2\/product\/10402\/revisions"}],"predecessor-version":[{"id":14753,"href":"https:\/\/duckdeco.lt\/lt\/wp-json\/wp\/v2\/product\/10402\/revisions\/14753"}],"wp:featuredmedia":[{"embeddable":true,"href":"https:\/\/duckdeco.lt\/lt\/wp-json\/wp\/v2\/media\/10403"}],"wp:attachment":[{"href":"https:\/\/duckdeco.lt\/lt\/wp-json\/wp\/v2\/media?parent=10402"}],"wp:term":[{"taxonomy":"product_brand","embeddable":true,"href":"https:\/\/duckdeco.lt\/lt\/wp-json\/wp\/v2\/product_brand?post=10402"},{"taxonomy":"product_cat","embeddable":true,"href":"https:\/\/duckdeco.lt\/lt\/wp-json\/wp\/v2\/product_cat?post=10402"},{"taxonomy":"product_tag","embeddable":true,"href":"https:\/\/duckdeco.lt\/lt\/wp-json\/wp\/v2\/product_tag?post=10402"}],"curies":[{"name":"wp","href":"https:\/\/api.w.org\/{rel}","templated":true}]}}