{"id":10428,"date":"2024-02-20T19:03:55","date_gmt":"2024-02-20T19:03:55","guid":{"rendered":"https:\/\/duckdeco.com\/?post_type=product&#038;p=10428"},"modified":"2026-03-13T09:54:41","modified_gmt":"2026-03-13T07:54:41","slug":"vaza-quito-2","status":"publish","type":"product","link":"https:\/\/duckdeco.lt\/lt\/product\/vaza-quito-2\/","title":{"rendered":"Vaza &#8222;Quito&#8221; II"},"content":{"rendered":"<ul>\n<li>Keramika, penki\u0173 \u0161ak\u0173, rudi-raudoni, sidabro atspalviai<\/li>\n<li>\n<table style=\"height: 69px;\" width=\"243\">\n<tbody>\n<tr>\n<td width=\"105\">plotis \/ auk\u0161tis<\/td>\n<\/tr>\n<tr>\n<td width=\"105\">13&#215;15 cm<\/td>\n<\/tr>\n<\/tbody>\n<\/table>\n<\/li>\n<\/ul>\n","protected":false},"excerpt":{"rendered":"<p>Keramika, penki\u0173 \u0161ak\u0173, rudi-raudoni, sidabro atspalviai plotis \/ auk\u0161tis 13&#215;15 cm<\/p>\n","protected":false},"featured_media":10429,"template":"","meta":{"_monsterinsights_skip_tracking":false,"_monsterinsights_sitenote_active":false,"_monsterinsights_sitenote_note":"","_monsterinsights_sitenote_category":0},"product_brand":[],"product_cat":[103,95,101],"product_tag":[],"class_list":{"0":"post-10428","1":"product","2":"type-product","3":"status-publish","4":"has-post-thumbnail","6":"product_cat-dovanu-idejos","7":"product_cat-interjerui","8":"product_cat-vazos","10":"first","11":"instock","12":"taxable","13":"shipping-taxable","14":"purchasable","15":"product-type-simple"},"_links":{"self":[{"href":"https:\/\/duckdeco.lt\/lt\/wp-json\/wp\/v2\/product\/10428","targetHints":{"allow":["GET"]}}],"collection":[{"href":"https:\/\/duckdeco.lt\/lt\/wp-json\/wp\/v2\/product"}],"about":[{"href":"https:\/\/duckdeco.lt\/lt\/wp-json\/wp\/v2\/types\/product"}],"version-history":[{"count":3,"href":"https:\/\/duckdeco.lt\/lt\/wp-json\/wp\/v2\/product\/10428\/revisions"}],"predecessor-version":[{"id":10481,"href":"https:\/\/duckdeco.lt\/lt\/wp-json\/wp\/v2\/product\/10428\/revisions\/10481"}],"wp:featuredmedia":[{"embeddable":true,"href":"https:\/\/duckdeco.lt\/lt\/wp-json\/wp\/v2\/media\/10429"}],"wp:attachment":[{"href":"https:\/\/duckdeco.lt\/lt\/wp-json\/wp\/v2\/media?parent=10428"}],"wp:term":[{"taxonomy":"product_brand","embeddable":true,"href":"https:\/\/duckdeco.lt\/lt\/wp-json\/wp\/v2\/product_brand?post=10428"},{"taxonomy":"product_cat","embeddable":true,"href":"https:\/\/duckdeco.lt\/lt\/wp-json\/wp\/v2\/product_cat?post=10428"},{"taxonomy":"product_tag","embeddable":true,"href":"https:\/\/duckdeco.lt\/lt\/wp-json\/wp\/v2\/product_tag?post=10428"}],"curies":[{"name":"wp","href":"https:\/\/api.w.org\/{rel}","templated":true}]}}