{"id":10469,"date":"2024-02-22T11:47:04","date_gmt":"2024-02-22T11:47:04","guid":{"rendered":"https:\/\/duckdeco.com\/?post_type=product&#038;p=10469"},"modified":"2025-01-20T13:37:50","modified_gmt":"2025-01-20T11:37:50","slug":"padeklu-rinkinys-3-vnt","status":"publish","type":"product","link":"https:\/\/duckdeco.lt\/lt\/product\/padeklu-rinkinys-3-vnt\/","title":{"rendered":"Pad\u0117kl\u0173 rinkinys, 3 vnt."},"content":{"rendered":"<ul>\n<li>Ratanas, baltas, 3 vnt.<\/li>\n<li>\n<table style=\"height: 109px;\" width=\"301\">\n<tbody>\n<tr>\n<td width=\"112\">Ilgis \/ plotis \/ auk\u0161tis<\/td>\n<\/tr>\n<tr>\n<td width=\"112\">\u00d850&#215;7 cm<\/p>\n<p>\u00d845&#215;7 cm<\/p>\n<p>\u00d835&#215;7 cm<\/p>\n<p>&nbsp;<\/td>\n<\/tr>\n<\/tbody>\n<\/table>\n<\/li>\n<\/ul>\n","protected":false},"excerpt":{"rendered":"<p>Ratanas, baltas, 3 vnt. Ilgis \/ plotis \/ auk\u0161tis \u00d850&#215;7 cm \u00d845&#215;7 cm \u00d835&#215;7 cm &nbsp;<\/p>\n","protected":false},"featured_media":10471,"template":"","meta":{"_monsterinsights_skip_tracking":false,"_monsterinsights_sitenote_active":false,"_monsterinsights_sitenote_note":"","_monsterinsights_sitenote_category":0},"product_brand":[],"product_cat":[95,109],"product_tag":[],"class_list":{"0":"post-10469","1":"product","2":"type-product","3":"status-publish","4":"has-post-thumbnail","6":"product_cat-interjerui","7":"product_cat-serviravimo-indai","9":"first","10":"instock","11":"taxable","12":"shipping-taxable","13":"purchasable","14":"product-type-simple"},"_links":{"self":[{"href":"https:\/\/duckdeco.lt\/lt\/wp-json\/wp\/v2\/product\/10469","targetHints":{"allow":["GET"]}}],"collection":[{"href":"https:\/\/duckdeco.lt\/lt\/wp-json\/wp\/v2\/product"}],"about":[{"href":"https:\/\/duckdeco.lt\/lt\/wp-json\/wp\/v2\/types\/product"}],"version-history":[{"count":1,"href":"https:\/\/duckdeco.lt\/lt\/wp-json\/wp\/v2\/product\/10469\/revisions"}],"predecessor-version":[{"id":10472,"href":"https:\/\/duckdeco.lt\/lt\/wp-json\/wp\/v2\/product\/10469\/revisions\/10472"}],"wp:featuredmedia":[{"embeddable":true,"href":"https:\/\/duckdeco.lt\/lt\/wp-json\/wp\/v2\/media\/10471"}],"wp:attachment":[{"href":"https:\/\/duckdeco.lt\/lt\/wp-json\/wp\/v2\/media?parent=10469"}],"wp:term":[{"taxonomy":"product_brand","embeddable":true,"href":"https:\/\/duckdeco.lt\/lt\/wp-json\/wp\/v2\/product_brand?post=10469"},{"taxonomy":"product_cat","embeddable":true,"href":"https:\/\/duckdeco.lt\/lt\/wp-json\/wp\/v2\/product_cat?post=10469"},{"taxonomy":"product_tag","embeddable":true,"href":"https:\/\/duckdeco.lt\/lt\/wp-json\/wp\/v2\/product_tag?post=10469"}],"curies":[{"name":"wp","href":"https:\/\/api.w.org\/{rel}","templated":true}]}}