{"id":10478,"date":"2024-02-22T12:40:55","date_gmt":"2024-02-22T12:40:55","guid":{"rendered":"https:\/\/duckdeco.com\/?post_type=product&#038;p=10478"},"modified":"2024-12-02T12:51:24","modified_gmt":"2024-12-02T10:51:24","slug":"sachmatai","status":"publish","type":"product","link":"https:\/\/duckdeco.lt\/lt\/product\/sachmatai\/","title":{"rendered":"\u0160achmatai"},"content":{"rendered":"<ul>\n<li>Tai privalomas \u017eavingo ir \u0161iuolaiki\u0161kos estetikos interjero papildymas.<\/li>\n<li>Pagaminta i\u0161 patvari\u0173 med\u017eiag\u0173 su i\u0161skirtine apdaila, \u0161is nuostabus k\u016brinys puikiai atspindi prabang\u0173 modern\u0173 dizain\u0105.<\/li>\n<li>\u0160i meni\u0161ka 61&#215;61 cm \u0161achmat\u0173 lenta yra rank\u0173 darbo, tod\u0117l j\u016bs\u0173 dizainas taps i\u0161skirtiniu.<\/li>\n<li>Nor\u0117dami u\u017etikrinti \u0161ios \u0161achmat\u0173 lentos ilgaam\u017ei\u0161kum\u0105 (tiek \u017eaid\u017eiant, tiek naudojant kaip dizaino element\u0105) rekomenduojame laikytis \u0161i\u0173 prie\u017ei\u016bros patarim\u0173:<br \/>\nNed\u0117kite \u0161achmat\u0173 lentos \u0161alia naudojamo \u017eidinio.<br \/>\nVenkite pernelyg didelio saul\u0117s spinduli\u0173 poveikio.<br \/>\nB\u016bkite atsarg\u016bs su d\u017einsais, ar kitais audiniais, kurie gali nuda\u017eyti. Saugokite nuo namini\u0173 gyv\u016bn\u0173, a\u0161tri\u0173 daikt\u0173.<\/li>\n<li>Prek\u0117 u\u017esakoma; terminas 3-4 savait\u0117s.<\/li>\n<\/ul>\n","protected":false},"excerpt":{"rendered":"<p>Tai privalomas \u017eavingo ir \u0161iuolaiki\u0161kos estetikos interjero papildymas. Pagaminta i\u0161 patvari\u0173 med\u017eiag\u0173 su i\u0161skirtine apdaila, \u0161is nuostabus k\u016brinys puikiai atspindi prabang\u0173 modern\u0173 dizain\u0105. \u0160i meni\u0161ka 61&#215;61 cm \u0161achmat\u0173 lenta yra rank\u0173 darbo, tod\u0117l j\u016bs\u0173 dizainas taps i\u0161skirtiniu. Nor\u0117dami u\u017etikrinti \u0161ios \u0161achmat\u0173 lentos ilgaam\u017ei\u0161kum\u0105 (tiek \u017eaid\u017eiant, tiek naudojant kaip dizaino element\u0105) rekomenduojame laikytis \u0161i\u0173 prie\u017ei\u016bros patarim\u0173: &hellip; <br \/><a href=\"https:\/\/duckdeco.lt\/lt\/product\/sachmatai\/\" class=\"more-link\">Continue reading <span class=\"screen-reader-text\">\u0160achmatai<\/span><\/a><\/p>\n","protected":false},"featured_media":11840,"template":"","meta":{"_monsterinsights_skip_tracking":false,"_monsterinsights_sitenote_active":false,"_monsterinsights_sitenote_note":"","_monsterinsights_sitenote_category":0},"product_brand":[],"product_cat":[103],"product_tag":[125,126,128,123,127,124],"class_list":{"0":"post-10478","1":"product","2":"type-product","3":"status-publish","4":"has-post-thumbnail","6":"product_cat-dovanu-idejos","7":"product_tag-kavinei","8":"product_tag-ofisui","9":"product_tag-svetainei","10":"product_tag-terasai","11":"product_tag-valgomajam","12":"product_tag-viesbuciui","14":"first","15":"onbackorder","16":"taxable","17":"shipping-taxable","18":"purchasable","19":"product-type-simple"},"_links":{"self":[{"href":"https:\/\/duckdeco.lt\/lt\/wp-json\/wp\/v2\/product\/10478","targetHints":{"allow":["GET"]}}],"collection":[{"href":"https:\/\/duckdeco.lt\/lt\/wp-json\/wp\/v2\/product"}],"about":[{"href":"https:\/\/duckdeco.lt\/lt\/wp-json\/wp\/v2\/types\/product"}],"version-history":[{"count":2,"href":"https:\/\/duckdeco.lt\/lt\/wp-json\/wp\/v2\/product\/10478\/revisions"}],"predecessor-version":[{"id":14752,"href":"https:\/\/duckdeco.lt\/lt\/wp-json\/wp\/v2\/product\/10478\/revisions\/14752"}],"wp:featuredmedia":[{"embeddable":true,"href":"https:\/\/duckdeco.lt\/lt\/wp-json\/wp\/v2\/media\/11840"}],"wp:attachment":[{"href":"https:\/\/duckdeco.lt\/lt\/wp-json\/wp\/v2\/media?parent=10478"}],"wp:term":[{"taxonomy":"product_brand","embeddable":true,"href":"https:\/\/duckdeco.lt\/lt\/wp-json\/wp\/v2\/product_brand?post=10478"},{"taxonomy":"product_cat","embeddable":true,"href":"https:\/\/duckdeco.lt\/lt\/wp-json\/wp\/v2\/product_cat?post=10478"},{"taxonomy":"product_tag","embeddable":true,"href":"https:\/\/duckdeco.lt\/lt\/wp-json\/wp\/v2\/product_tag?post=10478"}],"curies":[{"name":"wp","href":"https:\/\/api.w.org\/{rel}","templated":true}]}}