{"id":10496,"date":"2024-02-22T13:24:53","date_gmt":"2024-02-22T13:24:53","guid":{"rendered":"https:\/\/duckdeco.com\/?post_type=product&#038;p=10496"},"modified":"2026-02-26T14:32:20","modified_gmt":"2026-02-26T12:32:20","slug":"vaza-keikie","status":"publish","type":"product","link":"https:\/\/duckdeco.lt\/lt\/product\/vaza-keikie\/","title":{"rendered":"Vaza &#8222;Keikie \u201d II"},"content":{"rendered":"<ul>\n<li>Luimes&amp;Luimes prek\u0117s \u017eenklo vaza Kiekie tai modernus dizainas, subtilios linijos, minimalistinis dekoras, visuma kuri papuo\u0161 kiekvien\u0105 interjer\u0105.<\/li>\n<li>Nesvarbu ar pamerksite g\u0117li\u0173, saus\u0173 \u0161akeli\u0173 ar tiesiog pad\u0117site matomiausioje vietoje kaip dekoro element\u0105, ji pagyvins J\u016bs\u0173 erdv\u0119.<\/li>\n<li>Detal\u0117s: med\u017eiaga \u2013 keramika.<\/li>\n<li>Spalva \u2013 geltona.<\/li>\n<li>\n<table style=\"height: 96px;\" width=\"227\">\n<tbody>\n<tr>\n<td width=\"105\">Skersmuo 14,5 cm<\/td>\n<\/tr>\n<tr>\n<td width=\"105\">Auk\u0161tis 22 cm<\/td>\n<\/tr>\n<\/tbody>\n<\/table>\n<\/li>\n<\/ul>\n","protected":false},"excerpt":{"rendered":"<p>Luimes&amp;Luimes prek\u0117s \u017eenklo vaza Kiekie tai modernus dizainas, subtilios linijos, minimalistinis dekoras, visuma kuri papuo\u0161 kiekvien\u0105 interjer\u0105. Nesvarbu ar pamerksite g\u0117li\u0173, saus\u0173 \u0161akeli\u0173 ar tiesiog pad\u0117site matomiausioje vietoje kaip dekoro element\u0105, ji pagyvins J\u016bs\u0173 erdv\u0119. Detal\u0117s: med\u017eiaga \u2013 keramika. Spalva \u2013 geltona. Skersmuo 14,5 cm Auk\u0161tis 22 cm<\/p>\n","protected":false},"featured_media":15794,"template":"","meta":{"_monsterinsights_skip_tracking":false,"_monsterinsights_sitenote_active":false,"_monsterinsights_sitenote_note":"","_monsterinsights_sitenote_category":0},"product_brand":[],"product_cat":[103,95,101],"product_tag":[468],"class_list":{"0":"post-10496","1":"product","2":"type-product","3":"status-publish","4":"has-post-thumbnail","6":"product_cat-dovanu-idejos","7":"product_cat-interjerui","8":"product_cat-vazos","9":"product_tag-keramikine-vaza","11":"first","12":"instock","13":"taxable","14":"shipping-taxable","15":"purchasable","16":"product-type-simple"},"_links":{"self":[{"href":"https:\/\/duckdeco.lt\/lt\/wp-json\/wp\/v2\/product\/10496","targetHints":{"allow":["GET"]}}],"collection":[{"href":"https:\/\/duckdeco.lt\/lt\/wp-json\/wp\/v2\/product"}],"about":[{"href":"https:\/\/duckdeco.lt\/lt\/wp-json\/wp\/v2\/types\/product"}],"version-history":[{"count":5,"href":"https:\/\/duckdeco.lt\/lt\/wp-json\/wp\/v2\/product\/10496\/revisions"}],"predecessor-version":[{"id":15793,"href":"https:\/\/duckdeco.lt\/lt\/wp-json\/wp\/v2\/product\/10496\/revisions\/15793"}],"wp:featuredmedia":[{"embeddable":true,"href":"https:\/\/duckdeco.lt\/lt\/wp-json\/wp\/v2\/media\/15794"}],"wp:attachment":[{"href":"https:\/\/duckdeco.lt\/lt\/wp-json\/wp\/v2\/media?parent=10496"}],"wp:term":[{"taxonomy":"product_brand","embeddable":true,"href":"https:\/\/duckdeco.lt\/lt\/wp-json\/wp\/v2\/product_brand?post=10496"},{"taxonomy":"product_cat","embeddable":true,"href":"https:\/\/duckdeco.lt\/lt\/wp-json\/wp\/v2\/product_cat?post=10496"},{"taxonomy":"product_tag","embeddable":true,"href":"https:\/\/duckdeco.lt\/lt\/wp-json\/wp\/v2\/product_tag?post=10496"}],"curies":[{"name":"wp","href":"https:\/\/api.w.org\/{rel}","templated":true}]}}