{"id":10505,"date":"2024-02-22T13:31:25","date_gmt":"2024-02-22T13:31:25","guid":{"rendered":"https:\/\/duckdeco.com\/?post_type=product&#038;p=10505"},"modified":"2026-03-13T09:44:32","modified_gmt":"2026-03-13T07:44:32","slug":"vaza-keikie-iii","status":"publish","type":"product","link":"https:\/\/duckdeco.lt\/lt\/product\/vaza-keikie-iii\/","title":{"rendered":"Vaza &#8222;Keikie&#8221; III"},"content":{"rendered":"<ul>\n<li>Luimes&amp;Luimes prek\u0117s \u017eenklo vaza Kiekie tai modernus dizainas, subtilios linijos, minimalistinis dekoras , visuma kuri papuo\u0161 kiekvien\u0105 interjer\u0105.<\/li>\n<li>Nesvarbu ar pamerksite g\u0117li\u0173, saus\u0173 \u0161akeli\u0173 ar tiesiog pad\u0117site matomiausioje vietoje kaip dekoro element\u0105, ji pagyvins J\u016bs\u0173 erdv\u0119.<\/li>\n<li>Derinkite keli\u0173 skirting\u0173 dyd\u017ei\u0173 bei form\u0173 vazas.<\/li>\n<li>Detal\u0117s: med\u017eiaga \u2013 keramika.<\/li>\n<li>Spalva \u2013 geltona.<\/li>\n<\/ul>\n<ul>\n<li>\n<table style=\"height: 96px;\" width=\"227\">\n<tbody>\n<tr>\n<td width=\"105\">Plotis \/ auk\u0161tis<\/td>\n<\/tr>\n<tr>\n<td width=\"105\">11 cm \/ 24 cm<\/td>\n<\/tr>\n<\/tbody>\n<\/table>\n<\/li>\n<\/ul>\n","protected":false},"excerpt":{"rendered":"<p>Luimes&amp;Luimes prek\u0117s \u017eenklo vaza Kiekie tai modernus dizainas, subtilios linijos, minimalistinis dekoras , visuma kuri papuo\u0161 kiekvien\u0105 interjer\u0105. Nesvarbu ar pamerksite g\u0117li\u0173, saus\u0173 \u0161akeli\u0173 ar tiesiog pad\u0117site matomiausioje vietoje kaip dekoro element\u0105, ji pagyvins J\u016bs\u0173 erdv\u0119. Derinkite keli\u0173 skirting\u0173 dyd\u017ei\u0173 bei form\u0173 vazas. Detal\u0117s: med\u017eiaga \u2013 keramika. Spalva \u2013 geltona. Plotis \/ auk\u0161tis 11 cm &hellip; <br \/><a href=\"https:\/\/duckdeco.lt\/lt\/product\/vaza-keikie-iii\/\" class=\"more-link\">Continue reading <span class=\"screen-reader-text\">Vaza &#8222;Keikie&#8221; III<\/span><\/a><\/p>\n","protected":false},"featured_media":11392,"template":"","meta":{"_monsterinsights_skip_tracking":false,"_monsterinsights_sitenote_active":false,"_monsterinsights_sitenote_note":"","_monsterinsights_sitenote_category":0},"product_brand":[],"product_cat":[101],"product_tag":[],"class_list":{"0":"post-10505","1":"product","2":"type-product","3":"status-publish","4":"has-post-thumbnail","6":"product_cat-vazos","8":"first","9":"outofstock","10":"taxable","11":"shipping-taxable","12":"purchasable","13":"product-type-simple"},"_links":{"self":[{"href":"https:\/\/duckdeco.lt\/lt\/wp-json\/wp\/v2\/product\/10505","targetHints":{"allow":["GET"]}}],"collection":[{"href":"https:\/\/duckdeco.lt\/lt\/wp-json\/wp\/v2\/product"}],"about":[{"href":"https:\/\/duckdeco.lt\/lt\/wp-json\/wp\/v2\/types\/product"}],"version-history":[{"count":3,"href":"https:\/\/duckdeco.lt\/lt\/wp-json\/wp\/v2\/product\/10505\/revisions"}],"predecessor-version":[{"id":14374,"href":"https:\/\/duckdeco.lt\/lt\/wp-json\/wp\/v2\/product\/10505\/revisions\/14374"}],"wp:featuredmedia":[{"embeddable":true,"href":"https:\/\/duckdeco.lt\/lt\/wp-json\/wp\/v2\/media\/11392"}],"wp:attachment":[{"href":"https:\/\/duckdeco.lt\/lt\/wp-json\/wp\/v2\/media?parent=10505"}],"wp:term":[{"taxonomy":"product_brand","embeddable":true,"href":"https:\/\/duckdeco.lt\/lt\/wp-json\/wp\/v2\/product_brand?post=10505"},{"taxonomy":"product_cat","embeddable":true,"href":"https:\/\/duckdeco.lt\/lt\/wp-json\/wp\/v2\/product_cat?post=10505"},{"taxonomy":"product_tag","embeddable":true,"href":"https:\/\/duckdeco.lt\/lt\/wp-json\/wp\/v2\/product_tag?post=10505"}],"curies":[{"name":"wp","href":"https:\/\/api.w.org\/{rel}","templated":true}]}}