{"id":10507,"date":"2024-02-22T13:52:00","date_gmt":"2024-02-22T13:52:00","guid":{"rendered":"https:\/\/duckdeco.com\/?post_type=product&#038;p=10507"},"modified":"2024-12-03T09:13:32","modified_gmt":"2024-12-03T07:13:32","slug":"vaza-quito-iii","status":"publish","type":"product","link":"https:\/\/duckdeco.lt\/lt\/product\/vaza-quito-iii\/","title":{"rendered":"Vaza &#8222;Quito&#8221; III"},"content":{"rendered":"<ul>\n<li><span class=\"HwtZe\" lang=\"lt\"><span class=\"jCAhz ChMk0b\"><span class=\"ryNqvb\">D\u0117l savo nat\u016brali\u0173 linij\u0173 ir ypatingo dizaino Quito vaza puikiai tiks bet kokiam interjerui. <\/span><\/span><\/span><\/li>\n<li><span class=\"HwtZe\" lang=\"lt\"><span class=\"jCAhz ChMk0b\"><span class=\"ryNqvb\">5 \u0161ak\u0173, dekoruota \u017eaismingais lapeliais, sukurs ypating\u0105 atmosfer\u0105 J\u016bs\u0173 namuose. <\/span><\/span><span class=\"jCAhz ChMk0b\"><span class=\"ryNqvb\">Kiekvienai g\u0117lei ji suteiks papildomos vert\u0117s, kurios ji nusipeln\u0117.<\/span><\/span>\u00a0 <\/span><\/li>\n<li><span class=\"HwtZe\" lang=\"lt\"><span class=\"jCAhz ChMk0b\"><span class=\"ryNqvb\">Vazos gaminamos profesionaliai, tradiciniu b\u016bdu, tod\u0117l gali atsirasti nedideli\u0173 spalvos ir dyd\u017eio skirtum\u0173. <\/span><\/span><span class=\"jCAhz ChMk0b\"><span class=\"ryNqvb\">Statant vaz\u0105, patartina j\u0105 d\u0117ti ant pad\u0117kliuko ar veltinio, kad nepakeist\u0173 pavir\u0161iaus spalvos. <\/span><\/span><\/span><\/li>\n<li><span class=\"HwtZe\" lang=\"lt\"><span class=\"jCAhz ChMk0b\"><span class=\"ryNqvb\">Sukurkite kompozicij\u0105 i\u0161 keli\u0173 skirting\u0173 dyd\u017ei\u0173 vaz\u0173. <\/span><\/span><\/span><\/li>\n<li><span class=\"HwtZe\" lang=\"lt\"><span class=\"jCAhz ChMk0b\"><span class=\"ryNqvb\">Detal\u0117s: med\u017eiaga \u2013 keramika. <\/span><\/span><\/span><\/li>\n<li><span class=\"HwtZe\" lang=\"lt\"><span class=\"jCAhz ChMk0b\"><span class=\"ryNqvb\">Spalva \u2013 geltona \/ raudona. <\/span><\/span><\/span><\/li>\n<li><span class=\"HwtZe\" lang=\"lt\"><span class=\"jCAhz ChMk0b\"><span class=\"ryNqvb\">Atspari vandeniui.<\/span><\/span><\/span><\/li>\n<\/ul>\n<table style=\"height: 112px;\" width=\"194\">\n<tbody>\n<tr>\n<td width=\"105\">Plotis \/ auk\u0161tis<\/td>\n<\/tr>\n<tr>\n<td width=\"105\">16 cm \/ 18 cm<\/td>\n<\/tr>\n<\/tbody>\n<\/table>\n","protected":false},"excerpt":{"rendered":"<p>D\u0117l savo nat\u016brali\u0173 linij\u0173 ir ypatingo dizaino Quito vaza puikiai tiks bet kokiam interjerui. 5 \u0161ak\u0173, dekoruota \u017eaismingais lapeliais, sukurs ypating\u0105 atmosfer\u0105 J\u016bs\u0173 namuose. Kiekvienai g\u0117lei ji suteiks papildomos vert\u0117s, kurios ji nusipeln\u0117.\u00a0 Vazos gaminamos profesionaliai, tradiciniu b\u016bdu, tod\u0117l gali atsirasti nedideli\u0173 spalvos ir dyd\u017eio skirtum\u0173. Statant vaz\u0105, patartina j\u0105 d\u0117ti ant pad\u0117kliuko ar veltinio, &hellip; <br \/><a href=\"https:\/\/duckdeco.lt\/lt\/product\/vaza-quito-iii\/\" class=\"more-link\">Continue reading <span class=\"screen-reader-text\">Vaza &#8222;Quito&#8221; III<\/span><\/a><\/p>\n","protected":false},"featured_media":10482,"template":"","meta":{"_monsterinsights_skip_tracking":false,"_monsterinsights_sitenote_active":false,"_monsterinsights_sitenote_note":"","_monsterinsights_sitenote_category":0},"product_brand":[],"product_cat":[103,95,101],"product_tag":[],"class_list":{"0":"post-10507","1":"product","2":"type-product","3":"status-publish","4":"has-post-thumbnail","6":"product_cat-dovanu-idejos","7":"product_cat-interjerui","8":"product_cat-vazos","10":"first","11":"instock","12":"taxable","13":"shipping-taxable","14":"purchasable","15":"product-type-simple"},"_links":{"self":[{"href":"https:\/\/duckdeco.lt\/lt\/wp-json\/wp\/v2\/product\/10507","targetHints":{"allow":["GET"]}}],"collection":[{"href":"https:\/\/duckdeco.lt\/lt\/wp-json\/wp\/v2\/product"}],"about":[{"href":"https:\/\/duckdeco.lt\/lt\/wp-json\/wp\/v2\/types\/product"}],"version-history":[{"count":3,"href":"https:\/\/duckdeco.lt\/lt\/wp-json\/wp\/v2\/product\/10507\/revisions"}],"predecessor-version":[{"id":14375,"href":"https:\/\/duckdeco.lt\/lt\/wp-json\/wp\/v2\/product\/10507\/revisions\/14375"}],"wp:featuredmedia":[{"embeddable":true,"href":"https:\/\/duckdeco.lt\/lt\/wp-json\/wp\/v2\/media\/10482"}],"wp:attachment":[{"href":"https:\/\/duckdeco.lt\/lt\/wp-json\/wp\/v2\/media?parent=10507"}],"wp:term":[{"taxonomy":"product_brand","embeddable":true,"href":"https:\/\/duckdeco.lt\/lt\/wp-json\/wp\/v2\/product_brand?post=10507"},{"taxonomy":"product_cat","embeddable":true,"href":"https:\/\/duckdeco.lt\/lt\/wp-json\/wp\/v2\/product_cat?post=10507"},{"taxonomy":"product_tag","embeddable":true,"href":"https:\/\/duckdeco.lt\/lt\/wp-json\/wp\/v2\/product_tag?post=10507"}],"curies":[{"name":"wp","href":"https:\/\/api.w.org\/{rel}","templated":true}]}}