{"id":10510,"date":"2024-02-22T14:48:27","date_gmt":"2024-02-22T14:48:27","guid":{"rendered":"https:\/\/duckdeco.com\/?post_type=product&#038;p=10510"},"modified":"2024-12-03T09:12:12","modified_gmt":"2024-12-03T07:12:12","slug":"vaza-nitali-zand","status":"publish","type":"product","link":"https:\/\/duckdeco.lt\/lt\/product\/vaza-nitali-zand\/","title":{"rendered":"Vaza &#8222;Nitali Zand&#8221;"},"content":{"rendered":"<ul>\n<li><span class=\"HwtZe\" lang=\"lt\"><span class=\"jCAhz ChMk0b\"><span class=\"ryNqvb\">Suteikite savo interjerui kaimi\u0161ko \u017eavesio su sm\u0117lio spalvos keramikine dekoratyvine vaza i\u0161 Light&amp;Living kolekcijos. <\/span><\/span><\/span><\/li>\n<li><span class=\"HwtZe\" lang=\"lt\"><span class=\"jCAhz ChMk0b\"><span class=\"ryNqvb\">Atraskite NITALI vaz\u0105 \u2013 gra\u017ei\u0105 dekoratyvin\u0119 detal\u0119, kuri praturtina j\u016bs\u0173 interjer\u0105 kaimi\u0161ka i\u0161vaizda ir nesenstan\u010diu dizainu.<\/span><\/span> <span class=\"jCAhz ChMk0b\"><span class=\"ryNqvb\">D\u0117l paprasto, bet eleganti\u0161ko dizaino NITALI vaza puikiai dera prie \u012fvairi\u0173 interjero stili\u0173. <\/span><\/span> <\/span><\/li>\n<li><span class=\"HwtZe\" lang=\"lt\"><span class=\"jCAhz ChMk0b\"><span class=\"ryNqvb\">Auk\u0161tos kokyb\u0117s keramika: Pagaminta i\u0161 auk\u0161tos kokyb\u0117s keramikos, NITALI vaza pasi\u017eymi ilgaam\u017ei\u0161kumu.\u00a0<\/span><\/span> <\/span><\/li>\n<li><span class=\"HwtZe\" lang=\"lt\"><span class=\"jCAhz ChMk0b\"><span class=\"ryNqvb\">Subtili tekst\u016bra ir \u0161ilti tonai suteikia vazai jauki\u0105 ir kerin\u010di\u0105 i\u0161vaizd\u0105. <\/span><\/span><span class=\"jCAhz ChMk0b\"><span class=\"ryNqvb\">Tvirta med\u017eiaga ir meistri\u0161kumas u\u017etikrina, kad vaza ilgai i\u0161liks gra\u017ei ir atlaikys kasdien\u012f naudojim\u0105.<\/span><\/span> <\/span><\/li>\n<li><span class=\"HwtZe\" lang=\"lt\"><span class=\"jCAhz ChMk0b\"><span class=\"ryNqvb\">Nesvarbu, ar naudosite j\u0105 kaip dekoratyvin\u012f akcent\u0105, ar kaip funkcin\u012f element\u0105, \u0161i vaza suteiks j\u016bs\u0173 erdvei i\u0161skirtinumo.<\/span><\/span><\/span><\/li>\n<li>Detal\u0117s: med\u017eiaga &#8211; keramika.<\/li>\n<li>Spalva &#8211; sm\u0117lio.<\/li>\n<li>\n<table style=\"height: 98px;\" width=\"286\">\n<tbody>\n<tr>\n<td width=\"105\">Plotis \/ auk\u0161tis<\/td>\n<\/tr>\n<tr>\n<td width=\"105\">18,5 cm \/ 37,5 cm<\/td>\n<\/tr>\n<\/tbody>\n<\/table>\n<\/li>\n<\/ul>\n","protected":false},"excerpt":{"rendered":"<p>Suteikite savo interjerui kaimi\u0161ko \u017eavesio su sm\u0117lio spalvos keramikine dekoratyvine vaza i\u0161 Light&amp;Living kolekcijos. Atraskite NITALI vaz\u0105 \u2013 gra\u017ei\u0105 dekoratyvin\u0119 detal\u0119, kuri praturtina j\u016bs\u0173 interjer\u0105 kaimi\u0161ka i\u0161vaizda ir nesenstan\u010diu dizainu. D\u0117l paprasto, bet eleganti\u0161ko dizaino NITALI vaza puikiai dera prie \u012fvairi\u0173 interjero stili\u0173. Auk\u0161tos kokyb\u0117s keramika: Pagaminta i\u0161 auk\u0161tos kokyb\u0117s keramikos, NITALI vaza pasi\u017eymi ilgaam\u017ei\u0161kumu.\u00a0 &hellip; <br \/><a href=\"https:\/\/duckdeco.lt\/lt\/product\/vaza-nitali-zand\/\" class=\"more-link\">Continue reading <span class=\"screen-reader-text\">Vaza &#8222;Nitali Zand&#8221;<\/span><\/a><\/p>\n","protected":false},"featured_media":10511,"template":"","meta":{"_monsterinsights_skip_tracking":false,"_monsterinsights_sitenote_active":false,"_monsterinsights_sitenote_note":"","_monsterinsights_sitenote_category":0},"product_brand":[],"product_cat":[103,95,101],"product_tag":[],"class_list":{"0":"post-10510","1":"product","2":"type-product","3":"status-publish","4":"has-post-thumbnail","6":"product_cat-dovanu-idejos","7":"product_cat-interjerui","8":"product_cat-vazos","10":"first","11":"instock","12":"taxable","13":"shipping-taxable","14":"purchasable","15":"product-type-simple"},"_links":{"self":[{"href":"https:\/\/duckdeco.lt\/lt\/wp-json\/wp\/v2\/product\/10510","targetHints":{"allow":["GET"]}}],"collection":[{"href":"https:\/\/duckdeco.lt\/lt\/wp-json\/wp\/v2\/product"}],"about":[{"href":"https:\/\/duckdeco.lt\/lt\/wp-json\/wp\/v2\/types\/product"}],"version-history":[{"count":3,"href":"https:\/\/duckdeco.lt\/lt\/wp-json\/wp\/v2\/product\/10510\/revisions"}],"predecessor-version":[{"id":14376,"href":"https:\/\/duckdeco.lt\/lt\/wp-json\/wp\/v2\/product\/10510\/revisions\/14376"}],"wp:featuredmedia":[{"embeddable":true,"href":"https:\/\/duckdeco.lt\/lt\/wp-json\/wp\/v2\/media\/10511"}],"wp:attachment":[{"href":"https:\/\/duckdeco.lt\/lt\/wp-json\/wp\/v2\/media?parent=10510"}],"wp:term":[{"taxonomy":"product_brand","embeddable":true,"href":"https:\/\/duckdeco.lt\/lt\/wp-json\/wp\/v2\/product_brand?post=10510"},{"taxonomy":"product_cat","embeddable":true,"href":"https:\/\/duckdeco.lt\/lt\/wp-json\/wp\/v2\/product_cat?post=10510"},{"taxonomy":"product_tag","embeddable":true,"href":"https:\/\/duckdeco.lt\/lt\/wp-json\/wp\/v2\/product_tag?post=10510"}],"curies":[{"name":"wp","href":"https:\/\/api.w.org\/{rel}","templated":true}]}}