{"id":10570,"date":"2024-02-22T17:51:15","date_gmt":"2024-02-22T17:51:15","guid":{"rendered":"https:\/\/duckdeco.com\/?post_type=product&#038;p=10570"},"modified":"2024-12-03T09:09:59","modified_gmt":"2024-12-03T07:09:59","slug":"dubuo","status":"publish","type":"product","link":"https:\/\/duckdeco.lt\/lt\/product\/dubuo\/","title":{"rendered":"Dubuo L"},"content":{"rendered":"<ul>\n<li>Metalinis dubuo.<\/li>\n<li>Spalva: \u017ealia-bronza.<\/li>\n<li>\n<table style=\"height: 72px;\" width=\"432\">\n<tbody>\n<tr>\n<td width=\"220\">Skersmuo \u00d831 cm<\/p>\n<p>Auk\u0161tis 31 cm<\/td>\n<\/tr>\n<\/tbody>\n<\/table>\n<\/li>\n<\/ul>\n","protected":false},"excerpt":{"rendered":"<p>Metalinis dubuo. Spalva: \u017ealia-bronza. Skersmuo \u00d831 cm Auk\u0161tis 31 cm<\/p>\n","protected":false},"featured_media":10572,"template":"","meta":{"_monsterinsights_skip_tracking":false,"_monsterinsights_sitenote_active":false,"_monsterinsights_sitenote_note":"","_monsterinsights_sitenote_category":0},"product_brand":[],"product_cat":[95,109],"product_tag":[126,128,127],"class_list":{"0":"post-10570","1":"product","2":"type-product","3":"status-publish","4":"has-post-thumbnail","6":"product_cat-interjerui","7":"product_cat-serviravimo-indai","8":"product_tag-ofisui","9":"product_tag-svetainei","10":"product_tag-valgomajam","12":"first","13":"instock","14":"taxable","15":"shipping-taxable","16":"purchasable","17":"product-type-simple"},"_links":{"self":[{"href":"https:\/\/duckdeco.lt\/lt\/wp-json\/wp\/v2\/product\/10570","targetHints":{"allow":["GET"]}}],"collection":[{"href":"https:\/\/duckdeco.lt\/lt\/wp-json\/wp\/v2\/product"}],"about":[{"href":"https:\/\/duckdeco.lt\/lt\/wp-json\/wp\/v2\/types\/product"}],"version-history":[{"count":2,"href":"https:\/\/duckdeco.lt\/lt\/wp-json\/wp\/v2\/product\/10570\/revisions"}],"predecessor-version":[{"id":10574,"href":"https:\/\/duckdeco.lt\/lt\/wp-json\/wp\/v2\/product\/10570\/revisions\/10574"}],"wp:featuredmedia":[{"embeddable":true,"href":"https:\/\/duckdeco.lt\/lt\/wp-json\/wp\/v2\/media\/10572"}],"wp:attachment":[{"href":"https:\/\/duckdeco.lt\/lt\/wp-json\/wp\/v2\/media?parent=10570"}],"wp:term":[{"taxonomy":"product_brand","embeddable":true,"href":"https:\/\/duckdeco.lt\/lt\/wp-json\/wp\/v2\/product_brand?post=10570"},{"taxonomy":"product_cat","embeddable":true,"href":"https:\/\/duckdeco.lt\/lt\/wp-json\/wp\/v2\/product_cat?post=10570"},{"taxonomy":"product_tag","embeddable":true,"href":"https:\/\/duckdeco.lt\/lt\/wp-json\/wp\/v2\/product_tag?post=10570"}],"curies":[{"name":"wp","href":"https:\/\/api.w.org\/{rel}","templated":true}]}}