{"id":10575,"date":"2024-02-22T17:52:03","date_gmt":"2024-02-22T17:52:03","guid":{"rendered":"https:\/\/duckdeco.com\/?post_type=product&#038;p=10575"},"modified":"2026-02-26T23:25:09","modified_gmt":"2026-02-26T21:25:09","slug":"dubuo-m","status":"publish","type":"product","link":"https:\/\/duckdeco.lt\/lt\/product\/dubuo-m\/","title":{"rendered":"Dubuo M"},"content":{"rendered":"<ul>\n<li>Metalinis dubuo.<\/li>\n<li>Spalva: \u017ealia-bronza.<\/li>\n<li>\n<table style=\"height: 72px;\" width=\"432\">\n<tbody>\n<tr>\n<td width=\"220\">Skersmuo \u00d824 cm<\/p>\n<p>Auk\u0161tis 24 cm<\/td>\n<\/tr>\n<\/tbody>\n<\/table>\n<\/li>\n<\/ul>\n","protected":false},"excerpt":{"rendered":"<p>Metalinis dubuo. Spalva: \u017ealia-bronza. Skersmuo \u00d824 cm Auk\u0161tis 24 cm<\/p>\n","protected":false},"featured_media":10576,"template":"","meta":{"_monsterinsights_skip_tracking":false,"_monsterinsights_sitenote_active":false,"_monsterinsights_sitenote_note":"","_monsterinsights_sitenote_category":0},"product_brand":[],"product_cat":[95,109],"product_tag":[125,128,127],"class_list":{"0":"post-10575","1":"product","2":"type-product","3":"status-publish","4":"has-post-thumbnail","6":"product_cat-interjerui","7":"product_cat-serviravimo-indai","8":"product_tag-kavinei","9":"product_tag-svetainei","10":"product_tag-valgomajam","12":"first","13":"outofstock","14":"taxable","15":"shipping-taxable","16":"purchasable","17":"product-type-simple"},"_links":{"self":[{"href":"https:\/\/duckdeco.lt\/lt\/wp-json\/wp\/v2\/product\/10575","targetHints":{"allow":["GET"]}}],"collection":[{"href":"https:\/\/duckdeco.lt\/lt\/wp-json\/wp\/v2\/product"}],"about":[{"href":"https:\/\/duckdeco.lt\/lt\/wp-json\/wp\/v2\/types\/product"}],"version-history":[{"count":2,"href":"https:\/\/duckdeco.lt\/lt\/wp-json\/wp\/v2\/product\/10575\/revisions"}],"predecessor-version":[{"id":15818,"href":"https:\/\/duckdeco.lt\/lt\/wp-json\/wp\/v2\/product\/10575\/revisions\/15818"}],"wp:featuredmedia":[{"embeddable":true,"href":"https:\/\/duckdeco.lt\/lt\/wp-json\/wp\/v2\/media\/10576"}],"wp:attachment":[{"href":"https:\/\/duckdeco.lt\/lt\/wp-json\/wp\/v2\/media?parent=10575"}],"wp:term":[{"taxonomy":"product_brand","embeddable":true,"href":"https:\/\/duckdeco.lt\/lt\/wp-json\/wp\/v2\/product_brand?post=10575"},{"taxonomy":"product_cat","embeddable":true,"href":"https:\/\/duckdeco.lt\/lt\/wp-json\/wp\/v2\/product_cat?post=10575"},{"taxonomy":"product_tag","embeddable":true,"href":"https:\/\/duckdeco.lt\/lt\/wp-json\/wp\/v2\/product_tag?post=10575"}],"curies":[{"name":"wp","href":"https:\/\/api.w.org\/{rel}","templated":true}]}}