{"id":10592,"date":"2024-02-22T18:21:43","date_gmt":"2024-02-22T18:21:43","guid":{"rendered":"https:\/\/duckdeco.com\/?post_type=product&#038;p=10592"},"modified":"2025-11-12T12:14:45","modified_gmt":"2025-11-12T10:14:45","slug":"zvakide-2","status":"publish","type":"product","link":"https:\/\/duckdeco.lt\/lt\/product\/zvakide-2\/","title":{"rendered":"\u017dvakid\u0117 II"},"content":{"rendered":"<ul>\n<li>\u012evairi\u0173 spalv\u0173 kri\u0161tolinio stiklo \u017evakid\u0117. Geltonos, ro\u017ein\u0117s, violetin\u0117s spalvos.<\/li>\n<li>\n<table width=\"220\">\n<tbody>\n<tr>\n<td width=\"220\">Ilgis \/ plotis \/ auk\u0161tis<\/td>\n<\/tr>\n<tr>\n<td width=\"220\">7x7x12 cm<\/td>\n<\/tr>\n<\/tbody>\n<\/table>\n<\/li>\n<li>\u017dvakid\u0117 parduodama be \u017evaki\u0173. \u017dvakes galima pasirinkti:<\/li>\n<\/ul>\n","protected":false},"excerpt":{"rendered":"<p>\u012evairi\u0173 spalv\u0173 kri\u0161tolinio stiklo \u017evakid\u0117. Geltonos, ro\u017ein\u0117s, violetin\u0117s spalvos. Ilgis \/ plotis \/ auk\u0161tis 7x7x12 cm \u017dvakid\u0117 parduodama be \u017evaki\u0173. \u017dvakes galima pasirinkti:<\/p>\n","protected":false},"featured_media":12902,"template":"","meta":{"_monsterinsights_skip_tracking":false,"_monsterinsights_sitenote_active":false,"_monsterinsights_sitenote_note":"","_monsterinsights_sitenote_category":0},"product_brand":[],"product_cat":[106,103,107],"product_tag":[],"class_list":{"0":"post-10592","1":"product","2":"type-product","3":"status-publish","4":"has-post-thumbnail","6":"product_cat-dekoras-sventems","7":"product_cat-dovanu-idejos","8":"product_cat-stilingos-zvakides-zvakes","10":"first","11":"instock","12":"taxable","13":"shipping-taxable","14":"purchasable","15":"product-type-simple"},"_links":{"self":[{"href":"https:\/\/duckdeco.lt\/lt\/wp-json\/wp\/v2\/product\/10592","targetHints":{"allow":["GET"]}}],"collection":[{"href":"https:\/\/duckdeco.lt\/lt\/wp-json\/wp\/v2\/product"}],"about":[{"href":"https:\/\/duckdeco.lt\/lt\/wp-json\/wp\/v2\/types\/product"}],"version-history":[{"count":3,"href":"https:\/\/duckdeco.lt\/lt\/wp-json\/wp\/v2\/product\/10592\/revisions"}],"predecessor-version":[{"id":11570,"href":"https:\/\/duckdeco.lt\/lt\/wp-json\/wp\/v2\/product\/10592\/revisions\/11570"}],"wp:featuredmedia":[{"embeddable":true,"href":"https:\/\/duckdeco.lt\/lt\/wp-json\/wp\/v2\/media\/12902"}],"wp:attachment":[{"href":"https:\/\/duckdeco.lt\/lt\/wp-json\/wp\/v2\/media?parent=10592"}],"wp:term":[{"taxonomy":"product_brand","embeddable":true,"href":"https:\/\/duckdeco.lt\/lt\/wp-json\/wp\/v2\/product_brand?post=10592"},{"taxonomy":"product_cat","embeddable":true,"href":"https:\/\/duckdeco.lt\/lt\/wp-json\/wp\/v2\/product_cat?post=10592"},{"taxonomy":"product_tag","embeddable":true,"href":"https:\/\/duckdeco.lt\/lt\/wp-json\/wp\/v2\/product_tag?post=10592"}],"curies":[{"name":"wp","href":"https:\/\/api.w.org\/{rel}","templated":true}]}}