{"id":10628,"date":"2024-02-22T19:11:48","date_gmt":"2024-02-22T19:11:48","guid":{"rendered":"https:\/\/duckdeco.com\/?post_type=product&#038;p=10628"},"modified":"2024-12-02T15:33:31","modified_gmt":"2024-12-02T13:33:31","slug":"zvakide-5","status":"publish","type":"product","link":"https:\/\/duckdeco.lt\/lt\/product\/zvakide-5\/","title":{"rendered":"\u017dvakid\u0117 V"},"content":{"rendered":"<ul>\n<li>Skaidraus kri\u0161tolinio stiklo \u017evakid\u0117.<\/li>\n<li>\n<table width=\"220\">\n<tbody>\n<tr>\n<td width=\"220\">Ilgis \/ plotis \/ auk\u0161tis<\/td>\n<\/tr>\n<tr>\n<td width=\"220\">10x10x31 cm<\/td>\n<\/tr>\n<\/tbody>\n<\/table>\n<\/li>\n<li>\u017dvakid\u0117s parduodamos be \u017evaki\u0173. \u017dvakes galima pasirinkti:<\/li>\n<\/ul>\n","protected":false},"excerpt":{"rendered":"<p>Skaidraus kri\u0161tolinio stiklo \u017evakid\u0117. Ilgis \/ plotis \/ auk\u0161tis 10x10x31 cm \u017dvakid\u0117s parduodamos be \u017evaki\u0173. \u017dvakes galima pasirinkti:<\/p>\n","protected":false},"featured_media":10629,"template":"","meta":{"_monsterinsights_skip_tracking":false,"_monsterinsights_sitenote_active":false,"_monsterinsights_sitenote_note":"","_monsterinsights_sitenote_category":0},"product_brand":[],"product_cat":[106,103,107],"product_tag":[],"class_list":{"0":"post-10628","1":"product","2":"type-product","3":"status-publish","4":"has-post-thumbnail","6":"product_cat-dekoras-sventems","7":"product_cat-dovanu-idejos","8":"product_cat-stilingos-zvakides-zvakes","10":"first","11":"instock","12":"taxable","13":"shipping-taxable","14":"purchasable","15":"product-type-simple"},"_links":{"self":[{"href":"https:\/\/duckdeco.lt\/lt\/wp-json\/wp\/v2\/product\/10628","targetHints":{"allow":["GET"]}}],"collection":[{"href":"https:\/\/duckdeco.lt\/lt\/wp-json\/wp\/v2\/product"}],"about":[{"href":"https:\/\/duckdeco.lt\/lt\/wp-json\/wp\/v2\/types\/product"}],"version-history":[{"count":1,"href":"https:\/\/duckdeco.lt\/lt\/wp-json\/wp\/v2\/product\/10628\/revisions"}],"predecessor-version":[{"id":10630,"href":"https:\/\/duckdeco.lt\/lt\/wp-json\/wp\/v2\/product\/10628\/revisions\/10630"}],"wp:featuredmedia":[{"embeddable":true,"href":"https:\/\/duckdeco.lt\/lt\/wp-json\/wp\/v2\/media\/10629"}],"wp:attachment":[{"href":"https:\/\/duckdeco.lt\/lt\/wp-json\/wp\/v2\/media?parent=10628"}],"wp:term":[{"taxonomy":"product_brand","embeddable":true,"href":"https:\/\/duckdeco.lt\/lt\/wp-json\/wp\/v2\/product_brand?post=10628"},{"taxonomy":"product_cat","embeddable":true,"href":"https:\/\/duckdeco.lt\/lt\/wp-json\/wp\/v2\/product_cat?post=10628"},{"taxonomy":"product_tag","embeddable":true,"href":"https:\/\/duckdeco.lt\/lt\/wp-json\/wp\/v2\/product_tag?post=10628"}],"curies":[{"name":"wp","href":"https:\/\/api.w.org\/{rel}","templated":true}]}}