{"id":10842,"date":"2024-03-01T17:09:30","date_gmt":"2024-03-01T17:09:30","guid":{"rendered":"https:\/\/duckdeco.com\/?post_type=product&#038;p=10842"},"modified":"2026-01-12T13:23:45","modified_gmt":"2026-01-12T11:23:45","slug":"duru-atmusejas-suniukas","status":"publish","type":"product","link":"https:\/\/duckdeco.lt\/lt\/product\/duru-atmusejas-suniukas\/","title":{"rendered":"Dur\u0173 atmu\u0161\u0117jas &#8222;\u0160uniukas&#8221;"},"content":{"rendered":"<ul>\n<li>Spalva: pilka (pilkas su baltom leten\u0117l\u0117m).<\/li>\n<li>Med\u017eiaga: polesteris.<\/li>\n<li>Svoris: 1 kg.<\/li>\n<li>\n<table style=\"height: 85px;\" width=\"219\">\n<tbody>\n<tr>\n<td width=\"122\">I\u0161matavimai:<\/p>\n<p>Ilgis \/ plotis \/ auk\u0161tis<\/td>\n<\/tr>\n<tr>\n<td width=\"122\">25x21x26 cm<\/td>\n<\/tr>\n<\/tbody>\n<\/table>\n<\/li>\n<\/ul>\n","protected":false},"excerpt":{"rendered":"<p>Spalva: pilka (pilkas su baltom leten\u0117l\u0117m). Med\u017eiaga: polesteris. Svoris: 1 kg. I\u0161matavimai: Ilgis \/ plotis \/ auk\u0161tis 25x21x26 cm<\/p>\n","protected":false},"featured_media":10849,"template":"","meta":{"_monsterinsights_skip_tracking":false,"_monsterinsights_sitenote_active":false,"_monsterinsights_sitenote_note":"","_monsterinsights_sitenote_category":0},"product_brand":[],"product_cat":[103,138,95,104],"product_tag":[309,132,306],"class_list":{"0":"post-10842","1":"product","2":"type-product","3":"status-publish","4":"has-post-thumbnail","6":"product_cat-dovanu-idejos","7":"product_cat-duru-atmusejai","8":"product_cat-interjerui","9":"product_cat-vaikams","10":"product_tag-duru-atmusejas-suniukas","11":"product_tag-vaiku-kambariui","12":"product_tag-zaismingas-namu-aksesuaras","14":"first","15":"outofstock","16":"taxable","17":"shipping-taxable","18":"purchasable","19":"product-type-simple"},"_links":{"self":[{"href":"https:\/\/duckdeco.lt\/lt\/wp-json\/wp\/v2\/product\/10842","targetHints":{"allow":["GET"]}}],"collection":[{"href":"https:\/\/duckdeco.lt\/lt\/wp-json\/wp\/v2\/product"}],"about":[{"href":"https:\/\/duckdeco.lt\/lt\/wp-json\/wp\/v2\/types\/product"}],"version-history":[{"count":3,"href":"https:\/\/duckdeco.lt\/lt\/wp-json\/wp\/v2\/product\/10842\/revisions"}],"predecessor-version":[{"id":10851,"href":"https:\/\/duckdeco.lt\/lt\/wp-json\/wp\/v2\/product\/10842\/revisions\/10851"}],"wp:featuredmedia":[{"embeddable":true,"href":"https:\/\/duckdeco.lt\/lt\/wp-json\/wp\/v2\/media\/10849"}],"wp:attachment":[{"href":"https:\/\/duckdeco.lt\/lt\/wp-json\/wp\/v2\/media?parent=10842"}],"wp:term":[{"taxonomy":"product_brand","embeddable":true,"href":"https:\/\/duckdeco.lt\/lt\/wp-json\/wp\/v2\/product_brand?post=10842"},{"taxonomy":"product_cat","embeddable":true,"href":"https:\/\/duckdeco.lt\/lt\/wp-json\/wp\/v2\/product_cat?post=10842"},{"taxonomy":"product_tag","embeddable":true,"href":"https:\/\/duckdeco.lt\/lt\/wp-json\/wp\/v2\/product_tag?post=10842"}],"curies":[{"name":"wp","href":"https:\/\/api.w.org\/{rel}","templated":true}]}}