{"id":10868,"date":"2024-03-04T14:21:57","date_gmt":"2024-03-04T14:21:57","guid":{"rendered":"https:\/\/duckdeco.com\/?post_type=product&#038;p=10868"},"modified":"2026-01-12T13:07:04","modified_gmt":"2026-01-12T11:07:04","slug":"duru-atmusejas-eziukas","status":"publish","type":"product","link":"https:\/\/duckdeco.lt\/lt\/product\/duru-atmusejas-eziukas\/","title":{"rendered":"Dur\u0173 atmu\u0161\u0117jas &#8222;E\u017eiukas&#8221;"},"content":{"rendered":"<ul>\n<li>Spalva: pilka.<\/li>\n<li>Med\u017eiaga: polesteris.<\/li>\n<li>Svoris: 1 kg.<\/li>\n<li>\n<table style=\"height: 85px;\" width=\"219\">\n<tbody>\n<tr>\n<td width=\"122\">I\u0161matavimai:<\/p>\n<p>Ilgis \/ plotis \/ auk\u0161tis<\/td>\n<\/tr>\n<tr>\n<td width=\"122\">31x15x23 cm<\/td>\n<\/tr>\n<\/tbody>\n<\/table>\n<\/li>\n<\/ul>\n","protected":false},"excerpt":{"rendered":"<p>Spalva: pilka. Med\u017eiaga: polesteris. Svoris: 1 kg. I\u0161matavimai: Ilgis \/ plotis \/ auk\u0161tis 31x15x23 cm<\/p>\n","protected":false},"featured_media":10874,"template":"","meta":{"_monsterinsights_skip_tracking":false,"_monsterinsights_sitenote_active":false,"_monsterinsights_sitenote_note":"","_monsterinsights_sitenote_category":0},"product_brand":[],"product_cat":[103,138,95,104],"product_tag":[313,132,306],"class_list":{"0":"post-10868","1":"product","2":"type-product","3":"status-publish","4":"has-post-thumbnail","6":"product_cat-dovanu-idejos","7":"product_cat-duru-atmusejai","8":"product_cat-interjerui","9":"product_cat-vaikams","10":"product_tag-duru-atmusejas-eziukas","11":"product_tag-vaiku-kambariui","12":"product_tag-zaismingas-namu-aksesuaras","14":"first","15":"outofstock","16":"taxable","17":"shipping-taxable","18":"purchasable","19":"product-type-simple"},"_links":{"self":[{"href":"https:\/\/duckdeco.lt\/lt\/wp-json\/wp\/v2\/product\/10868","targetHints":{"allow":["GET"]}}],"collection":[{"href":"https:\/\/duckdeco.lt\/lt\/wp-json\/wp\/v2\/product"}],"about":[{"href":"https:\/\/duckdeco.lt\/lt\/wp-json\/wp\/v2\/types\/product"}],"version-history":[{"count":2,"href":"https:\/\/duckdeco.lt\/lt\/wp-json\/wp\/v2\/product\/10868\/revisions"}],"predecessor-version":[{"id":12574,"href":"https:\/\/duckdeco.lt\/lt\/wp-json\/wp\/v2\/product\/10868\/revisions\/12574"}],"wp:featuredmedia":[{"embeddable":true,"href":"https:\/\/duckdeco.lt\/lt\/wp-json\/wp\/v2\/media\/10874"}],"wp:attachment":[{"href":"https:\/\/duckdeco.lt\/lt\/wp-json\/wp\/v2\/media?parent=10868"}],"wp:term":[{"taxonomy":"product_brand","embeddable":true,"href":"https:\/\/duckdeco.lt\/lt\/wp-json\/wp\/v2\/product_brand?post=10868"},{"taxonomy":"product_cat","embeddable":true,"href":"https:\/\/duckdeco.lt\/lt\/wp-json\/wp\/v2\/product_cat?post=10868"},{"taxonomy":"product_tag","embeddable":true,"href":"https:\/\/duckdeco.lt\/lt\/wp-json\/wp\/v2\/product_tag?post=10868"}],"curies":[{"name":"wp","href":"https:\/\/api.w.org\/{rel}","templated":true}]}}