{"id":11135,"date":"2024-03-06T18:44:53","date_gmt":"2024-03-06T18:44:53","guid":{"rendered":"https:\/\/duckdeco.com\/?post_type=product&#038;p=11135"},"modified":"2025-01-20T14:56:51","modified_gmt":"2025-01-20T12:56:51","slug":"degustacine-taurele","status":"publish","type":"product","link":"https:\/\/duckdeco.lt\/lt\/product\/degustacine-taurele\/","title":{"rendered":"Degustacin\u0117 taurel\u0117"},"content":{"rendered":"<ul>\n<li>Retro stiliaus stiklas gra\u017eiu storu pagrindu. Autenti\u0161ki stikliniai indai i\u0161 pranc\u016bzi\u0161ko bistro.<\/li>\n<li>Ma\u017eas taurel\u0117s dydis sukoncentruoja aromatus ir idealiai tinka m\u0117gautis auk\u0161tos kokyb\u0117s stipri\u0173j\u0173 g\u0117rim\u0173 skoniais.<\/li>\n<li>Pakuot\u0117je 6 vnt.<\/li>\n<li>\n<table style=\"height: 173px;\" width=\"410\">\n<tbody>\n<tr>\n<td width=\"120\">I\u0161matavimai<\/td>\n<\/tr>\n<tr>\n<td width=\"120\">Talpa 20 ml \/ Skersmuo 40 mm \/ Auk\u0161tis 65 mm<\/td>\n<\/tr>\n<\/tbody>\n<\/table>\n<p>\u200b<img decoding=\"async\" src=\"https:\/\/www.larochere.com\/boutique\/modules\/pu_synchro\/icon\/dishwasher.jpg\" alt=\"dishwasher.jpg\" \/>\u00a0 <img decoding=\"async\" src=\"https:\/\/www.larochere.com\/boutique\/modules\/pu_synchro\/icon\/triman.jpg\" alt=\"triman.jpg\" \/><\/li>\n<\/ul>\n","protected":false},"excerpt":{"rendered":"<p>Retro stiliaus stiklas gra\u017eiu storu pagrindu. Autenti\u0161ki stikliniai indai i\u0161 pranc\u016bzi\u0161ko bistro. Ma\u017eas taurel\u0117s dydis sukoncentruoja aromatus ir idealiai tinka m\u0117gautis auk\u0161tos kokyb\u0117s stipri\u0173j\u0173 g\u0117rim\u0173 skoniais. Pakuot\u0117je 6 vnt. I\u0161matavimai Talpa 20 ml \/ Skersmuo 40 mm \/ Auk\u0161tis 65 mm \u200b\u00a0<\/p>\n","protected":false},"featured_media":11136,"template":"","meta":{"_monsterinsights_skip_tracking":false,"_monsterinsights_sitenote_active":false,"_monsterinsights_sitenote_note":"","_monsterinsights_sitenote_category":0},"product_brand":[],"product_cat":[109],"product_tag":[],"class_list":{"0":"post-11135","1":"product","2":"type-product","3":"status-publish","4":"has-post-thumbnail","6":"product_cat-serviravimo-indai","8":"first","9":"instock","10":"taxable","11":"shipping-taxable","12":"purchasable","13":"product-type-simple"},"_links":{"self":[{"href":"https:\/\/duckdeco.lt\/lt\/wp-json\/wp\/v2\/product\/11135","targetHints":{"allow":["GET"]}}],"collection":[{"href":"https:\/\/duckdeco.lt\/lt\/wp-json\/wp\/v2\/product"}],"about":[{"href":"https:\/\/duckdeco.lt\/lt\/wp-json\/wp\/v2\/types\/product"}],"version-history":[{"count":1,"href":"https:\/\/duckdeco.lt\/lt\/wp-json\/wp\/v2\/product\/11135\/revisions"}],"predecessor-version":[{"id":11142,"href":"https:\/\/duckdeco.lt\/lt\/wp-json\/wp\/v2\/product\/11135\/revisions\/11142"}],"wp:featuredmedia":[{"embeddable":true,"href":"https:\/\/duckdeco.lt\/lt\/wp-json\/wp\/v2\/media\/11136"}],"wp:attachment":[{"href":"https:\/\/duckdeco.lt\/lt\/wp-json\/wp\/v2\/media?parent=11135"}],"wp:term":[{"taxonomy":"product_brand","embeddable":true,"href":"https:\/\/duckdeco.lt\/lt\/wp-json\/wp\/v2\/product_brand?post=11135"},{"taxonomy":"product_cat","embeddable":true,"href":"https:\/\/duckdeco.lt\/lt\/wp-json\/wp\/v2\/product_cat?post=11135"},{"taxonomy":"product_tag","embeddable":true,"href":"https:\/\/duckdeco.lt\/lt\/wp-json\/wp\/v2\/product_tag?post=11135"}],"curies":[{"name":"wp","href":"https:\/\/api.w.org\/{rel}","templated":true}]}}