{"id":11172,"date":"2024-03-07T20:11:06","date_gmt":"2024-03-07T20:11:06","guid":{"rendered":"https:\/\/duckdeco.com\/?post_type=product&#038;p=11172"},"modified":"2024-12-04T13:32:57","modified_gmt":"2024-12-04T11:32:57","slug":"statulele-briedis-ponia","status":"publish","type":"product","link":"https:\/\/duckdeco.lt\/lt\/product\/statulele-briedis-ponia\/","title":{"rendered":"Statul\u0117l\u0117 &#8222;Briedis ponia&#8221;"},"content":{"rendered":"<ul>\n<li>\n<p class=\"p1\">Statul\u0117l\u0117 pagaminta i\u0161 tvarios plastikin\u0117s dervos &#8211; polirezino.<\/p>\n<\/li>\n<li>\n<p class=\"p1\">Gali b\u016bti naudojama kaip progin\u0117 dekoracija velykinei ar kal\u0117dinei stalo kompozicijai, ar tiesiog kaip interjero detal\u0117, kuri papuo\u0161 nam\u0173 ar vasarnamio interjer\u0105.<\/p>\n<\/li>\n<li>\n<p class=\"p1\">Puikiai atrodyt\u0173 duete su fig\u016br\u0117le &#8222;Briedis ponaitis&#8221;.<\/p>\n<\/li>\n<li>Detal\u0117s: Med\u017eiaga &#8211; polirezinas.<\/li>\n<li>Spalva &#8211; m\u0117lyna \/ ruda.<\/li>\n<\/ul>\n","protected":false},"excerpt":{"rendered":"<p>Statul\u0117l\u0117 pagaminta i\u0161 tvarios plastikin\u0117s dervos &#8211; polirezino. Gali b\u016bti naudojama kaip progin\u0117 dekoracija velykinei ar kal\u0117dinei stalo kompozicijai, ar tiesiog kaip interjero detal\u0117, kuri papuo\u0161 nam\u0173 ar vasarnamio interjer\u0105. Puikiai atrodyt\u0173 duete su fig\u016br\u0117le &#8222;Briedis ponaitis&#8221;. Detal\u0117s: Med\u017eiaga &#8211; polirezinas. Spalva &#8211; m\u0117lyna \/ ruda.<\/p>\n","protected":false},"featured_media":11814,"template":"","meta":{"_monsterinsights_skip_tracking":false,"_monsterinsights_sitenote_active":false,"_monsterinsights_sitenote_note":"","_monsterinsights_sitenote_category":0},"product_brand":[],"product_cat":[103,95,130],"product_tag":[324,210,352],"class_list":{"0":"post-11172","1":"product","2":"type-product","3":"status-publish","4":"has-post-thumbnail","6":"product_cat-dovanu-idejos","7":"product_cat-interjerui","8":"product_cat-statuleles-deco","9":"product_tag-dovanu-idejos","10":"product_tag-originali-interjero-detale","11":"product_tag-statulele-briedis","13":"first","14":"instock","15":"taxable","16":"shipping-taxable","17":"purchasable","18":"product-type-simple"},"_links":{"self":[{"href":"https:\/\/duckdeco.lt\/lt\/wp-json\/wp\/v2\/product\/11172","targetHints":{"allow":["GET"]}}],"collection":[{"href":"https:\/\/duckdeco.lt\/lt\/wp-json\/wp\/v2\/product"}],"about":[{"href":"https:\/\/duckdeco.lt\/lt\/wp-json\/wp\/v2\/types\/product"}],"version-history":[{"count":4,"href":"https:\/\/duckdeco.lt\/lt\/wp-json\/wp\/v2\/product\/11172\/revisions"}],"predecessor-version":[{"id":13771,"href":"https:\/\/duckdeco.lt\/lt\/wp-json\/wp\/v2\/product\/11172\/revisions\/13771"}],"wp:featuredmedia":[{"embeddable":true,"href":"https:\/\/duckdeco.lt\/lt\/wp-json\/wp\/v2\/media\/11814"}],"wp:attachment":[{"href":"https:\/\/duckdeco.lt\/lt\/wp-json\/wp\/v2\/media?parent=11172"}],"wp:term":[{"taxonomy":"product_brand","embeddable":true,"href":"https:\/\/duckdeco.lt\/lt\/wp-json\/wp\/v2\/product_brand?post=11172"},{"taxonomy":"product_cat","embeddable":true,"href":"https:\/\/duckdeco.lt\/lt\/wp-json\/wp\/v2\/product_cat?post=11172"},{"taxonomy":"product_tag","embeddable":true,"href":"https:\/\/duckdeco.lt\/lt\/wp-json\/wp\/v2\/product_tag?post=11172"}],"curies":[{"name":"wp","href":"https:\/\/api.w.org\/{rel}","templated":true}]}}