{"id":11180,"date":"2024-03-07T20:39:38","date_gmt":"2024-03-07T20:39:38","guid":{"rendered":"https:\/\/duckdeco.com\/?post_type=product&#038;p=11180"},"modified":"2024-12-04T13:25:32","modified_gmt":"2024-12-04T11:25:32","slug":"statulele-suo-su-lazda","status":"publish","type":"product","link":"https:\/\/duckdeco.lt\/lt\/product\/statulele-suo-su-lazda\/","title":{"rendered":"Statul\u0117l\u0117 &#8222;\u0160uo su lazda&#8221;"},"content":{"rendered":"<ul>\n<li>\n<p class=\"p1\">Dekoracija kuri\u0105 per Kal\u0117das nor\u0117site pastatyti matomiausioje vietoje, ta\u010diau namus ji puo\u0161 visus metus. Puikiai tiks kuriantiems angli\u0161ko stiliaus interjer\u0105, suteiks namams savit\u0105 charakter\u012f, taip pat atliks ir laikrod\u017eio funkcij\u0105.<\/p>\n<\/li>\n<li>\n<p class=\"p1\">\u012esp\u016bdinga dovana \u0161un\u0173 myl\u0117tojui.<\/p>\n<\/li>\n<li>\n<p class=\"p1\">Detal\u0117s: med\u017eiaga &#8211; polirezinas.<\/p>\n<\/li>\n<li>Spalva &#8211; \u012fvairiaspalvis.<br \/>\n<table style=\"height: 75px;\" width=\"416\">\n<tbody>\n<tr>\n<td width=\"91\">I\u0161matavimai: Auk\u0161tis 48,5 cm.<\/td>\n<\/tr>\n<\/tbody>\n<\/table>\n<p class=\"p1\">\n<\/li>\n<\/ul>\n","protected":false},"excerpt":{"rendered":"<p>Dekoracija kuri\u0105 per Kal\u0117das nor\u0117site pastatyti matomiausioje vietoje, ta\u010diau namus ji puo\u0161 visus metus. Puikiai tiks kuriantiems angli\u0161ko stiliaus interjer\u0105, suteiks namams savit\u0105 charakter\u012f, taip pat atliks ir laikrod\u017eio funkcij\u0105. \u012esp\u016bdinga dovana \u0161un\u0173 myl\u0117tojui. Detal\u0117s: med\u017eiaga &#8211; polirezinas. Spalva &#8211; \u012fvairiaspalvis. I\u0161matavimai: Auk\u0161tis 48,5 cm.<\/p>\n","protected":false},"featured_media":11796,"template":"","meta":{"_monsterinsights_skip_tracking":false,"_monsterinsights_sitenote_active":false,"_monsterinsights_sitenote_note":"","_monsterinsights_sitenote_category":0},"product_brand":[],"product_cat":[103,95,130],"product_tag":[324,210,258,360],"class_list":{"0":"post-11180","1":"product","2":"type-product","3":"status-publish","4":"has-post-thumbnail","6":"product_cat-dovanu-idejos","7":"product_cat-interjerui","8":"product_cat-statuleles-deco","9":"product_tag-dovanu-idejos","10":"product_tag-originali-interjero-detale","11":"product_tag-statulele-is-polirezino","12":"product_tag-suo-su-lazda","14":"first","15":"instock","16":"taxable","17":"shipping-taxable","18":"purchasable","19":"product-type-simple"},"_links":{"self":[{"href":"https:\/\/duckdeco.lt\/lt\/wp-json\/wp\/v2\/product\/11180","targetHints":{"allow":["GET"]}}],"collection":[{"href":"https:\/\/duckdeco.lt\/lt\/wp-json\/wp\/v2\/product"}],"about":[{"href":"https:\/\/duckdeco.lt\/lt\/wp-json\/wp\/v2\/types\/product"}],"version-history":[{"count":5,"href":"https:\/\/duckdeco.lt\/lt\/wp-json\/wp\/v2\/product\/11180\/revisions"}],"predecessor-version":[{"id":13773,"href":"https:\/\/duckdeco.lt\/lt\/wp-json\/wp\/v2\/product\/11180\/revisions\/13773"}],"wp:featuredmedia":[{"embeddable":true,"href":"https:\/\/duckdeco.lt\/lt\/wp-json\/wp\/v2\/media\/11796"}],"wp:attachment":[{"href":"https:\/\/duckdeco.lt\/lt\/wp-json\/wp\/v2\/media?parent=11180"}],"wp:term":[{"taxonomy":"product_brand","embeddable":true,"href":"https:\/\/duckdeco.lt\/lt\/wp-json\/wp\/v2\/product_brand?post=11180"},{"taxonomy":"product_cat","embeddable":true,"href":"https:\/\/duckdeco.lt\/lt\/wp-json\/wp\/v2\/product_cat?post=11180"},{"taxonomy":"product_tag","embeddable":true,"href":"https:\/\/duckdeco.lt\/lt\/wp-json\/wp\/v2\/product_tag?post=11180"}],"curies":[{"name":"wp","href":"https:\/\/api.w.org\/{rel}","templated":true}]}}