{"id":11222,"date":"2024-03-10T11:42:59","date_gmt":"2024-03-10T11:42:59","guid":{"rendered":"https:\/\/duckdeco.com\/?post_type=product&#038;p=11222"},"modified":"2026-02-10T13:51:31","modified_gmt":"2026-02-10T11:51:31","slug":"surio-irankiu-rinkinys-3-daliu","status":"publish","type":"product","link":"https:\/\/duckdeco.lt\/lt\/product\/surio-irankiu-rinkinys-3-daliu\/","title":{"rendered":"S\u016brio \u012franki\u0173 rinkinys. 3 dali\u0173"},"content":{"rendered":"<ul>\n<li>Medinis pad\u0117kliukas ir du pjaustymo \u012frankiai, dovan\u0173 knygoje. Puiki dovana bet kokia proga. Galima komplektuoti su s\u016briu, d\u017eemu ir taip dovan\u0105 dar pagerinti.<\/li>\n<li>Matmenys (apytiksliai): lenta: 22 cm x 22 cm x 1 cm \/ peilis: 20 cm ilgio.<\/li>\n<li>Med\u017eiaga: akacija ir ner\u016bdijantis plienas<\/li>\n<\/ul>\n","protected":false},"excerpt":{"rendered":"<p>Medinis pad\u0117kliukas ir du pjaustymo \u012frankiai, dovan\u0173 knygoje. Puiki dovana bet kokia proga. Galima komplektuoti su s\u016briu, d\u017eemu ir taip dovan\u0105 dar pagerinti. Matmenys (apytiksliai): lenta: 22 cm x 22 cm x 1 cm \/ peilis: 20 cm ilgio. Med\u017eiaga: akacija ir ner\u016bdijantis plienas<\/p>\n","protected":false},"featured_media":11223,"template":"","meta":{"_monsterinsights_skip_tracking":false,"_monsterinsights_sitenote_active":false,"_monsterinsights_sitenote_note":"","_monsterinsights_sitenote_category":0},"product_brand":[],"product_cat":[109],"product_tag":[],"class_list":{"0":"post-11222","1":"product","2":"type-product","3":"status-publish","4":"has-post-thumbnail","6":"product_cat-serviravimo-indai","8":"first","9":"outofstock","10":"taxable","11":"shipping-taxable","12":"purchasable","13":"product-type-simple"},"_links":{"self":[{"href":"https:\/\/duckdeco.lt\/lt\/wp-json\/wp\/v2\/product\/11222","targetHints":{"allow":["GET"]}}],"collection":[{"href":"https:\/\/duckdeco.lt\/lt\/wp-json\/wp\/v2\/product"}],"about":[{"href":"https:\/\/duckdeco.lt\/lt\/wp-json\/wp\/v2\/types\/product"}],"version-history":[{"count":2,"href":"https:\/\/duckdeco.lt\/lt\/wp-json\/wp\/v2\/product\/11222\/revisions"}],"predecessor-version":[{"id":15720,"href":"https:\/\/duckdeco.lt\/lt\/wp-json\/wp\/v2\/product\/11222\/revisions\/15720"}],"wp:featuredmedia":[{"embeddable":true,"href":"https:\/\/duckdeco.lt\/lt\/wp-json\/wp\/v2\/media\/11223"}],"wp:attachment":[{"href":"https:\/\/duckdeco.lt\/lt\/wp-json\/wp\/v2\/media?parent=11222"}],"wp:term":[{"taxonomy":"product_brand","embeddable":true,"href":"https:\/\/duckdeco.lt\/lt\/wp-json\/wp\/v2\/product_brand?post=11222"},{"taxonomy":"product_cat","embeddable":true,"href":"https:\/\/duckdeco.lt\/lt\/wp-json\/wp\/v2\/product_cat?post=11222"},{"taxonomy":"product_tag","embeddable":true,"href":"https:\/\/duckdeco.lt\/lt\/wp-json\/wp\/v2\/product_tag?post=11222"}],"curies":[{"name":"wp","href":"https:\/\/api.w.org\/{rel}","templated":true}]}}