{"id":11306,"date":"2024-03-10T18:44:36","date_gmt":"2024-03-10T18:44:36","guid":{"rendered":"https:\/\/duckdeco.com\/?post_type=product&#038;p=11306"},"modified":"2026-01-12T13:20:11","modified_gmt":"2026-01-12T11:20:11","slug":"zaislas-minkstas-avele-20-cm","status":"publish","type":"product","link":"https:\/\/duckdeco.lt\/lt\/product\/zaislas-minkstas-avele-20-cm\/","title":{"rendered":"\u017daislas mink\u0161tas &#8222;Avel\u0117&#8221; 20 cm"},"content":{"rendered":"<ul>\n<li>Nerealaus mielumo mink\u0161tas \u017eaislas, auk\u0161\u010diausios kokyb\u0117s, saugus vaikams.<\/li>\n<li>Puiki dovana palankyn\u0173, Valentino dienos, gimtadienio proga.<\/li>\n<li>Dydis: 22x20x17 cm<\/li>\n<li>Sud\u0117tis: poliesteris<\/li>\n<li>Skalbimo instrukcijos: 30\u00b0C<\/li>\n<\/ul>\n","protected":false},"excerpt":{"rendered":"<p>Nerealaus mielumo mink\u0161tas \u017eaislas, auk\u0161\u010diausios kokyb\u0117s, saugus vaikams. Puiki dovana palankyn\u0173, Valentino dienos, gimtadienio proga. Dydis: 22x20x17 cm Sud\u0117tis: poliesteris Skalbimo instrukcijos: 30\u00b0C<\/p>\n","protected":false},"featured_media":11296,"template":"","meta":{"_monsterinsights_skip_tracking":false,"_monsterinsights_sitenote_active":false,"_monsterinsights_sitenote_note":"","_monsterinsights_sitenote_category":0},"product_brand":[],"product_cat":[103,119],"product_tag":[369,367,373,328],"class_list":{"0":"post-11306","1":"product","2":"type-product","3":"status-publish","4":"has-post-thumbnail","6":"product_cat-dovanu-idejos","7":"product_cat-minksti-zaislai","8":"product_tag-dovanos-vaikams","9":"product_tag-minkstas-zaislas","10":"product_tag-pliusine-avele","11":"product_tag-vaiku-kambario-aksesuarai","13":"first","14":"outofstock","15":"taxable","16":"shipping-taxable","17":"purchasable","18":"product-type-simple"},"_links":{"self":[{"href":"https:\/\/duckdeco.lt\/lt\/wp-json\/wp\/v2\/product\/11306","targetHints":{"allow":["GET"]}}],"collection":[{"href":"https:\/\/duckdeco.lt\/lt\/wp-json\/wp\/v2\/product"}],"about":[{"href":"https:\/\/duckdeco.lt\/lt\/wp-json\/wp\/v2\/types\/product"}],"version-history":[{"count":3,"href":"https:\/\/duckdeco.lt\/lt\/wp-json\/wp\/v2\/product\/11306\/revisions"}],"predecessor-version":[{"id":14878,"href":"https:\/\/duckdeco.lt\/lt\/wp-json\/wp\/v2\/product\/11306\/revisions\/14878"}],"wp:featuredmedia":[{"embeddable":true,"href":"https:\/\/duckdeco.lt\/lt\/wp-json\/wp\/v2\/media\/11296"}],"wp:attachment":[{"href":"https:\/\/duckdeco.lt\/lt\/wp-json\/wp\/v2\/media?parent=11306"}],"wp:term":[{"taxonomy":"product_brand","embeddable":true,"href":"https:\/\/duckdeco.lt\/lt\/wp-json\/wp\/v2\/product_brand?post=11306"},{"taxonomy":"product_cat","embeddable":true,"href":"https:\/\/duckdeco.lt\/lt\/wp-json\/wp\/v2\/product_cat?post=11306"},{"taxonomy":"product_tag","embeddable":true,"href":"https:\/\/duckdeco.lt\/lt\/wp-json\/wp\/v2\/product_tag?post=11306"}],"curies":[{"name":"wp","href":"https:\/\/api.w.org\/{rel}","templated":true}]}}