{"id":11317,"date":"2024-03-10T18:54:14","date_gmt":"2024-03-10T18:54:14","guid":{"rendered":"https:\/\/duckdeco.com\/?post_type=product&#038;p=11317"},"modified":"2026-01-12T13:27:08","modified_gmt":"2026-01-12T11:27:08","slug":"zaislas-minkstas-avele-20-cmii","status":"publish","type":"product","link":"https:\/\/duckdeco.lt\/lt\/product\/zaislas-minkstas-avele-20-cmii\/","title":{"rendered":"\u017daislas mink\u0161tas &#8222;Avel\u0117&#8221; 20 cm II"},"content":{"rendered":"<ul>\n<li>Nerealaus mielumo mink\u0161tas \u017eaislas, auk\u0161\u010diausios kokyb\u0117s, saugus vaikams.<\/li>\n<li>Puiki dovana palankyn\u0173, Valentino dienos, gimtadienio proga.<\/li>\n<li>Med\u017eiaga &#8211; medviln\u0117<\/li>\n<li>Skalbimo instrukcijos \u2013 Taip, 30 laipsni\u0173.<\/li>\n<\/ul>\n","protected":false},"excerpt":{"rendered":"<p>Nerealaus mielumo mink\u0161tas \u017eaislas, auk\u0161\u010diausios kokyb\u0117s, saugus vaikams. Puiki dovana palankyn\u0173, Valentino dienos, gimtadienio proga. Med\u017eiaga &#8211; medviln\u0117 Skalbimo instrukcijos \u2013 Taip, 30 laipsni\u0173.<\/p>\n","protected":false},"featured_media":11318,"template":"","meta":{"_monsterinsights_skip_tracking":false,"_monsterinsights_sitenote_active":false,"_monsterinsights_sitenote_note":"","_monsterinsights_sitenote_category":0},"product_brand":[],"product_cat":[103,119,137],"product_tag":[372,329,367,327,328],"class_list":{"0":"post-11317","1":"product","2":"type-product","3":"status-publish","4":"has-post-thumbnail","6":"product_cat-dovanu-idejos","7":"product_cat-minksti-zaislai","8":"product_cat-pagalveles-deco","9":"product_tag-dovana-vaikams","10":"product_tag-ekologiska-medvilne","11":"product_tag-minkstas-zaislas","12":"product_tag-pagalvele-avyte","13":"product_tag-vaiku-kambario-aksesuarai","15":"first","16":"outofstock","17":"taxable","18":"shipping-taxable","19":"purchasable","20":"product-type-simple"},"_links":{"self":[{"href":"https:\/\/duckdeco.lt\/lt\/wp-json\/wp\/v2\/product\/11317","targetHints":{"allow":["GET"]}}],"collection":[{"href":"https:\/\/duckdeco.lt\/lt\/wp-json\/wp\/v2\/product"}],"about":[{"href":"https:\/\/duckdeco.lt\/lt\/wp-json\/wp\/v2\/types\/product"}],"version-history":[{"count":1,"href":"https:\/\/duckdeco.lt\/lt\/wp-json\/wp\/v2\/product\/11317\/revisions"}],"predecessor-version":[{"id":11320,"href":"https:\/\/duckdeco.lt\/lt\/wp-json\/wp\/v2\/product\/11317\/revisions\/11320"}],"wp:featuredmedia":[{"embeddable":true,"href":"https:\/\/duckdeco.lt\/lt\/wp-json\/wp\/v2\/media\/11318"}],"wp:attachment":[{"href":"https:\/\/duckdeco.lt\/lt\/wp-json\/wp\/v2\/media?parent=11317"}],"wp:term":[{"taxonomy":"product_brand","embeddable":true,"href":"https:\/\/duckdeco.lt\/lt\/wp-json\/wp\/v2\/product_brand?post=11317"},{"taxonomy":"product_cat","embeddable":true,"href":"https:\/\/duckdeco.lt\/lt\/wp-json\/wp\/v2\/product_cat?post=11317"},{"taxonomy":"product_tag","embeddable":true,"href":"https:\/\/duckdeco.lt\/lt\/wp-json\/wp\/v2\/product_tag?post=11317"}],"curies":[{"name":"wp","href":"https:\/\/api.w.org\/{rel}","templated":true}]}}