{"id":11350,"date":"2024-03-10T21:23:34","date_gmt":"2024-03-10T21:23:34","guid":{"rendered":"https:\/\/duckdeco.com\/?post_type=product&#038;p=11350"},"modified":"2024-03-10T21:23:34","modified_gmt":"2024-03-10T21:23:34","slug":"degustacine-uzkandziu-taurele-110-ml","status":"publish","type":"product","link":"https:\/\/duckdeco.lt\/lt\/product\/degustacine-uzkandziu-taurele-110-ml\/","title":{"rendered":"Degustacin\u0117 u\u017ekand\u017ei\u0173 taurel\u0117 110 ml"},"content":{"rendered":"<ul>\n<li>\u012ekv\u0117pti pranc\u016bz\u0173 virtuv\u0117s, kult\u016bros, meno ir stiliaus, primena kasdien\u012f komfort\u0105 ir moderni\u0105 elegancij\u0105.<\/li>\n<li>Subtilaus dizaino, stikliniai indeliai leis pasim\u0117gauti ma\u017eais pikanti\u0161k\u0173 ar sald\u017ei\u0173 skoni\u0173 patiekalais.<\/li>\n<li>Pagaminti i\u0161 skaidraus mechaninio stiklo.<\/li>\n<li>Galima plauti indaplov\u0117je.<\/li>\n<li>Pakuot\u0117je 6 vnt.<\/li>\n<li>\n<table style=\"height: 76px;\" width=\"560\">\n<tbody>\n<tr>\n<td width=\"120\">Talpa 110 mm \/ Skersmuo 74mm \/ Auk\u0161tis 70mm<\/td>\n<\/tr>\n<\/tbody>\n<\/table>\n<\/li>\n<li><img decoding=\"async\" src=\"https:\/\/www.larochere.com\/boutique\/modules\/pu_synchro\/icon\/dishwasher.jpg\" alt=\"dishwasher.jpg\" \/>\u00a0 <img decoding=\"async\" src=\"https:\/\/www.larochere.com\/boutique\/modules\/pu_synchro\/icon\/triman.jpg\" alt=\"triman.jpg\" \/><\/li>\n<\/ul>\n<p>&nbsp;<\/p>\n<ul>\n<li><span style=\"color: #cc9514;\">SAND\u0116LYJE N\u0116RA \/ PRISTAYMAS 14 DIEN\u0172<\/span><\/li>\n<\/ul>\n","protected":false},"excerpt":{"rendered":"<p>\u012ekv\u0117pti pranc\u016bz\u0173 virtuv\u0117s, kult\u016bros, meno ir stiliaus, primena kasdien\u012f komfort\u0105 ir moderni\u0105 elegancij\u0105. Subtilaus dizaino, stikliniai indeliai leis pasim\u0117gauti ma\u017eais pikanti\u0161k\u0173 ar sald\u017ei\u0173 skoni\u0173 patiekalais. Pagaminti i\u0161 skaidraus mechaninio stiklo. Galima plauti indaplov\u0117je. Pakuot\u0117je 6 vnt. Talpa 110 mm \/ Skersmuo 74mm \/ Auk\u0161tis 70mm \u00a0 &nbsp; SAND\u0116LYJE N\u0116RA \/ PRISTAYMAS 14 DIEN\u0172<\/p>\n","protected":false},"featured_media":11351,"template":"","meta":{"_monsterinsights_skip_tracking":false,"_monsterinsights_sitenote_active":false,"_monsterinsights_sitenote_note":"","_monsterinsights_sitenote_category":0},"product_brand":[],"product_cat":[109],"product_tag":[],"class_list":{"0":"post-11350","1":"product","2":"type-product","3":"status-publish","4":"has-post-thumbnail","6":"product_cat-serviravimo-indai","8":"first","9":"onbackorder","10":"taxable","11":"shipping-taxable","12":"purchasable","13":"product-type-simple"},"_links":{"self":[{"href":"https:\/\/duckdeco.lt\/lt\/wp-json\/wp\/v2\/product\/11350","targetHints":{"allow":["GET"]}}],"collection":[{"href":"https:\/\/duckdeco.lt\/lt\/wp-json\/wp\/v2\/product"}],"about":[{"href":"https:\/\/duckdeco.lt\/lt\/wp-json\/wp\/v2\/types\/product"}],"version-history":[{"count":1,"href":"https:\/\/duckdeco.lt\/lt\/wp-json\/wp\/v2\/product\/11350\/revisions"}],"predecessor-version":[{"id":11361,"href":"https:\/\/duckdeco.lt\/lt\/wp-json\/wp\/v2\/product\/11350\/revisions\/11361"}],"wp:featuredmedia":[{"embeddable":true,"href":"https:\/\/duckdeco.lt\/lt\/wp-json\/wp\/v2\/media\/11351"}],"wp:attachment":[{"href":"https:\/\/duckdeco.lt\/lt\/wp-json\/wp\/v2\/media?parent=11350"}],"wp:term":[{"taxonomy":"product_brand","embeddable":true,"href":"https:\/\/duckdeco.lt\/lt\/wp-json\/wp\/v2\/product_brand?post=11350"},{"taxonomy":"product_cat","embeddable":true,"href":"https:\/\/duckdeco.lt\/lt\/wp-json\/wp\/v2\/product_cat?post=11350"},{"taxonomy":"product_tag","embeddable":true,"href":"https:\/\/duckdeco.lt\/lt\/wp-json\/wp\/v2\/product_tag?post=11350"}],"curies":[{"name":"wp","href":"https:\/\/api.w.org\/{rel}","templated":true}]}}