{"id":11429,"date":"2024-03-10T23:14:13","date_gmt":"2024-03-10T23:14:13","guid":{"rendered":"https:\/\/duckdeco.com\/?post_type=product&#038;p=11429"},"modified":"2026-01-21T10:08:21","modified_gmt":"2026-01-21T08:08:21","slug":"statulele-dekoracija-anciukas-is-balio-su-kepure","status":"publish","type":"product","link":"https:\/\/duckdeco.lt\/lt\/product\/statulele-dekoracija-anciukas-is-balio-su-kepure\/","title":{"rendered":"Statul\u0117l\u0117 dekoracija an\u010diukas su kepure"},"content":{"rendered":"<ul>\n<li>Kiekviena antis yra unikali, gaminta rankomis Indonezijos meistr\u0173. Dekoratyvus aksesuaras traukiantis ak\u012f sode, balkone, namuose.<\/li>\n<li>Atminkite, kad nat\u016bralus produktas mediena gali keistis d\u0117l dr\u0117gm\u0117s svyravim\u0173 ir temperat\u016bros skirtum\u0173. Medienoje visada gali b\u016bti nedideli \u012ftr\u016bkimai ir nelygumai. Antis turi unikali\u0105 strukt\u016br\u0105, smulk\u016bs \u012ftr\u016bkimai, \u012fdubimai ir nelygumai medienoje yra nat\u016bral\u016bs bruo\u017eai.<\/li>\n<li>Detal\u0117s: Med\u017eiaga &#8211; tikmedis \/ bambukas.<\/li>\n<li>Spalva &#8211; geltona \/ ruda.<\/li>\n<li>\n<table style=\"height: 41px;\" width=\"344\">\n<tbody>\n<tr>\n<td width=\"146\">I\u0161matavimai: Auk\u0161tis 25 cm.<\/td>\n<\/tr>\n<\/tbody>\n<\/table>\n<\/li>\n<\/ul>\n","protected":false},"excerpt":{"rendered":"<p>Kiekviena antis yra unikali, gaminta rankomis Indonezijos meistr\u0173. Dekoratyvus aksesuaras traukiantis ak\u012f sode, balkone, namuose. Atminkite, kad nat\u016bralus produktas mediena gali keistis d\u0117l dr\u0117gm\u0117s svyravim\u0173 ir temperat\u016bros skirtum\u0173. Medienoje visada gali b\u016bti nedideli \u012ftr\u016bkimai ir nelygumai. Antis turi unikali\u0105 strukt\u016br\u0105, smulk\u016bs \u012ftr\u016bkimai, \u012fdubimai ir nelygumai medienoje yra nat\u016bral\u016bs bruo\u017eai. Detal\u0117s: Med\u017eiaga &#8211; tikmedis \/ bambukas. &hellip; <br \/><a href=\"https:\/\/duckdeco.lt\/lt\/product\/statulele-dekoracija-anciukas-is-balio-su-kepure\/\" class=\"more-link\">Continue reading <span class=\"screen-reader-text\">Statul\u0117l\u0117 dekoracija an\u010diukas su kepure<\/span><\/a><\/p>\n","protected":false},"featured_media":11716,"template":"","meta":{"_monsterinsights_skip_tracking":false,"_monsterinsights_sitenote_active":false,"_monsterinsights_sitenote_note":"","_monsterinsights_sitenote_category":0},"product_brand":[],"product_cat":[103,95,130],"product_tag":[271,358],"class_list":{"0":"post-11429","1":"product","2":"type-product","3":"status-publish","4":"has-post-thumbnail","6":"product_cat-dovanu-idejos","7":"product_cat-interjerui","8":"product_cat-statuleles-deco","9":"product_tag-interjero-dekoras","10":"product_tag-statulele-anciukas","12":"first","13":"outofstock","14":"taxable","15":"shipping-taxable","16":"purchasable","17":"product-type-simple"},"_links":{"self":[{"href":"https:\/\/duckdeco.lt\/lt\/wp-json\/wp\/v2\/product\/11429","targetHints":{"allow":["GET"]}}],"collection":[{"href":"https:\/\/duckdeco.lt\/lt\/wp-json\/wp\/v2\/product"}],"about":[{"href":"https:\/\/duckdeco.lt\/lt\/wp-json\/wp\/v2\/types\/product"}],"version-history":[{"count":5,"href":"https:\/\/duckdeco.lt\/lt\/wp-json\/wp\/v2\/product\/11429\/revisions"}],"predecessor-version":[{"id":13776,"href":"https:\/\/duckdeco.lt\/lt\/wp-json\/wp\/v2\/product\/11429\/revisions\/13776"}],"wp:featuredmedia":[{"embeddable":true,"href":"https:\/\/duckdeco.lt\/lt\/wp-json\/wp\/v2\/media\/11716"}],"wp:attachment":[{"href":"https:\/\/duckdeco.lt\/lt\/wp-json\/wp\/v2\/media?parent=11429"}],"wp:term":[{"taxonomy":"product_brand","embeddable":true,"href":"https:\/\/duckdeco.lt\/lt\/wp-json\/wp\/v2\/product_brand?post=11429"},{"taxonomy":"product_cat","embeddable":true,"href":"https:\/\/duckdeco.lt\/lt\/wp-json\/wp\/v2\/product_cat?post=11429"},{"taxonomy":"product_tag","embeddable":true,"href":"https:\/\/duckdeco.lt\/lt\/wp-json\/wp\/v2\/product_tag?post=11429"}],"curies":[{"name":"wp","href":"https:\/\/api.w.org\/{rel}","templated":true}]}}