{"id":11433,"date":"2024-03-10T23:14:56","date_gmt":"2024-03-10T23:14:56","guid":{"rendered":"https:\/\/duckdeco.com\/?post_type=product&#038;p=11433"},"modified":"2026-03-07T13:43:13","modified_gmt":"2026-03-07T11:43:13","slug":"dekoracija-anciukas-is-balio-su-dviracio-salmu","status":"publish","type":"product","link":"https:\/\/duckdeco.lt\/lt\/product\/dekoracija-anciukas-is-balio-su-dviracio-salmu\/","title":{"rendered":"Antinas su \u0161almu"},"content":{"rendered":"<ul>\n<li>Unikali rank\u0173 darbo dekoracija pagaminta Indonezijos meistr\u0173. Tai dekoratyvus nam\u0173 aksesuaras traukiantis ak\u012f sode, balkone ar namuose.<\/li>\n<li>Atminkite, kad nat\u016bralus produktas mediena gali keistis d\u0117l dr\u0117gm\u0117s svyravim\u0173 ir temperat\u016bros skirtum\u0173. Medienoje visada gali b\u016bti nedideli \u012ftr\u016bkimai ir nelygumai. Antis turi unikali\u0105 strukt\u016br\u0105, smulk\u016bs \u012ftr\u016bkimai, \u012fdubimai ir nelygumai medienoje yra nat\u016bral\u016bs bruo\u017eai.<\/li>\n<li>Detal\u0117s: Med\u017eiaga &#8211;\u00a0 tikmedis \/ bambukas.<\/li>\n<li>Spalva &#8211; geltona \/ ruda.<\/li>\n<li>\n<table style=\"height: 59px;\" width=\"320\">\n<tbody>\n<tr>\n<td width=\"146\">I\u0161matavimai: Auk\u0161tis 25 cm<\/td>\n<\/tr>\n<\/tbody>\n<\/table>\n<\/li>\n<\/ul>\n","protected":false},"excerpt":{"rendered":"<p>Unikali rank\u0173 darbo dekoracija pagaminta Indonezijos meistr\u0173. Tai dekoratyvus nam\u0173 aksesuaras traukiantis ak\u012f sode, balkone ar namuose. Atminkite, kad nat\u016bralus produktas mediena gali keistis d\u0117l dr\u0117gm\u0117s svyravim\u0173 ir temperat\u016bros skirtum\u0173. Medienoje visada gali b\u016bti nedideli \u012ftr\u016bkimai ir nelygumai. Antis turi unikali\u0105 strukt\u016br\u0105, smulk\u016bs \u012ftr\u016bkimai, \u012fdubimai ir nelygumai medienoje yra nat\u016bral\u016bs bruo\u017eai. Detal\u0117s: Med\u017eiaga &#8211;\u00a0 tikmedis &hellip; <br \/><a href=\"https:\/\/duckdeco.lt\/lt\/product\/dekoracija-anciukas-is-balio-su-dviracio-salmu\/\" class=\"more-link\">Continue reading <span class=\"screen-reader-text\">Antinas su \u0161almu<\/span><\/a><\/p>\n","protected":false},"featured_media":11651,"template":"","meta":{"_monsterinsights_skip_tracking":false,"_monsterinsights_sitenote_active":false,"_monsterinsights_sitenote_note":"","_monsterinsights_sitenote_category":0},"product_brand":[],"product_cat":[103,95,122,130],"product_tag":[271,357],"class_list":{"0":"post-11433","1":"product","2":"type-product","3":"status-publish","4":"has-post-thumbnail","6":"product_cat-dovanu-idejos","7":"product_cat-interjerui","8":"product_cat-ispardavimas","9":"product_cat-statuleles-deco","10":"product_tag-interjero-dekoras","11":"product_tag-statulele-antinas","13":"first","14":"instock","15":"sale","16":"taxable","17":"shipping-taxable","18":"purchasable","19":"product-type-simple"},"_links":{"self":[{"href":"https:\/\/duckdeco.lt\/lt\/wp-json\/wp\/v2\/product\/11433","targetHints":{"allow":["GET"]}}],"collection":[{"href":"https:\/\/duckdeco.lt\/lt\/wp-json\/wp\/v2\/product"}],"about":[{"href":"https:\/\/duckdeco.lt\/lt\/wp-json\/wp\/v2\/types\/product"}],"version-history":[{"count":5,"href":"https:\/\/duckdeco.lt\/lt\/wp-json\/wp\/v2\/product\/11433\/revisions"}],"predecessor-version":[{"id":13766,"href":"https:\/\/duckdeco.lt\/lt\/wp-json\/wp\/v2\/product\/11433\/revisions\/13766"}],"wp:featuredmedia":[{"embeddable":true,"href":"https:\/\/duckdeco.lt\/lt\/wp-json\/wp\/v2\/media\/11651"}],"wp:attachment":[{"href":"https:\/\/duckdeco.lt\/lt\/wp-json\/wp\/v2\/media?parent=11433"}],"wp:term":[{"taxonomy":"product_brand","embeddable":true,"href":"https:\/\/duckdeco.lt\/lt\/wp-json\/wp\/v2\/product_brand?post=11433"},{"taxonomy":"product_cat","embeddable":true,"href":"https:\/\/duckdeco.lt\/lt\/wp-json\/wp\/v2\/product_cat?post=11433"},{"taxonomy":"product_tag","embeddable":true,"href":"https:\/\/duckdeco.lt\/lt\/wp-json\/wp\/v2\/product_tag?post=11433"}],"curies":[{"name":"wp","href":"https:\/\/api.w.org\/{rel}","templated":true}]}}