{"id":11440,"date":"2024-03-11T17:56:50","date_gmt":"2024-03-11T17:56:50","guid":{"rendered":"https:\/\/duckdeco.com\/?post_type=product&#038;p=11440"},"modified":"2026-03-07T13:42:42","modified_gmt":"2026-03-07T11:42:42","slug":"dekoracija-antis-su-batais","status":"publish","type":"product","link":"https:\/\/duckdeco.lt\/lt\/product\/dekoracija-antis-su-batais\/","title":{"rendered":"Statul\u0117l\u0117 Antis su batais"},"content":{"rendered":"<ul>\n<li>Unikali rank\u0173 darbo dekoracija pagaminta Indonezijos meistr\u0173. Tai dekoratyvus aksesuaras traukiantis ak\u012f sode, balkone ar namuose.<\/li>\n<li>Atminkite, kad nat\u016bralus produktas mediena gali keistis d\u0117l dr\u0117gm\u0117s svyravim\u0173 ir temperat\u016bros skirtum\u0173. Medienoje visada gali b\u016bti nedideli \u012ftr\u016bkimai ir nelygumai. Antis turi unikali\u0105 strukt\u016br\u0105, smulk\u016bs \u012ftr\u016bkimai, \u012fdubimai ir nelygumai medienoje yra nat\u016bral\u016bs bruo\u017eai.<\/li>\n<li>Detal\u0117s: Med\u017eiaga \u2013\u00a0 tikmedis \/ bambukas.<\/li>\n<li>Spalva &#8211; balta \/ ruda.<\/li>\n<li>\n<table style=\"height: 43px;\" width=\"260\">\n<tbody>\n<tr>\n<td width=\"87\">I\u0161matavimai: Auk\u0161tis 53 cm<\/td>\n<\/tr>\n<\/tbody>\n<\/table>\n<\/li>\n<\/ul>\n","protected":false},"excerpt":{"rendered":"<p>Unikali rank\u0173 darbo dekoracija pagaminta Indonezijos meistr\u0173. Tai dekoratyvus aksesuaras traukiantis ak\u012f sode, balkone ar namuose. Atminkite, kad nat\u016bralus produktas mediena gali keistis d\u0117l dr\u0117gm\u0117s svyravim\u0173 ir temperat\u016bros skirtum\u0173. Medienoje visada gali b\u016bti nedideli \u012ftr\u016bkimai ir nelygumai. Antis turi unikali\u0105 strukt\u016br\u0105, smulk\u016bs \u012ftr\u016bkimai, \u012fdubimai ir nelygumai medienoje yra nat\u016bral\u016bs bruo\u017eai. Detal\u0117s: Med\u017eiaga \u2013\u00a0 tikmedis \/ &hellip; <br \/><a href=\"https:\/\/duckdeco.lt\/lt\/product\/dekoracija-antis-su-batais\/\" class=\"more-link\">Continue reading <span class=\"screen-reader-text\">Statul\u0117l\u0117 Antis su batais<\/span><\/a><\/p>\n","protected":false},"featured_media":11656,"template":"","meta":{"_monsterinsights_skip_tracking":false,"_monsterinsights_sitenote_active":false,"_monsterinsights_sitenote_note":"","_monsterinsights_sitenote_category":0},"product_brand":[],"product_cat":[103,95,122,130],"product_tag":[324,271,345],"class_list":{"0":"post-11440","1":"product","2":"type-product","3":"status-publish","4":"has-post-thumbnail","6":"product_cat-dovanu-idejos","7":"product_cat-interjerui","8":"product_cat-ispardavimas","9":"product_cat-statuleles-deco","10":"product_tag-dovanu-idejos","11":"product_tag-interjero-dekoras","12":"product_tag-statulele-antis","14":"first","15":"instock","16":"sale","17":"taxable","18":"shipping-taxable","19":"purchasable","20":"product-type-simple"},"_links":{"self":[{"href":"https:\/\/duckdeco.lt\/lt\/wp-json\/wp\/v2\/product\/11440","targetHints":{"allow":["GET"]}}],"collection":[{"href":"https:\/\/duckdeco.lt\/lt\/wp-json\/wp\/v2\/product"}],"about":[{"href":"https:\/\/duckdeco.lt\/lt\/wp-json\/wp\/v2\/types\/product"}],"version-history":[{"count":5,"href":"https:\/\/duckdeco.lt\/lt\/wp-json\/wp\/v2\/product\/11440\/revisions"}],"predecessor-version":[{"id":13782,"href":"https:\/\/duckdeco.lt\/lt\/wp-json\/wp\/v2\/product\/11440\/revisions\/13782"}],"wp:featuredmedia":[{"embeddable":true,"href":"https:\/\/duckdeco.lt\/lt\/wp-json\/wp\/v2\/media\/11656"}],"wp:attachment":[{"href":"https:\/\/duckdeco.lt\/lt\/wp-json\/wp\/v2\/media?parent=11440"}],"wp:term":[{"taxonomy":"product_brand","embeddable":true,"href":"https:\/\/duckdeco.lt\/lt\/wp-json\/wp\/v2\/product_brand?post=11440"},{"taxonomy":"product_cat","embeddable":true,"href":"https:\/\/duckdeco.lt\/lt\/wp-json\/wp\/v2\/product_cat?post=11440"},{"taxonomy":"product_tag","embeddable":true,"href":"https:\/\/duckdeco.lt\/lt\/wp-json\/wp\/v2\/product_tag?post=11440"}],"curies":[{"name":"wp","href":"https:\/\/api.w.org\/{rel}","templated":true}]}}