{"id":11447,"date":"2024-03-11T18:02:49","date_gmt":"2024-03-11T18:02:49","guid":{"rendered":"https:\/\/duckdeco.com\/?post_type=product&#038;p=11447"},"modified":"2024-12-04T13:13:10","modified_gmt":"2024-12-04T11:13:10","slug":"antis-slidininke","status":"publish","type":"product","link":"https:\/\/duckdeco.lt\/lt\/product\/antis-slidininke\/","title":{"rendered":"Statul\u0117l\u0117 Antis slidinink\u0117"},"content":{"rendered":"<ul>\n<li>Ant snapo u\u017ed\u0117ti slidininko akiniai, stilingas nat\u016bralaus kailio paltas &#8211; visi\u0161kai nereikia pastang\u0173, matyti j\u0105 lekian\u010di\u0105 nuo kalno madingame Pranc\u016bzijos slidin\u0117jimo kurorte.<\/li>\n<li>Brangios ir nat\u016bralios med\u017eiagos, i\u0161 kuri\u0173 ji pagaminta, meistri\u0161kai sustabdytas judesys, garantuoja, kad kiekvienas j\u0105 laikys garbingiausioje nam\u0173 vietoje.<\/li>\n<li>Atminkite, kad nat\u016bralus produktas mediena gali kisti d\u0117l dr\u0117gm\u0117s svyravim\u0173 ir temperat\u016bros skirtum\u0173. Medienoje visada gali b\u016bti nedideli \u012ftr\u016bkimai ir nelygumai. Smulk\u016bs \u012ftr\u016bkimai, \u012fdubimai ir nelygumai medienoje yra nat\u016bral\u016bs bruo\u017eai, d\u0117l to kiekviena antis yra unikali.<\/li>\n<li>Detal\u0117s: Med\u017eiaga &#8211; tikmedis \/ bambukas.<\/li>\n<li>\n<table style=\"height: 52px;\" width=\"319\">\n<tbody>\n<tr>\n<td width=\"87\">I\u0161matavimai: Plotis 23 cm \/ Auk\u0161tis 29 cm<\/td>\n<\/tr>\n<\/tbody>\n<\/table>\n<\/li>\n<\/ul>\n","protected":false},"excerpt":{"rendered":"<p>Ant snapo u\u017ed\u0117ti slidininko akiniai, stilingas nat\u016bralaus kailio paltas &#8211; visi\u0161kai nereikia pastang\u0173, matyti j\u0105 lekian\u010di\u0105 nuo kalno madingame Pranc\u016bzijos slidin\u0117jimo kurorte. Brangios ir nat\u016bralios med\u017eiagos, i\u0161 kuri\u0173 ji pagaminta, meistri\u0161kai sustabdytas judesys, garantuoja, kad kiekvienas j\u0105 laikys garbingiausioje nam\u0173 vietoje. Atminkite, kad nat\u016bralus produktas mediena gali kisti d\u0117l dr\u0117gm\u0117s svyravim\u0173 ir temperat\u016bros skirtum\u0173. Medienoje &hellip; <br \/><a href=\"https:\/\/duckdeco.lt\/lt\/product\/antis-slidininke\/\" class=\"more-link\">Continue reading <span class=\"screen-reader-text\">Statul\u0117l\u0117 Antis slidinink\u0117<\/span><\/a><\/p>\n","protected":false},"featured_media":11668,"template":"","meta":{"_monsterinsights_skip_tracking":false,"_monsterinsights_sitenote_active":false,"_monsterinsights_sitenote_note":"","_monsterinsights_sitenote_category":0},"product_brand":[],"product_cat":[103,95,130],"product_tag":[324,271,345],"class_list":{"0":"post-11447","1":"product","2":"type-product","3":"status-publish","4":"has-post-thumbnail","6":"product_cat-dovanu-idejos","7":"product_cat-interjerui","8":"product_cat-statuleles-deco","9":"product_tag-dovanu-idejos","10":"product_tag-interjero-dekoras","11":"product_tag-statulele-antis","13":"first","14":"instock","15":"taxable","16":"shipping-taxable","17":"purchasable","18":"product-type-simple"},"_links":{"self":[{"href":"https:\/\/duckdeco.lt\/lt\/wp-json\/wp\/v2\/product\/11447","targetHints":{"allow":["GET"]}}],"collection":[{"href":"https:\/\/duckdeco.lt\/lt\/wp-json\/wp\/v2\/product"}],"about":[{"href":"https:\/\/duckdeco.lt\/lt\/wp-json\/wp\/v2\/types\/product"}],"version-history":[{"count":5,"href":"https:\/\/duckdeco.lt\/lt\/wp-json\/wp\/v2\/product\/11447\/revisions"}],"predecessor-version":[{"id":13780,"href":"https:\/\/duckdeco.lt\/lt\/wp-json\/wp\/v2\/product\/11447\/revisions\/13780"}],"wp:featuredmedia":[{"embeddable":true,"href":"https:\/\/duckdeco.lt\/lt\/wp-json\/wp\/v2\/media\/11668"}],"wp:attachment":[{"href":"https:\/\/duckdeco.lt\/lt\/wp-json\/wp\/v2\/media?parent=11447"}],"wp:term":[{"taxonomy":"product_brand","embeddable":true,"href":"https:\/\/duckdeco.lt\/lt\/wp-json\/wp\/v2\/product_brand?post=11447"},{"taxonomy":"product_cat","embeddable":true,"href":"https:\/\/duckdeco.lt\/lt\/wp-json\/wp\/v2\/product_cat?post=11447"},{"taxonomy":"product_tag","embeddable":true,"href":"https:\/\/duckdeco.lt\/lt\/wp-json\/wp\/v2\/product_tag?post=11447"}],"curies":[{"name":"wp","href":"https:\/\/api.w.org\/{rel}","templated":true}]}}