{"id":11452,"date":"2024-03-11T18:15:52","date_gmt":"2024-03-11T18:15:52","guid":{"rendered":"https:\/\/duckdeco.com\/?post_type=product&#038;p=11452"},"modified":"2024-12-04T11:10:41","modified_gmt":"2024-12-04T09:10:41","slug":"pagalvele-blogi-berniukai","status":"publish","type":"product","link":"https:\/\/duckdeco.lt\/lt\/product\/pagalvele-blogi-berniukai\/","title":{"rendered":"Pagalv\u0117l\u0117 &#8222;Blogi berniukai&#8221;"},"content":{"rendered":"<ul>\n<li>Nesaldu, stilinga, nenuobodu. Tuo pa\u010diu solidu, nat\u016bralu ir \u017eemi\u0161kos spalvos.<\/li>\n<li>Gobeleno pagalv\u0117l\u0117 &#8221; Antinai blogiukai&#8221; su nuimamu pagalv\u0117l\u0117s u\u017epildu.<\/li>\n<li>Dydis: 45&#215;30 cm<br \/>\nMed\u017eiaga: medviln\u0117<br \/>\nPamink\u0161tinimo med\u017eiaga: ugniai atsparus poliesteris<br \/>\nSkalbimo instrukcijos: Taip, 30 laipsni\u0173<br \/>\nNaudoti patalpose<\/li>\n<\/ul>\n","protected":false},"excerpt":{"rendered":"<p>Nesaldu, stilinga, nenuobodu. Tuo pa\u010diu solidu, nat\u016bralu ir \u017eemi\u0161kos spalvos. Gobeleno pagalv\u0117l\u0117 &#8221; Antinai blogiukai&#8221; su nuimamu pagalv\u0117l\u0117s u\u017epildu. Dydis: 45&#215;30 cm Med\u017eiaga: medviln\u0117 Pamink\u0161tinimo med\u017eiaga: ugniai atsparus poliesteris Skalbimo instrukcijos: Taip, 30 laipsni\u0173 Naudoti patalpose<\/p>\n","protected":false},"featured_media":11678,"template":"","meta":{"_monsterinsights_skip_tracking":false,"_monsterinsights_sitenote_active":false,"_monsterinsights_sitenote_note":"","_monsterinsights_sitenote_category":0},"product_brand":[],"product_cat":[103,95,137],"product_tag":[324,323,303],"class_list":{"0":"post-11452","1":"product","2":"type-product","3":"status-publish","4":"has-post-thumbnail","6":"product_cat-dovanu-idejos","7":"product_cat-interjerui","8":"product_cat-pagalveles-deco","9":"product_tag-dovanu-idejos","10":"product_tag-pagalvele-su-anciukais","11":"product_tag-stilingas-namu-aksesuaras","13":"first","14":"instock","15":"taxable","16":"shipping-taxable","17":"purchasable","18":"product-type-simple"},"_links":{"self":[{"href":"https:\/\/duckdeco.lt\/lt\/wp-json\/wp\/v2\/product\/11452","targetHints":{"allow":["GET"]}}],"collection":[{"href":"https:\/\/duckdeco.lt\/lt\/wp-json\/wp\/v2\/product"}],"about":[{"href":"https:\/\/duckdeco.lt\/lt\/wp-json\/wp\/v2\/types\/product"}],"version-history":[{"count":3,"href":"https:\/\/duckdeco.lt\/lt\/wp-json\/wp\/v2\/product\/11452\/revisions"}],"predecessor-version":[{"id":11677,"href":"https:\/\/duckdeco.lt\/lt\/wp-json\/wp\/v2\/product\/11452\/revisions\/11677"}],"wp:featuredmedia":[{"embeddable":true,"href":"https:\/\/duckdeco.lt\/lt\/wp-json\/wp\/v2\/media\/11678"}],"wp:attachment":[{"href":"https:\/\/duckdeco.lt\/lt\/wp-json\/wp\/v2\/media?parent=11452"}],"wp:term":[{"taxonomy":"product_brand","embeddable":true,"href":"https:\/\/duckdeco.lt\/lt\/wp-json\/wp\/v2\/product_brand?post=11452"},{"taxonomy":"product_cat","embeddable":true,"href":"https:\/\/duckdeco.lt\/lt\/wp-json\/wp\/v2\/product_cat?post=11452"},{"taxonomy":"product_tag","embeddable":true,"href":"https:\/\/duckdeco.lt\/lt\/wp-json\/wp\/v2\/product_tag?post=11452"}],"curies":[{"name":"wp","href":"https:\/\/api.w.org\/{rel}","templated":true}]}}