{"id":11556,"date":"2024-03-18T15:22:48","date_gmt":"2024-03-18T15:22:48","guid":{"rendered":"https:\/\/duckdeco.com\/?post_type=product&#038;p=11556"},"modified":"2025-11-11T13:26:12","modified_gmt":"2025-11-11T11:26:12","slug":"pagalvele-dekoratyvine-is-gobeleno-elnias-baronas-bordo-zali","status":"publish","type":"product","link":"https:\/\/duckdeco.lt\/lt\/product\/pagalvele-dekoratyvine-is-gobeleno-elnias-baronas-bordo-zali\/","title":{"rendered":"Pagalv\u0117l\u0117 dekoratyvin\u0117 i\u0161 gobeleno &#8222;Elnias Baronas&#8221; Bordo\/\u017dalia"},"content":{"rendered":"<ul>\n<li>Dekoratyvin\u0117 gobeleno pagalv\u0117l\u0117 ELNIAS BARONAS 45X45CM<\/li>\n<li>Med\u017eiaga: medviln\u0117\/poliesteris<\/li>\n<li>Spalvos: tams\u016bs tonai, bordo, \u017eali ir rudi tonai.<\/li>\n<li>Dydis: 45 x 15 x 45 cm, U\u017epildas: 100% poliesteris.<\/li>\n<li>Galima skalbti 30 laipsni\u0173 temperat\u016broje.<\/li>\n<\/ul>\n","protected":false},"excerpt":{"rendered":"<p>Dekoratyvin\u0117 gobeleno pagalv\u0117l\u0117 ELNIAS BARONAS 45X45CM Med\u017eiaga: medviln\u0117\/poliesteris Spalvos: tams\u016bs tonai, bordo, \u017eali ir rudi tonai. Dydis: 45 x 15 x 45 cm, U\u017epildas: 100% poliesteris. Galima skalbti 30 laipsni\u0173 temperat\u016broje.<\/p>\n","protected":false},"featured_media":11781,"template":"","meta":{"_monsterinsights_skip_tracking":false,"_monsterinsights_sitenote_active":false,"_monsterinsights_sitenote_note":"","_monsterinsights_sitenote_category":0},"product_brand":[],"product_cat":[103,95,137],"product_tag":[324,325,326],"class_list":{"0":"post-11556","1":"product","2":"type-product","3":"status-publish","4":"has-post-thumbnail","6":"product_cat-dovanu-idejos","7":"product_cat-interjerui","8":"product_cat-pagalveles-deco","9":"product_tag-dovanu-idejos","10":"product_tag-elegantiska-interjero-detale","11":"product_tag-pagalvele-su-elnio-atvaizdu","13":"first","14":"instock","15":"taxable","16":"shipping-taxable","17":"purchasable","18":"product-type-simple"},"_links":{"self":[{"href":"https:\/\/duckdeco.lt\/lt\/wp-json\/wp\/v2\/product\/11556","targetHints":{"allow":["GET"]}}],"collection":[{"href":"https:\/\/duckdeco.lt\/lt\/wp-json\/wp\/v2\/product"}],"about":[{"href":"https:\/\/duckdeco.lt\/lt\/wp-json\/wp\/v2\/types\/product"}],"version-history":[{"count":3,"href":"https:\/\/duckdeco.lt\/lt\/wp-json\/wp\/v2\/product\/11556\/revisions"}],"predecessor-version":[{"id":11559,"href":"https:\/\/duckdeco.lt\/lt\/wp-json\/wp\/v2\/product\/11556\/revisions\/11559"}],"wp:featuredmedia":[{"embeddable":true,"href":"https:\/\/duckdeco.lt\/lt\/wp-json\/wp\/v2\/media\/11781"}],"wp:attachment":[{"href":"https:\/\/duckdeco.lt\/lt\/wp-json\/wp\/v2\/media?parent=11556"}],"wp:term":[{"taxonomy":"product_brand","embeddable":true,"href":"https:\/\/duckdeco.lt\/lt\/wp-json\/wp\/v2\/product_brand?post=11556"},{"taxonomy":"product_cat","embeddable":true,"href":"https:\/\/duckdeco.lt\/lt\/wp-json\/wp\/v2\/product_cat?post=11556"},{"taxonomy":"product_tag","embeddable":true,"href":"https:\/\/duckdeco.lt\/lt\/wp-json\/wp\/v2\/product_tag?post=11556"}],"curies":[{"name":"wp","href":"https:\/\/api.w.org\/{rel}","templated":true}]}}