{"id":11688,"date":"2024-04-03T16:44:59","date_gmt":"2024-04-03T16:44:59","guid":{"rendered":"https:\/\/duckdeco.com\/?post_type=product&#038;p=11688"},"modified":"2024-12-04T11:05:47","modified_gmt":"2024-12-04T09:05:47","slug":"pagalvele-gudrus-vyrukai","status":"publish","type":"product","link":"https:\/\/duckdeco.lt\/lt\/product\/pagalvele-gudrus-vyrukai\/","title":{"rendered":"Pagalv\u0117l\u0117 &#8222;Gudr\u016bs vyrukai&#8221;"},"content":{"rendered":"<ul>\n<li>Nesaldu, stilinga, nenuobodu. Tuo pa\u010diu solidu, nat\u016bralu ir \u017eemi\u0161kos spalvos.<\/li>\n<li>Gobeleno pagalv\u0117l\u0117 &#8222;Antinai blogiukai&#8221; su nuimamu pagalv\u0117l\u0117s u\u017epildu.<\/li>\n<li>Dydis: 45&#215;45 cm<br \/>\nMed\u017eiaga: medviln\u0117<br \/>\nPamink\u0161tinimo med\u017eiaga: ugniai atsparus poliesteris<br \/>\nSkalbimo instrukcijos: Taip, 30 laipsni\u0173<br \/>\nNaudoti patalpose<\/li>\n<\/ul>\n<p>&nbsp;<\/p>\n","protected":false},"excerpt":{"rendered":"<p>Nesaldu, stilinga, nenuobodu. Tuo pa\u010diu solidu, nat\u016bralu ir \u017eemi\u0161kos spalvos. Gobeleno pagalv\u0117l\u0117 &#8222;Antinai blogiukai&#8221; su nuimamu pagalv\u0117l\u0117s u\u017epildu. Dydis: 45&#215;45 cm Med\u017eiaga: medviln\u0117 Pamink\u0161tinimo med\u017eiaga: ugniai atsparus poliesteris Skalbimo instrukcijos: Taip, 30 laipsni\u0173 Naudoti patalpose &nbsp;<\/p>\n","protected":false},"featured_media":11689,"template":"","meta":{"_monsterinsights_skip_tracking":false,"_monsterinsights_sitenote_active":false,"_monsterinsights_sitenote_note":"","_monsterinsights_sitenote_category":0},"product_brand":[],"product_cat":[103,95,137],"product_tag":[324,323,303],"class_list":{"0":"post-11688","1":"product","2":"type-product","3":"status-publish","4":"has-post-thumbnail","6":"product_cat-dovanu-idejos","7":"product_cat-interjerui","8":"product_cat-pagalveles-deco","9":"product_tag-dovanu-idejos","10":"product_tag-pagalvele-su-anciukais","11":"product_tag-stilingas-namu-aksesuaras","13":"first","14":"instock","15":"taxable","16":"shipping-taxable","17":"purchasable","18":"product-type-simple"},"_links":{"self":[{"href":"https:\/\/duckdeco.lt\/lt\/wp-json\/wp\/v2\/product\/11688","targetHints":{"allow":["GET"]}}],"collection":[{"href":"https:\/\/duckdeco.lt\/lt\/wp-json\/wp\/v2\/product"}],"about":[{"href":"https:\/\/duckdeco.lt\/lt\/wp-json\/wp\/v2\/types\/product"}],"version-history":[{"count":3,"href":"https:\/\/duckdeco.lt\/lt\/wp-json\/wp\/v2\/product\/11688\/revisions"}],"predecessor-version":[{"id":11702,"href":"https:\/\/duckdeco.lt\/lt\/wp-json\/wp\/v2\/product\/11688\/revisions\/11702"}],"wp:featuredmedia":[{"embeddable":true,"href":"https:\/\/duckdeco.lt\/lt\/wp-json\/wp\/v2\/media\/11689"}],"wp:attachment":[{"href":"https:\/\/duckdeco.lt\/lt\/wp-json\/wp\/v2\/media?parent=11688"}],"wp:term":[{"taxonomy":"product_brand","embeddable":true,"href":"https:\/\/duckdeco.lt\/lt\/wp-json\/wp\/v2\/product_brand?post=11688"},{"taxonomy":"product_cat","embeddable":true,"href":"https:\/\/duckdeco.lt\/lt\/wp-json\/wp\/v2\/product_cat?post=11688"},{"taxonomy":"product_tag","embeddable":true,"href":"https:\/\/duckdeco.lt\/lt\/wp-json\/wp\/v2\/product_tag?post=11688"}],"curies":[{"name":"wp","href":"https:\/\/api.w.org\/{rel}","templated":true}]}}