{"id":11877,"date":"2024-04-09T12:28:53","date_gmt":"2024-04-09T12:28:53","guid":{"rendered":"https:\/\/duckdeco.com\/?post_type=product&#038;p=11877"},"modified":"2025-01-20T15:28:03","modified_gmt":"2025-01-20T13:28:03","slug":"duru-stabdis-dziungles-ir-gibonai","status":"publish","type":"product","link":"https:\/\/duckdeco.lt\/lt\/product\/duru-stabdis-dziungles-ir-gibonai\/","title":{"rendered":"Dur\u0173 stabdis &#8222;D\u017eiungl\u0117s ir Gibonai&#8221;"},"content":{"rendered":"<ul>\n<li>Eleganti\u0161kas dur\u0173 stabdis, ne\u012fkyrus interjero aksesuaras, atliekantis prakti\u0161k\u0105 funkcij\u0105 &#8211; saugantis j\u016bs\u0173 sienas nuo dur\u0173 atsitrenkimo.<\/li>\n<li>Nereikia gr\u0119\u017eti skyli\u0173 \u012f grindis ar sienas, tiesiog pad\u0117kite \u0161\u012f stabd\u012f.<\/li>\n<li>Augalini\u0173 motyv\u0173 spalvos veli\u016bras, poliesteris, svoris 1 kg.<\/li>\n<li>Prekinis \u017eenklas Mars &amp; More<\/li>\n<li>\n<table style=\"height: 80px;\" width=\"520\">\n<tbody>\n<tr>\n<td width=\"91\">\u00a0Auk\u0161tis 18,5 cm, plotis 20 cm, gylis 10 cm<\/td>\n<\/tr>\n<\/tbody>\n<\/table>\n<\/li>\n<\/ul>\n","protected":false},"excerpt":{"rendered":"<p>Eleganti\u0161kas dur\u0173 stabdis, ne\u012fkyrus interjero aksesuaras, atliekantis prakti\u0161k\u0105 funkcij\u0105 &#8211; saugantis j\u016bs\u0173 sienas nuo dur\u0173 atsitrenkimo. Nereikia gr\u0119\u017eti skyli\u0173 \u012f grindis ar sienas, tiesiog pad\u0117kite \u0161\u012f stabd\u012f. Augalini\u0173 motyv\u0173 spalvos veli\u016bras, poliesteris, svoris 1 kg. Prekinis \u017eenklas Mars &amp; More \u00a0Auk\u0161tis 18,5 cm, plotis 20 cm, gylis 10 cm<\/p>\n","protected":false},"featured_media":11879,"template":"","meta":{"_monsterinsights_skip_tracking":false,"_monsterinsights_sitenote_active":false,"_monsterinsights_sitenote_note":"","_monsterinsights_sitenote_category":0},"product_brand":[],"product_cat":[103,138,95],"product_tag":[310,308,303],"class_list":{"0":"post-11877","1":"product","2":"type-product","3":"status-publish","4":"has-post-thumbnail","6":"product_cat-dovanu-idejos","7":"product_cat-duru-atmusejai","8":"product_cat-interjerui","9":"product_tag-duru-atmusejas-aksominis","10":"product_tag-gyvunu-motyvai","11":"product_tag-stilingas-namu-aksesuaras","13":"first","14":"instock","15":"taxable","16":"shipping-taxable","17":"purchasable","18":"product-type-simple"},"_links":{"self":[{"href":"https:\/\/duckdeco.lt\/lt\/wp-json\/wp\/v2\/product\/11877","targetHints":{"allow":["GET"]}}],"collection":[{"href":"https:\/\/duckdeco.lt\/lt\/wp-json\/wp\/v2\/product"}],"about":[{"href":"https:\/\/duckdeco.lt\/lt\/wp-json\/wp\/v2\/types\/product"}],"version-history":[{"count":1,"href":"https:\/\/duckdeco.lt\/lt\/wp-json\/wp\/v2\/product\/11877\/revisions"}],"predecessor-version":[{"id":11880,"href":"https:\/\/duckdeco.lt\/lt\/wp-json\/wp\/v2\/product\/11877\/revisions\/11880"}],"wp:featuredmedia":[{"embeddable":true,"href":"https:\/\/duckdeco.lt\/lt\/wp-json\/wp\/v2\/media\/11879"}],"wp:attachment":[{"href":"https:\/\/duckdeco.lt\/lt\/wp-json\/wp\/v2\/media?parent=11877"}],"wp:term":[{"taxonomy":"product_brand","embeddable":true,"href":"https:\/\/duckdeco.lt\/lt\/wp-json\/wp\/v2\/product_brand?post=11877"},{"taxonomy":"product_cat","embeddable":true,"href":"https:\/\/duckdeco.lt\/lt\/wp-json\/wp\/v2\/product_cat?post=11877"},{"taxonomy":"product_tag","embeddable":true,"href":"https:\/\/duckdeco.lt\/lt\/wp-json\/wp\/v2\/product_tag?post=11877"}],"curies":[{"name":"wp","href":"https:\/\/api.w.org\/{rel}","templated":true}]}}